{"id":16558,"date":"2023-09-25T10:50:25","date_gmt":"2023-09-25T10:50:25","guid":{"rendered":"https:\/\/woolskins.eu\/?post_type=product&#038;p=16558"},"modified":"2026-02-21T13:30:55","modified_gmt":"2026-02-21T13:30:55","slug":"alwero-hand-warmers-mittens-thumbled-light-grey","status":"publish","type":"product","link":"https:\/\/woolskins.eu\/es\/alwero-handwarmers-wanten-thumbled-licht-grijs\/","title":{"rendered":"Manoplas de lana para mujer - Thumbled | Gris claro"},"content":{"rendered":"<p>Para las mam\u00e1s tenemos estas preciosas manoplas de lana. La lana virgen es muy c\u00e1lida, transpirable y muy c\u00f3moda. Gracias a sus pr\u00e1cticas aberturas, en un abrir y cerrar de ojos tendr\u00e1s unas manoplas sin dedos que te facilitar\u00e1n, por ejemplo, subir y bajar al ni\u00f1o del cochecito o darle el biber\u00f3n.<\/p>\n<p>- Lana virgen 100%, etiqueta Woolmark.<br \/>\n- Con c\u00f3moda tapa para querer sin dedos.<br \/>\n- Diferentes colores disponibles.<\/p>\n<p>Medidas en cent\u00edmetros:<\/p>\n<p>Talla S: 10 cm de ancho en la mu\u00f1eca x 24 cm de largo<br \/>\nTalla M: 11 cm de ancho en la mu\u00f1eca x 25 cm de largo<br \/>\nTalla L: 12 cm de ancho en la mu\u00f1eca x 26 cm de largo<\/p>\n<h5>Etiqueta Woolskins<\/h5>\n<p class=\"brz-lh-xs-1_8 brz-fs-xs-17 brz-text-xs-center brz-text-lg-center brz-tp-lg-empty brz-ff-roboto brz-ft-google brz-fs-lg-17 brz-fss-lg-px brz-fw-lg-400 brz-ls-lg-0 brz-lh-lg-1_8 brz-css-vesng\" data-generated-css=\"brz-css-djhzh\" data-uniq-id=\"odjfi\"><span class=\"brz-cp-color8\">Tras a\u00f1os de fruct\u00edfera colaboraci\u00f3n con Alwero, nos enorgullece anunciar que ahora comercializamos nuestros productos con nuestra propia marca Woolskins. <\/span><\/p>\n<p class=\"brz-lh-xs-1_8 brz-fs-xs-17 brz-text-xs-center brz-text-lg-center brz-tp-lg-empty brz-ff-roboto brz-ft-google brz-fs-lg-17 brz-fss-lg-px brz-fw-lg-400 brz-ls-lg-0 brz-lh-lg-1_8 brz-css-vesng\" data-generated-css=\"brz-css-djhzh\" data-uniq-id=\"odjfi\"><span class=\"brz-cp-color8\">De esta forma, sigues obteniendo la mejor calidad combinada con los productos\/dise\u00f1os m\u00e1s bonitos y exclusivos de Woolskins. <\/span><\/p>\n<p class=\"brz-lh-xs-1_8 brz-fs-xs-17 brz-text-xs-center brz-text-lg-center brz-tp-lg-empty brz-ff-roboto brz-ft-google brz-fs-lg-17 brz-fss-lg-px brz-fw-lg-400 brz-ls-lg-0 brz-lh-lg-1_8 brz-css-vesng\" data-generated-css=\"brz-css-djhzh\" data-uniq-id=\"odjfi\"><span class=\"brz-cp-color8\">La calidad de los tejidos y los colores sigue siendo la de siempre, s\u00f3lo que ahora hay una oferta m\u00e1s amplia con la que Woolskins cree que puede diferenciarse. <\/span><\/p>\n<p class=\"brz-lh-xs-1_8 brz-fs-xs-17 brz-text-xs-center brz-text-lg-center brz-tp-lg-empty brz-ff-roboto brz-ft-google brz-fs-lg-17 brz-fss-lg-px brz-fw-lg-400 brz-ls-lg-0 brz-lh-lg-1_8 brz-css-gyngf\" data-generated-css=\"brz-css-djhzh\" data-uniq-id=\"odjfi\"><span class=\"brz-cp-color8\">Nuestra amplia colecci\u00f3n est\u00e1 dise\u00f1ada para ser un gran complemento del atuendo de cualquier beb\u00e9, confeccionada con lana europea 100% que transpira y es adecuada para todas las estaciones. <\/span><\/p>\n<p class=\"brz-lh-xs-1_8 brz-fs-xs-17 brz-text-xs-center brz-text-lg-center brz-tp-lg-empty brz-ff-roboto brz-ft-google brz-fs-lg-17 brz-fss-lg-px brz-fw-lg-400 brz-ls-lg-0 brz-lh-lg-1_8 brz-css-gyngf\" data-generated-css=\"brz-css-djhzh\" data-uniq-id=\"odjfi\"><span class=\"brz-cp-color8\">Unimos nuestras fuerzas con entusiasmo para conseguir un producto sostenible, natural y lo m\u00e1s c\u00f3modo posible para tu beb\u00e9.<\/span><\/p>","protected":false},"excerpt":{"rendered":"<p>Para las mam\u00e1s tenemos estas preciosas manoplas de lana. La lana virgen es muy c\u00e1lida, transpirable y muy c\u00f3moda. Gracias a sus pr\u00e1cticas aberturas, en un abrir y cerrar de ojos tendr\u00e1s unas manoplas sin dedos que te facilitar\u00e1n, por ejemplo, subir y bajar al ni\u00f1o del cochecito o darle el biber\u00f3n.<\/p>\n<p><strong>Marca: Woolskins<\/strong><br \/>\n<strong>Producci\u00f3n: Polonia<\/strong><\/p>","protected":false},"featured_media":17591,"comment_status":"open","ping_status":"closed","template":"","meta":{"_acf_changed":false},"product_brand":[],"product_cat":[360,351,362,350,31,194],"product_tag":[],"class_list":{"0":"post-16558","1":"product","2":"type-product","3":"status-publish","4":"has-post-thumbnail","6":"product_cat-cadeautips","7":"product_cat-accessoiresvoormama","8":"product_cat-cadeaus-tot-e-25","9":"product_cat-fashion","10":"product_cat-yogamat-wol","11":"product_cat-wollen-babyproducten","12":"pa_maat-l","13":"pa_maat-m","14":"pa_maat-s","16":"first","17":"instock","18":"taxable","19":"shipping-taxable","20":"purchasable","21":"product-type-variable"},"acf":[],"_links":{"self":[{"href":"https:\/\/woolskins.eu\/es\/wp-json\/wp\/v2\/product\/16558","targetHints":{"allow":["GET"]}}],"collection":[{"href":"https:\/\/woolskins.eu\/es\/wp-json\/wp\/v2\/product"}],"about":[{"href":"https:\/\/woolskins.eu\/es\/wp-json\/wp\/v2\/types\/product"}],"replies":[{"embeddable":true,"href":"https:\/\/woolskins.eu\/es\/wp-json\/wp\/v2\/comments?post=16558"}],"wp:featuredmedia":[{"embeddable":true,"href":"https:\/\/woolskins.eu\/es\/wp-json\/wp\/v2\/media\/17591"}],"wp:attachment":[{"href":"https:\/\/woolskins.eu\/es\/wp-json\/wp\/v2\/media?parent=16558"}],"wp:term":[{"taxonomy":"product_brand","embeddable":true,"href":"https:\/\/woolskins.eu\/es\/wp-json\/wp\/v2\/product_brand?post=16558"},{"taxonomy":"product_cat","embeddable":true,"href":"https:\/\/woolskins.eu\/es\/wp-json\/wp\/v2\/product_cat?post=16558"},{"taxonomy":"product_tag","embeddable":true,"href":"https:\/\/woolskins.eu\/es\/wp-json\/wp\/v2\/product_tag?post=16558"}],"curies":[{"name":"wp","href":"https:\/\/api.w.org\/{rel}","templated":true}]}}