{"id":14398,"date":"2023-02-22T09:24:44","date_gmt":"2023-02-22T09:24:44","guid":{"rendered":"https:\/\/woolskins.eu\/?post_type=product&#038;p=14398"},"modified":"2025-07-15T07:35:51","modified_gmt":"2025-07-15T07:35:51","slug":"bata-de-maternidad-recien-nacido-natural","status":"publish","type":"product","link":"https:\/\/woolskins.eu\/es\/zwangerschapsjas-ochtendjas-newborn-natural\/","title":{"rendered":"Abrigo de maternidad - Morning coat Woolblend Newborn | Natural"},"content":{"rendered":"<p>Esta encantadora bata de maternidad de lana es ideal para cuando est\u00e1s embarazada o a punto de dar a luz. Tanto si da a luz en casa como en el hospital, esta c\u00f3moda bata de maternidad le dar\u00e1 un aspecto estupendo cuando lleguen las visitas. El ribete ancho le da un aspecto lujoso. Este albornoz premam\u00e1 es agradable de llevar despu\u00e9s de la ducha o cuando quieras pasar el d\u00eda en el sof\u00e1. La lana transpira y es extremadamente suave y c\u00f3moda.<\/p>\n<p>- Disponible exclusivamente en Woolskins, producido por Alwero<br \/>\n- Woolblend 56% pura lana virgen cruda (etiqueta Woolmark) 44% fibra sint\u00e9tica.<br \/>\n- Para casa y para llevar.<br \/>\n- Producci\u00f3n europea.<br \/>\n- Lavable en ciclo de lavado de lana a 30\u00b0C.<\/p>\n<h5>Pieles de lana de marca blanca fabricadas por Alwero<\/h5>\n<p>Tras a\u00f1os de fruct\u00edfera colaboraci\u00f3n con Alwero, nos enorgullece anunciar que estamos autorizados a comercializar Alwero bajo nuestra propia marca Woolskins.<\/p>\n<p>De este modo, seguir\u00e1s obteniendo la mejor calidad de Alwero combinada con los productos\/dise\u00f1os m\u00e1s bonitos y exclusivos de Woolskins.<\/p>\n<p>\u00bfY qu\u00e9 cambia? No mucho. La calidad, los tejidos y los colores siguen siendo los mismos, s\u00f3lo que hay una mayor variedad de productos \u00fanicos con los que Woolskins cree que puede distinguirse y que son un buen complemento para el equipamiento del beb\u00e9.<\/p>\n<p>Nuestros productos se reconocen por la etiqueta Woolskins y la etiqueta de lavado indica que ha sido fabricado por Alwero.<\/p>\n<p>Unimos nuestras fuerzas con entusiasmo para conseguir un producto sostenible, natural y lo m\u00e1s c\u00f3modo posible para tu beb\u00e9.<\/p>\n<h5>Alwero<\/h5>\n<p>La empresa familiar Alwero naci\u00f3 a finales de los a\u00f1os 90 de la necesidad de crear algo. En plena naturaleza, donde las ovejas pastan en las monta\u00f1as, Alwerode encuentra la materia prima \u00fanica de la que se trata: la lana cruda.<\/p>\n<p>Combinando tradiciones ancestrales e innovaci\u00f3n t\u00e9cnica, Alwero crea un mundo de confort. El conocimiento, la artesan\u00eda y el amor por la lana han hecho que los productos Alwero sean apreciados en todo el mundo.<\/p>","protected":false},"excerpt":{"rendered":"<p>Esta encantadora bata de maternidad de lana es ideal para cuando est\u00e1s embarazada o a punto de dar a luz. Tanto si da a luz en casa como en el hospital, esta c\u00f3moda bata de maternidad le dar\u00e1 un aspecto estupendo cuando lleguen las visitas. El ribete ancho le da un aspecto lujoso. Este albornoz premam\u00e1 es agradable de llevar despu\u00e9s de la ducha o cuando quieras pasar el d\u00eda en el sof\u00e1. La lana transpira y es extremadamente suave y c\u00f3moda.<\/p>\n<p><strong>Marca: Woolskins<\/strong><br \/>\n<strong>Productor: Woolskins Private Lable es una producci\u00f3n de Alwero<\/strong><\/p>","protected":false},"featured_media":14400,"comment_status":"open","ping_status":"closed","template":"","meta":{"_acf_changed":false},"product_brand":[],"product_cat":[360,349,364,350,31,194],"product_tag":[],"class_list":{"0":"post-14398","1":"product","2":"type-product","3":"status-publish","4":"has-post-thumbnail","6":"product_cat-cadeautips","7":"product_cat-borstvoedingenvoedingskussens","8":"product_cat-cadeaus-vanaf-e50","9":"product_cat-fashion","10":"product_cat-yogamat-wol","11":"product_cat-wollen-babyproducten","12":"pa_maat-s-m","13":"pa_maat-xxs-xs","15":"first","16":"instock","17":"taxable","18":"shipping-taxable","19":"purchasable","20":"product-type-variable"},"acf":[],"_links":{"self":[{"href":"https:\/\/woolskins.eu\/es\/wp-json\/wp\/v2\/product\/14398","targetHints":{"allow":["GET"]}}],"collection":[{"href":"https:\/\/woolskins.eu\/es\/wp-json\/wp\/v2\/product"}],"about":[{"href":"https:\/\/woolskins.eu\/es\/wp-json\/wp\/v2\/types\/product"}],"replies":[{"embeddable":true,"href":"https:\/\/woolskins.eu\/es\/wp-json\/wp\/v2\/comments?post=14398"}],"wp:featuredmedia":[{"embeddable":true,"href":"https:\/\/woolskins.eu\/es\/wp-json\/wp\/v2\/media\/14400"}],"wp:attachment":[{"href":"https:\/\/woolskins.eu\/es\/wp-json\/wp\/v2\/media?parent=14398"}],"wp:term":[{"taxonomy":"product_brand","embeddable":true,"href":"https:\/\/woolskins.eu\/es\/wp-json\/wp\/v2\/product_brand?post=14398"},{"taxonomy":"product_cat","embeddable":true,"href":"https:\/\/woolskins.eu\/es\/wp-json\/wp\/v2\/product_cat?post=14398"},{"taxonomy":"product_tag","embeddable":true,"href":"https:\/\/woolskins.eu\/es\/wp-json\/wp\/v2\/product_tag?post=14398"}],"curies":[{"name":"wp","href":"https:\/\/api.w.org\/{rel}","templated":true}]}}