{"id":14150,"date":"2023-01-25T10:53:36","date_gmt":"2023-01-25T10:53:36","guid":{"rendered":"https:\/\/woolskins.eu\/?post_type=product&#038;p=14150"},"modified":"2023-11-25T12:31:09","modified_gmt":"2023-11-25T12:31:09","slug":"chaleco-alwero-2","status":"publish","type":"product","link":"https:\/\/woolskins.eu\/es\/alwero-vest\/","title":{"rendered":"Chaleco Alwero"},"content":{"rendered":"<p>Este c\u00e1rdigan Alwero est\u00e1 confeccionado en lana. Tiene una ca\u00edda suave y, una vez puesto, sentir\u00e1s la comodidad que ofrece la lana. Mantente abrigado con este c\u00e1rdigan de lana de Alwero durante los d\u00edas m\u00e1s fr\u00edos.<\/p>\n<p>- 100% Lana boucle<br \/>\n- Este chaleco ofrece calor adicional para los d\u00edas m\u00e1s fr\u00edos.<br \/>\n- La lana a\u00edsla bien y transpira.<\/p>\n<p>Este producto cuenta con el sello de calidad Woolmark.<\/p>\n<h5>Alwero<\/h5>\n<p>La empresa familiar Alwero naci\u00f3 a finales de los a\u00f1os 90 de la necesidad de crear algo. En plena naturaleza, donde las ovejas pastan en las monta\u00f1as, Alwerode encuentra la materia prima \u00fanica de la que se trata: la lana cruda.<\/p>\n<p>Combinando tradiciones ancestrales e innovaci\u00f3n t\u00e9cnica, Alwero crea un mundo de confort. El conocimiento, la artesan\u00eda y el amor por la lana han hecho que los productos Alwero sean apreciados en todo el mundo.<\/p>","protected":false},"excerpt":{"rendered":"<p>Este c\u00e1rdigan Alwero est\u00e1 confeccionado en lana. Tiene una ca\u00edda suave y, una vez puesto, sentir\u00e1s la comodidad que ofrece la lana. Mantente abrigado con este c\u00e1rdigan de lana de Alwero durante los d\u00edas m\u00e1s fr\u00edos.<\/p>","protected":false},"featured_media":14155,"comment_status":"open","ping_status":"closed","template":"","meta":{"_acf_changed":false},"product_brand":[],"product_cat":[31,350,459],"product_tag":[],"class_list":{"0":"post-14150","1":"product","2":"type-product","3":"status-publish","4":"has-post-thumbnail","6":"product_cat-yogamat-wol","7":"product_cat-fashion","8":"product_cat-sale","9":"pa_maat-l-xl","10":"pa_maat-s-m","12":"first","13":"outofstock","14":"sale","15":"taxable","16":"shipping-taxable","17":"purchasable","18":"product-type-variable"},"acf":[],"_links":{"self":[{"href":"https:\/\/woolskins.eu\/es\/wp-json\/wp\/v2\/product\/14150","targetHints":{"allow":["GET"]}}],"collection":[{"href":"https:\/\/woolskins.eu\/es\/wp-json\/wp\/v2\/product"}],"about":[{"href":"https:\/\/woolskins.eu\/es\/wp-json\/wp\/v2\/types\/product"}],"replies":[{"embeddable":true,"href":"https:\/\/woolskins.eu\/es\/wp-json\/wp\/v2\/comments?post=14150"}],"wp:featuredmedia":[{"embeddable":true,"href":"https:\/\/woolskins.eu\/es\/wp-json\/wp\/v2\/media\/14155"}],"wp:attachment":[{"href":"https:\/\/woolskins.eu\/es\/wp-json\/wp\/v2\/media?parent=14150"}],"wp:term":[{"taxonomy":"product_brand","embeddable":true,"href":"https:\/\/woolskins.eu\/es\/wp-json\/wp\/v2\/product_brand?post=14150"},{"taxonomy":"product_cat","embeddable":true,"href":"https:\/\/woolskins.eu\/es\/wp-json\/wp\/v2\/product_cat?post=14150"},{"taxonomy":"product_tag","embeddable":true,"href":"https:\/\/woolskins.eu\/es\/wp-json\/wp\/v2\/product_tag?post=14150"}],"curies":[{"name":"wp","href":"https:\/\/api.w.org\/{rel}","templated":true}]}}