{"id":14069,"date":"2023-01-18T09:57:57","date_gmt":"2023-01-18T09:57:57","guid":{"rendered":"https:\/\/woolskins.eu\/?post_type=product&#038;p=14069"},"modified":"2026-03-03T13:23:20","modified_gmt":"2026-03-03T13:23:20","slug":"cojin-de-lactancia-alwero-lammy-s-crudo","status":"publish","type":"product","link":"https:\/\/woolskins.eu\/es\/alwero-voedingskussen-lammy-s-ecru\/","title":{"rendered":"Almohada de lactancia de lana Thumbled-S | Crudo"},"content":{"rendered":"<p>Como tanto la almohada como el relleno son de lana, la almohada respira, no hace ruido, es ligera y adopta la temperatura corporal al instante.<\/p>\n<p>- La funda es de lana virgen 100% \u2018Thumbled\u2019 y lleva el sello Woolmark.<br \/>\n- Relleno de ovillos de lana (lana ecol\u00f3gica 100%).<br \/>\n- Coj\u00edn interior (algod\u00f3n ecol\u00f3gico) con cremallera.<br \/>\n- Relleno natural silencioso<br \/>\n- Peso ligero (900 gramos).<br \/>\n- Almohada de lactancia y ayuda a tu beb\u00e9 a sentarse y a \u2018Tummy time\u2019.<br \/>\n- Tama\u00f1o 55 x 50 cm (circunferencia central 60 cm).<br \/>\n- Funda y coj\u00edn interior lavables en ciclo de lavado de lana a 30\u00b0C.<\/p>\n<h5>Etiqueta Woolskins<\/h5>\n<p>Tras a\u00f1os de fruct\u00edfera colaboraci\u00f3n con Alwero, nos enorgullece anunciar que ahora comercializamos nuestros productos con nuestra propia marca Woolskins.<\/p>\n<p>De este modo, sigue obteniendo la mejor calidad, pero combinada con los productos y dise\u00f1os m\u00e1s bonitos y exclusivos.<\/p>\n<p>La calidad de los tejidos y los colores sigue siendo la de siempre, s\u00f3lo que ahora hay una mayor variedad con la que Woolskins cree que puede distinguirse.<\/p>\n<p>Nuestra amplia colecci\u00f3n es tan parecida que son un gran complemento para cualquier conjunto de beb\u00e9, fabricados con lana europea 100% que transpira y es adecuada para todas las estaciones.<\/p>\n<p>Unimos nuestras fuerzas con entusiasmo para conseguir un producto sostenible, natural y lo m\u00e1s c\u00f3modo posible para tu beb\u00e9.<\/p>","protected":false},"excerpt":{"rendered":"<p>Este coj\u00edn de lana es extremadamente c\u00f3modo y relajante para tu beb\u00e9 mientras come, ya que es silencioso y se adapta instant\u00e1neamente a su temperatura corporal. Tambi\u00e9n ayuda a tu beb\u00e9 a sentarse o a usarla durante la \u2018hora del vientre\u2019.<\/p>\n<p>Como la almohada y el relleno son de lana, la almohada respira y es hipoalerg\u00e9nica. Las fibras de lana tienen la capacidad de actuar como un termostato natural que regula la temperatura corporal? Esto garantiza una temperatura estable y os mantiene a ti y a tu beb\u00e9 secos y c\u00f3modos.<\/p>\n<p>El exclusivo relleno de bolas de lana ecol\u00f3gica es un buen apoyo para su cuerpo y el de su hijo, y como el relleno no hace ning\u00fan ruido (a diferencia, por ejemplo, del relleno de pozos), puede dar de comer a su hijo sin molestarle y as\u00ed disfrutar el uno del otro sin parar. La lana se limpia y lava con detergentes biodegradables y, gracias a la lanolina presente de forma natural, la lana est\u00e1 libre de polvo y es, por tanto, antial\u00e9rgica.<\/p>\n<p><strong>Marca: Woolskins<\/strong><br \/>\n<strong>Producci\u00f3n: Polonia<\/strong><\/p>","protected":false},"featured_media":14073,"comment_status":"open","ping_status":"closed","template":"","meta":{"_acf_changed":false},"product_brand":[],"product_cat":[360,349,364,210],"product_tag":[],"class_list":{"0":"post-14069","1":"product","2":"type-product","3":"status-publish","4":"has-post-thumbnail","6":"product_cat-cadeautips","7":"product_cat-borstvoedingenvoedingskussens","8":"product_cat-cadeaus-vanaf-e50","9":"product_cat-wollen-voedingskussen","11":"first","12":"outofstock","13":"taxable","14":"shipping-taxable","15":"purchasable","16":"product-type-variable","17":"has-default-attributes"},"acf":[],"_links":{"self":[{"href":"https:\/\/woolskins.eu\/es\/wp-json\/wp\/v2\/product\/14069","targetHints":{"allow":["GET"]}}],"collection":[{"href":"https:\/\/woolskins.eu\/es\/wp-json\/wp\/v2\/product"}],"about":[{"href":"https:\/\/woolskins.eu\/es\/wp-json\/wp\/v2\/types\/product"}],"replies":[{"embeddable":true,"href":"https:\/\/woolskins.eu\/es\/wp-json\/wp\/v2\/comments?post=14069"}],"wp:featuredmedia":[{"embeddable":true,"href":"https:\/\/woolskins.eu\/es\/wp-json\/wp\/v2\/media\/14073"}],"wp:attachment":[{"href":"https:\/\/woolskins.eu\/es\/wp-json\/wp\/v2\/media?parent=14069"}],"wp:term":[{"taxonomy":"product_brand","embeddable":true,"href":"https:\/\/woolskins.eu\/es\/wp-json\/wp\/v2\/product_brand?post=14069"},{"taxonomy":"product_cat","embeddable":true,"href":"https:\/\/woolskins.eu\/es\/wp-json\/wp\/v2\/product_cat?post=14069"},{"taxonomy":"product_tag","embeddable":true,"href":"https:\/\/woolskins.eu\/es\/wp-json\/wp\/v2\/product_tag?post=14069"}],"curies":[{"name":"wp","href":"https:\/\/api.w.org\/{rel}","templated":true}]}}