{"id":14019,"date":"2023-01-17T09:13:53","date_gmt":"2023-01-17T09:13:53","guid":{"rendered":"https:\/\/woolskins.eu\/?post_type=product&#038;p=14019"},"modified":"2026-02-18T13:41:08","modified_gmt":"2026-02-18T13:41:08","slug":"alwero-manta-recien-nacido-natural","status":"publish","type":"product","link":"https:\/\/woolskins.eu\/es\/alwero-wikkeldeken-newborn-natural\/","title":{"rendered":"Manta envolvente de lana \/ Manta con capucha Reci\u00e9n nacido | Natural"},"content":{"rendered":"<p>Tu beb\u00e9 dormir\u00e1 y so\u00f1ar\u00e1 en esta c\u00f3moda manta de lana de nuestra colecci\u00f3n \u2018Reci\u00e9n nacido\u2019. Suave y vaporosa, esta manta envolvente\/capuch\u00f3n es ideal para el tiempo m\u00e1s c\u00e1lido. Tienen un aspecto precioso y lujoso y son extremadamente c\u00f3modas. El interior de la manta es totalmente de lana. Tambi\u00e9n es ideal para envolver o dar de comer c\u00f3modamente a su beb\u00e9. Puede llev\u00e1rsela f\u00e1cilmente de viaje para mantener a su hijo a la temperatura adecuada.<\/p>\n<p>- Disponible exclusivamente en Woolskins.<br \/>\n- De dos caras, una de las cuales (la interior) es de lana entera.<br \/>\n- Woolblend 56% pura lana virgen cruda (etiqueta Woolmark) 44% fibra sint\u00e9tica.<br \/>\n- Para casa y para llevar.<br \/>\n- Tama\u00f1o: 80 x 80 cm.<br \/>\n- Producci\u00f3n europea.<br \/>\n- Lavable en ciclo de lavado de lana a 30\u00b0C.<\/p>\n<p>Las fibras de lana respiran y tienen la capacidad de actuar como un termostato natural que regula la temperatura corporal? Esto ayuda al beb\u00e9 a mantener una temperatura estable y lo mantiene seco y c\u00f3modo. Lo hace de forma \u2018din\u00e1mica\u2019, es decir, cuando es necesario y no cuando no lo es. Caliente en invierno y fresco en verano.<\/p>\n<p>Este producto lleva las etiquetas Safe for Children y Woolmark, entre otras.<\/p>\n<h5>Etiqueta Woolskins<\/h5>\n<p>Tras a\u00f1os de fruct\u00edfera colaboraci\u00f3n con Alwero, nos enorgullece anunciar que ahora comercializamos nuestros productos con nuestra propia marca Woolskins.<\/p>\n<p>De este modo, sigue obteniendo la mejor calidad, pero combinada con los productos y dise\u00f1os m\u00e1s bonitos y exclusivos.<\/p>\n<p>La calidad de los tejidos y los colores sigue siendo la de siempre, s\u00f3lo que ahora hay una mayor variedad con la que Woolskins cree que puede distinguirse.<\/p>\n<p>Nuestra amplia colecci\u00f3n es tan parecida que son un gran complemento para cualquier conjunto de beb\u00e9, fabricados con lana europea 100% que transpira y es adecuada para todas las estaciones.<\/p>\n<p>Unimos nuestras fuerzas con entusiasmo para conseguir un producto sostenible, natural y lo m\u00e1s c\u00f3modo posible para tu beb\u00e9.<\/p>","protected":false},"excerpt":{"rendered":"<p>Su hijo dormir\u00e1 bien y so\u00f1ar\u00e1 bajo esta c\u00f3moda manta de lana para la cuna. La manta de cuna de lana es flexible y muy suave y est\u00e1 rematada con un ribete. Tienen un aspecto precioso y lujoso y forman parte del ajuar de cualquier beb\u00e9. Las mantas de lana respiran y adoptan inmediatamente la temperatura de su hijo. Tienen el tama\u00f1o y el peso ideales para dormir bajo ellas o jugar. \u00dasala en casa o de viaje para abrigar bien a tu hijo. La manta es adecuada para cualquier estaci\u00f3n y un regalo perfecto para un baby shower o una visita de maternidad.<\/p>\n<p><strong>Marca: Woolskins<\/strong><br \/>\n<strong>Producci\u00f3n: Polonia<\/strong><\/p>","protected":false},"featured_media":17487,"comment_status":"open","ping_status":"closed","template":"","meta":{"_acf_changed":false},"product_brand":[],"product_cat":[360,363,196,321,194],"product_tag":[],"class_list":{"0":"post-14019","1":"product","2":"type-product","3":"status-publish","4":"has-post-thumbnail","6":"product_cat-cadeautips","7":"product_cat-cadeaus-e25-e50","8":"product_cat-slaapkleding-baby","9":"product_cat-wikkeldekens","10":"product_cat-wollen-babyproducten","12":"first","13":"instock","14":"taxable","15":"shipping-taxable","16":"purchasable","17":"product-type-simple"},"acf":[],"_links":{"self":[{"href":"https:\/\/woolskins.eu\/es\/wp-json\/wp\/v2\/product\/14019","targetHints":{"allow":["GET"]}}],"collection":[{"href":"https:\/\/woolskins.eu\/es\/wp-json\/wp\/v2\/product"}],"about":[{"href":"https:\/\/woolskins.eu\/es\/wp-json\/wp\/v2\/types\/product"}],"replies":[{"embeddable":true,"href":"https:\/\/woolskins.eu\/es\/wp-json\/wp\/v2\/comments?post=14019"}],"wp:featuredmedia":[{"embeddable":true,"href":"https:\/\/woolskins.eu\/es\/wp-json\/wp\/v2\/media\/17487"}],"wp:attachment":[{"href":"https:\/\/woolskins.eu\/es\/wp-json\/wp\/v2\/media?parent=14019"}],"wp:term":[{"taxonomy":"product_brand","embeddable":true,"href":"https:\/\/woolskins.eu\/es\/wp-json\/wp\/v2\/product_brand?post=14019"},{"taxonomy":"product_cat","embeddable":true,"href":"https:\/\/woolskins.eu\/es\/wp-json\/wp\/v2\/product_cat?post=14019"},{"taxonomy":"product_tag","embeddable":true,"href":"https:\/\/woolskins.eu\/es\/wp-json\/wp\/v2\/product_tag?post=14019"}],"curies":[{"name":"wp","href":"https:\/\/api.w.org\/{rel}","templated":true}]}}