{"id":13414,"date":"2022-12-06T15:56:51","date_gmt":"2022-12-06T15:56:51","guid":{"rendered":"https:\/\/woolskins.eu\/?post_type=product&#038;p=13414"},"modified":"2025-11-21T09:49:46","modified_gmt":"2025-11-21T09:49:46","slug":"chaqueta-bebe-bomber-essential-beige","status":"publish","type":"product","link":"https:\/\/woolskins.eu\/es\/baby-jasje-bomber-essential-beige\/","title":{"rendered":"Chaqueta de lana para beb\u00e9 Bomber Felted | Gris claro"},"content":{"rendered":"<p>Este producto lleva las etiquetas Safe for Children y Woolmark, entre otras. Este c\u00e1rdigan suele llevarse como prenda de abrigo, tenlo en cuenta a la hora de elegir la talla adecuada.<\/p>\n<p>- Lana virgen 100%, etiqueta Woolmark.<br \/>\n- Muy c\u00e1lido para estar en casa o de viaje.<br \/>\n- Diferentes colores disponibles.<br \/>\n- C\u00f3modos broches de presi\u00f3n, se cierra f\u00e1cilmente.<br \/>\n- Los pu\u00f1os se ajustan perfectamente al corpi\u00f1o, protegi\u00e9ndolo del fr\u00edo.<\/p>\n<h5>Etiqueta Woolskins<\/h5>\n<p>Tras a\u00f1os de fruct\u00edfera colaboraci\u00f3n con Alwero, nos enorgullece anunciar que ahora comercializamos nuestros productos con nuestra propia marca Woolskins.<\/p>\n<p>De este modo, sigue obteniendo la mejor calidad, pero combinada con los productos y dise\u00f1os m\u00e1s bonitos y exclusivos.<\/p>\n<p>La calidad de los tejidos y los colores sigue siendo la de siempre, s\u00f3lo que ahora hay una mayor variedad con la que Woolskins cree que puede distinguirse.<\/p>\n<p>Nuestra amplia colecci\u00f3n es tan parecida que son un gran complemento para cualquier conjunto de beb\u00e9, fabricados con lana europea 100% que transpira y es adecuada para todas las estaciones.<\/p>\n<p>Unimos nuestras fuerzas con entusiasmo para conseguir un producto sostenible, natural y lo m\u00e1s c\u00f3modo posible para tu beb\u00e9.<\/p>","protected":false},"excerpt":{"rendered":"<p>Esta chaqueta es un verdadero \u2018Must Have\u2019 para cualquier conjunto de beb\u00e9. Es muy c\u00f3moda y est\u00e1 confeccionada con lana 100%. Con ella, tu beb\u00e9 estar\u00e1 listo para salir a la calle. Las mangas, bien ajustadas, impiden que entre el viento.  La chaqueta tiene botones autom\u00e1ticos y un bordado en la espalda con las letras \u2018A True Lovestory Never Ends\u2019. Si prefiere no llevar texto en la espalda, p\u00eddala sin \u00e9l. Fabricada con lana afieltrada 100%, es maravillosamente c\u00e1lida. Esta chaqueta es adecuada para primavera, invierno y oto\u00f1o.<\/p>\n<p><strong>Marca: Woolskins<\/strong><br \/>\n<strong>Producci\u00f3n: Polonia<\/strong><\/p>","protected":false},"featured_media":13431,"comment_status":"open","ping_status":"closed","template":"","meta":{"_acf_changed":false},"product_brand":[],"product_cat":[360,364,200,196,337,344,194],"product_tag":[],"class_list":{"0":"post-13414","1":"product","2":"type-product","3":"status-publish","4":"has-post-thumbnail","6":"product_cat-cadeautips","7":"product_cat-cadeaus-vanaf-e50","8":"product_cat-wollen-babykleding","9":"product_cat-slaapkleding-baby","10":"product_cat-vestjes","11":"product_cat-kleertjes","12":"product_cat-wollen-babyproducten","13":"pa_maat-3-6-maanden","14":"pa_maat-6-12-maanden","16":"first","17":"instock","18":"taxable","19":"shipping-taxable","20":"purchasable","21":"product-type-variable","22":"has-default-attributes"},"acf":[],"_links":{"self":[{"href":"https:\/\/woolskins.eu\/es\/wp-json\/wp\/v2\/product\/13414","targetHints":{"allow":["GET"]}}],"collection":[{"href":"https:\/\/woolskins.eu\/es\/wp-json\/wp\/v2\/product"}],"about":[{"href":"https:\/\/woolskins.eu\/es\/wp-json\/wp\/v2\/types\/product"}],"replies":[{"embeddable":true,"href":"https:\/\/woolskins.eu\/es\/wp-json\/wp\/v2\/comments?post=13414"}],"wp:featuredmedia":[{"embeddable":true,"href":"https:\/\/woolskins.eu\/es\/wp-json\/wp\/v2\/media\/13431"}],"wp:attachment":[{"href":"https:\/\/woolskins.eu\/es\/wp-json\/wp\/v2\/media?parent=13414"}],"wp:term":[{"taxonomy":"product_brand","embeddable":true,"href":"https:\/\/woolskins.eu\/es\/wp-json\/wp\/v2\/product_brand?post=13414"},{"taxonomy":"product_cat","embeddable":true,"href":"https:\/\/woolskins.eu\/es\/wp-json\/wp\/v2\/product_cat?post=13414"},{"taxonomy":"product_tag","embeddable":true,"href":"https:\/\/woolskins.eu\/es\/wp-json\/wp\/v2\/product_tag?post=13414"}],"curies":[{"name":"wp","href":"https:\/\/api.w.org\/{rel}","templated":true}]}}