{"id":12005,"date":"2022-09-15T12:00:16","date_gmt":"2022-09-15T12:00:16","guid":{"rendered":"https:\/\/woolskins.eu\/?post_type=product&#038;p=12005"},"modified":"2026-03-08T13:17:42","modified_gmt":"2026-03-08T13:17:42","slug":"alwero-cambiador-beige","status":"publish","type":"product","link":"https:\/\/woolskins.eu\/es\/alwero-verschoningsmat-beige\/","title":{"rendered":"Cambiador de beb\u00e9 de lana - Fieltro | Beige"},"content":{"rendered":"<p>Cambiador Woolskins, Bien pensado y muy pr\u00e1ctico en casa o fuera de ella cuando necesites cambiar a tu beb\u00e9. Nuestro cambiador est\u00e1 hecho de lana 100% y tiene una franela impermeable para esos peque\u00f1os accidentes. Esto le ahorra tener que lavar todo el cambiador. El cambiador es f\u00e1cil de plegar y tiene dos bolsillos laterales para pa\u00f1ales y pa\u00f1os. El cambiador tambi\u00e9n se puede utilizar en casa sobre el cambiador.<\/p>\n<p>El cord\u00f3n no s\u00f3lo mantiene la colchoneta plegada, sino que tambi\u00e9n sirve como peque\u00f1a distracci\u00f3n con cuentas para que tu hijo pueda cambiarle tranquilamente.<\/p>\n<p>Dimensiones: 50 x 70 cm, plegado 24 x 22 cm.<\/p>\n<p>Un cambiador de lana lo es:<\/p>\n<p>- Fieltro de lana virgen 100% con certificaci\u00f3n Woolmark.<br \/>\n- Estructura lisa, suave y compacta<br \/>\n- Buenas propiedades t\u00e9rmicas<br \/>\n- Para casa y para llevar.<br \/>\n- Repelente al agua, c\u00f3modo e higi\u00e9nico<br \/>\n- Producci\u00f3n europea.<br \/>\n- Lavable en ciclo de lavado de lana a 30\u00b0C.<\/p>\n<p>Este producto lleva las etiquetas Safe for Children y Woolmark, entre otras.<\/p>\n<h5>Etiqueta Woolskins<\/h5>\n<p>Tras a\u00f1os de fruct\u00edfera colaboraci\u00f3n con Alwero, nos enorgullece anunciar que ahora comercializamos nuestros productos con nuestra propia marca Woolskins.<\/p>\n<p>De este modo, sigue obteniendo la mejor calidad, pero combinada con los productos y dise\u00f1os m\u00e1s bonitos y exclusivos.<\/p>\n<p>La calidad de los tejidos y los colores sigue siendo la de siempre, s\u00f3lo que ahora hay una mayor variedad con la que Woolskins cree que puede distinguirse.<\/p>\n<p>Nuestra amplia colecci\u00f3n es tan parecida que son un gran complemento para cualquier conjunto de beb\u00e9, fabricados con lana europea 100% que transpira y es adecuada para todas las estaciones.<\/p>\n<p>Unimos nuestras fuerzas con entusiasmo para conseguir un producto sostenible, natural y lo m\u00e1s c\u00f3modo posible para su hijo.<span style=\"font-size: 16px;\">.<\/span><\/p>","protected":false},"excerpt":{"rendered":"<p>Este cambiador de lana es un producto suave y c\u00e1lido ideal para cambiar al beb\u00e9. Este cambiador est\u00e1 bien pensado y es muy pr\u00e1ctico para llevar o para casa cuando necesitas cambiar r\u00e1pidamente a tu beb\u00e9. Nuestro cambiador est\u00e1 fabricado con lana 100% y tiene una inserci\u00f3n de franela impermeable para esos peque\u00f1os accidentes. Esto le ahorra tener que lavar todo el cambiador. El cambiador es f\u00e1cil de plegar y tiene dos bolsillos laterales para pa\u00f1ales y pa\u00f1os. El cambiador tambi\u00e9n se puede utilizar en casa. Es imprescindible para cualquier padre que quiera amamantar a su beb\u00e9 de forma c\u00f3moda e higi\u00e9nica.<\/p>\n<p><strong>Marca: Woolskins<\/strong><br \/>\n<strong>Producci\u00f3n: Polonia<\/strong><\/p>","protected":false},"featured_media":12009,"comment_status":"open","ping_status":"closed","template":"","meta":{"_acf_changed":false},"product_brand":[],"product_cat":[360,363,196,318,194],"product_tag":[],"class_list":{"0":"post-12005","1":"product","2":"type-product","3":"status-publish","4":"has-post-thumbnail","6":"product_cat-cadeautips","7":"product_cat-cadeaus-e25-e50","8":"product_cat-slaapkleding-baby","9":"product_cat-wollen-wiegdeken-ledikantdeken","10":"product_cat-wollen-babyproducten","12":"first","13":"instock","14":"taxable","15":"shipping-taxable","16":"purchasable","17":"product-type-simple"},"acf":[],"_links":{"self":[{"href":"https:\/\/woolskins.eu\/es\/wp-json\/wp\/v2\/product\/12005","targetHints":{"allow":["GET"]}}],"collection":[{"href":"https:\/\/woolskins.eu\/es\/wp-json\/wp\/v2\/product"}],"about":[{"href":"https:\/\/woolskins.eu\/es\/wp-json\/wp\/v2\/types\/product"}],"replies":[{"embeddable":true,"href":"https:\/\/woolskins.eu\/es\/wp-json\/wp\/v2\/comments?post=12005"}],"wp:featuredmedia":[{"embeddable":true,"href":"https:\/\/woolskins.eu\/es\/wp-json\/wp\/v2\/media\/12009"}],"wp:attachment":[{"href":"https:\/\/woolskins.eu\/es\/wp-json\/wp\/v2\/media?parent=12005"}],"wp:term":[{"taxonomy":"product_brand","embeddable":true,"href":"https:\/\/woolskins.eu\/es\/wp-json\/wp\/v2\/product_brand?post=12005"},{"taxonomy":"product_cat","embeddable":true,"href":"https:\/\/woolskins.eu\/es\/wp-json\/wp\/v2\/product_cat?post=12005"},{"taxonomy":"product_tag","embeddable":true,"href":"https:\/\/woolskins.eu\/es\/wp-json\/wp\/v2\/product_tag?post=12005"}],"curies":[{"name":"wp","href":"https:\/\/api.w.org\/{rel}","templated":true}]}}