{"id":11406,"date":"2022-06-24T10:45:20","date_gmt":"2022-06-24T10:45:20","guid":{"rendered":"https:\/\/woolskins.eu\/?post_type=product&#038;p=11406"},"modified":"2025-12-12T15:05:44","modified_gmt":"2025-12-12T15:05:44","slug":"una-camiseta-de-tirantes-marca-bebe-blanco-natural","status":"publish","type":"product","link":"https:\/\/woolskins.eu\/es\/a-baby-brand-tank-top-naturel-white\/","title":{"rendered":"A Basic Brand - Camisa beb\u00e9 | blanco natural"},"content":{"rendered":"<h6>Una marca para beb\u00e9s<\/h6>\n<p>Esta bonita camiseta de tirantes tiene un corte holgado con un fresco acabado crudo. S\u00faper suave y fina, 100% GOTS algod\u00f3n org\u00e1nico. La camiseta de tirantes informal y c\u00f3moda perfecta para el verano. Un comienzo fresco a un equipo de la diversi\u00f3n.<\/p>\n<p>100% Algod\u00f3n org\u00e1nico certificado GOTS.<\/p>\n<p>Tallas:<\/p>\n<p>6 m - 68 cm<br \/>\n1 y - 80cm<\/p>\n<h5>Una marca para beb\u00e9s<\/h5>\n<p>Descubre un armario minimalista repleto de b\u00e1sicos pr\u00e1cticos. Combina nuestros modelos y colores unisex.  Sin logotipos, sin estampados, sin complicaciones.<\/p>\n<p>Nuestra misi\u00f3n es hacerte la vida m\u00e1s f\u00e1cil, por lo que una de las ideas principales de nuestra filosof\u00eda es la PR\u00c1CTICA. Tambi\u00e9n nos preocupamos mucho por nuestro planeta y deseamos que todo el mundo lleve una vida m\u00e1s minimalista y, por tanto, utilice menos ropa (#CONSUMEWISELY).<\/p>\n<p>Por eso, la calidad de nuestros productos es la m\u00e1s alta posible. Podr\u00e1s usarlos durante a\u00f1os y traspasarlos cuando acabes. Utilizamos tejidos de primera calidad con certificado GOTS de algod\u00f3n org\u00e1nico y STANDARD 100 de OEKO-TEX\u00ae. Todos nuestros productos se pueden lavar a m\u00e1quina y secar en secadora tantas veces como quieras. Descubrir\u00e1 que nuestro forro polar de algod\u00f3n ni siquiera necesita planchado para tener buen aspecto.<\/p>","protected":false},"excerpt":{"rendered":"<h6>Una marca para beb\u00e9s<\/h6>\n<p>Esta bonita camiseta de tirantes tiene un corte holgado con un fresco acabado crudo. S\u00faper suave y fina, 100% GOTS algod\u00f3n org\u00e1nico. La camiseta de tirantes informal y c\u00f3moda perfecta para el verano. Un comienzo fresco a un equipo de la diversi\u00f3n.<\/p>","protected":false},"featured_media":11429,"comment_status":"closed","ping_status":"closed","template":"","meta":{"_acf_changed":false},"product_brand":[],"product_cat":[335,361,360,363,529,530],"product_tag":[],"class_list":{"0":"post-11406","1":"product","2":"type-product","3":"status-publish","4":"has-post-thumbnail","6":"product_cat-a_baby_brand","7":"product_cat-babyshower","8":"product_cat-cadeautips","9":"product_cat-cadeaus-e25-e50","10":"product_cat-katoenen-babykleertjes","11":"product_cat-katoenen-babyshirt","12":"pa_maat-1-jaar","13":"pa_maat-6-maanden","15":"first","16":"instock","17":"taxable","18":"shipping-taxable","19":"purchasable","20":"product-type-variable"},"acf":[],"_links":{"self":[{"href":"https:\/\/woolskins.eu\/es\/wp-json\/wp\/v2\/product\/11406","targetHints":{"allow":["GET"]}}],"collection":[{"href":"https:\/\/woolskins.eu\/es\/wp-json\/wp\/v2\/product"}],"about":[{"href":"https:\/\/woolskins.eu\/es\/wp-json\/wp\/v2\/types\/product"}],"replies":[{"embeddable":true,"href":"https:\/\/woolskins.eu\/es\/wp-json\/wp\/v2\/comments?post=11406"}],"wp:featuredmedia":[{"embeddable":true,"href":"https:\/\/woolskins.eu\/es\/wp-json\/wp\/v2\/media\/11429"}],"wp:attachment":[{"href":"https:\/\/woolskins.eu\/es\/wp-json\/wp\/v2\/media?parent=11406"}],"wp:term":[{"taxonomy":"product_brand","embeddable":true,"href":"https:\/\/woolskins.eu\/es\/wp-json\/wp\/v2\/product_brand?post=11406"},{"taxonomy":"product_cat","embeddable":true,"href":"https:\/\/woolskins.eu\/es\/wp-json\/wp\/v2\/product_cat?post=11406"},{"taxonomy":"product_tag","embeddable":true,"href":"https:\/\/woolskins.eu\/es\/wp-json\/wp\/v2\/product_tag?post=11406"}],"curies":[{"name":"wp","href":"https:\/\/api.w.org\/{rel}","templated":true}]}}