{"id":8701,"date":"2022-03-28T11:05:05","date_gmt":"2022-03-28T11:05:05","guid":{"rendered":"https:\/\/woolskins.eu\/?post_type=product&#038;p=8701"},"modified":"2026-04-29T23:37:43","modified_gmt":"2026-04-29T23:37:43","slug":"alwero-bodywarmer-lammy-kleiner-abenteurer","status":"publish","type":"product","link":"https:\/\/woolskins.eu\/de_ch\/alwero-bodywarmer-lammy-little-adventurer\/","title":{"rendered":"Bodywarmer aus Wolle f\u00fcr Baby &amp; Kind | Zebra - Woolskins"},"content":{"rendered":"<p>Dieses Produkt tr\u00e4gt u. a. die Labels Safe for Children und Woolmark. Diese Strickjacke wird oft als Oberbekleidung getragen, beachten Sie dies bei der Wahl der richtigen Gr\u00f6\u00dfe.<\/p>\n<p>- 100% Schurwolle, Woolmark-Label.<br \/>\n- Sehr warm f\u00fcr zu Hause oder unterwegs.<br \/>\n- Verschiedene Farben verf\u00fcgbar.<br \/>\n- HINWEIS: Die richtige Gr\u00f6\u00dfe finden Sie unter \u2018Gr\u00f6\u00dfen in Zentimetern\u2019.<\/p>\n<h5>Etikett Wollfelle<\/h5>\n<p>Nach jahrelanger erfolgreicher Zusammenarbeit mit Alwero sind wir stolz darauf, unsere Produkte nun unter unserem eigenen Woolskins-Label anbieten zu k\u00f6nnen.<\/p>\n<p>Auf diese Weise erhalten Sie immer noch die beste Qualit\u00e4t, aber kombiniert mit den sch\u00f6nsten und einzigartigsten Produkten und Designs.<\/p>\n<p>Die Qualit\u00e4t der Stoffe und Farben bleibt wie immer, nur gibt es jetzt eine gr\u00f6\u00dfere Auswahl, mit der sich Woolskins zu profilieren gedenkt.<\/p>\n<p>Unsere breite Sammlung ist so gleichgesteld, dass sie eine gro\u00dfe Erg\u00e4nzung zu jedem Baby-Outfit, aus 100% europ\u00e4ischen Wolle, die atmet und ist f\u00fcr jede Jahreszeit geeignet sind.<\/p>\n<p>Wir setzen uns mit Begeisterung f\u00fcr ein nachhaltiges, nat\u00fcrliches und komfortables Produkt f\u00fcr Ihr Baby ein.<\/p>\n<h5 class=\"Text1893342656__root Text1893342656---typography-11-runningText Text1893342656---priority-7-primary s8gg2 _2UIKs InfoSectionTitle3095652555__root\" aria-hidden=\"false\" data-hook=\"info-section-title\">Gr\u00f6\u00dfen in Zentimetern:<\/h5>\n<div class=\"_2tV5m fggS- cell\">Gr\u00f6\u00dfe: 50\/56 L\u00e4nge: 27,5cm Breite 22cm (an der Achselh\u00f6hle)<br \/>\nGr\u00f6\u00dfe: 62\/60 L\u00e4nge: 28,5cm Breite 25cm<br \/>\nGr\u00f6\u00dfe: 74\/80 L\u00e4nge: 29,5cm Breite 28cm<br \/>\nGr\u00f6\u00dfe: 80\/86 L\u00e4nge: 31cm Breite 32cm<br \/>\nGr\u00f6\u00dfe: 92\/98 L\u00e4nge: 33,5cm Breite 35cm<br \/>\nGr\u00f6\u00dfe: 104\/110 L\u00e4nge: 39,5cm Breite 37cm<\/div>","protected":false},"excerpt":{"rendered":"<p>Dieser trendige Bodywarmer ist wunderbar warm und bequem.  Tragen Sie sie l\u00e4ssig \u00fcber einem Pullover oder einer Jacke, sie sieht immer gut aus und ist super angesagt. Diese Weste hat alle guten Eigenschaften von 100% Eco Wool. Das bedeutet, dass Ihr Kind an k\u00e4lteren Tagen warm und bequem ist. Diese Strickjacke l\u00e4sst sich gut mit unserer gesamten Woolskins-Kollektion kombinieren. Der Woolskins Bodywarmer ist mit einem Deckenstich und einem Holzknopf sch\u00f6n verarbeitet.<\/p>\n<p>ACHTUNG: Strickjacken fallen klein aus. F\u00fcr die richtige Gr\u00f6\u00dfe, siehe \u2018Gr\u00f6\u00dfen in Zentimetern\u2019 unter Beschreibung.<\/p>\n<p><strong>Marke: Woolskins<\/strong><br \/>\n<strong>Produktion: Polen<\/strong><\/p>","protected":false},"featured_media":17465,"comment_status":"closed","ping_status":"closed","template":"","meta":{"_acf_changed":false},"product_brand":[],"product_cat":[361,360,363,200,337,413,344,194],"product_tag":[424,451,452,450],"class_list":{"0":"post-8701","1":"product","2":"type-product","3":"status-publish","4":"has-post-thumbnail","6":"product_cat-babyshower","7":"product_cat-cadeautips","8":"product_cat-cadeaus-e25-e50","9":"product_cat-wollen-babykleding","10":"product_cat-vestjes","11":"product_cat-alwero-bodywarmer","12":"product_cat-kleertjes","13":"product_cat-wollen-babyproducten","14":"product_tag-alwero-bodywarmer","15":"product_tag-alwero-bodywarmer-baby","16":"product_tag-alwero-bodywarmer-kind","17":"product_tag-alwero-gilet","18":"pa_maat-104-110","19":"pa_maat-50-56","20":"pa_maat-62-68","21":"pa_maat-74-80","22":"pa_maat-80-86","23":"pa_maat-92-98","25":"first","26":"instock","27":"taxable","28":"shipping-taxable","29":"purchasable","30":"product-type-variable"},"acf":[],"_links":{"self":[{"href":"https:\/\/woolskins.eu\/de_ch\/wp-json\/wp\/v2\/product\/8701","targetHints":{"allow":["GET"]}}],"collection":[{"href":"https:\/\/woolskins.eu\/de_ch\/wp-json\/wp\/v2\/product"}],"about":[{"href":"https:\/\/woolskins.eu\/de_ch\/wp-json\/wp\/v2\/types\/product"}],"replies":[{"embeddable":true,"href":"https:\/\/woolskins.eu\/de_ch\/wp-json\/wp\/v2\/comments?post=8701"}],"wp:featuredmedia":[{"embeddable":true,"href":"https:\/\/woolskins.eu\/de_ch\/wp-json\/wp\/v2\/media\/17465"}],"wp:attachment":[{"href":"https:\/\/woolskins.eu\/de_ch\/wp-json\/wp\/v2\/media?parent=8701"}],"wp:term":[{"taxonomy":"product_brand","embeddable":true,"href":"https:\/\/woolskins.eu\/de_ch\/wp-json\/wp\/v2\/product_brand?post=8701"},{"taxonomy":"product_cat","embeddable":true,"href":"https:\/\/woolskins.eu\/de_ch\/wp-json\/wp\/v2\/product_cat?post=8701"},{"taxonomy":"product_tag","embeddable":true,"href":"https:\/\/woolskins.eu\/de_ch\/wp-json\/wp\/v2\/product_tag?post=8701"}],"curies":[{"name":"wp","href":"https:\/\/api.w.org\/{rel}","templated":true}]}}