{"id":7909,"date":"2022-03-03T15:02:21","date_gmt":"2022-03-03T15:02:21","guid":{"rendered":"https:\/\/woolskins.eu\/?post_type=product&#038;p=7909"},"modified":"2024-12-05T11:12:27","modified_gmt":"2024-12-05T11:12:27","slug":"okologisches-wollwaschmittel-mit-lanolin","status":"publish","type":"product","link":"https:\/\/woolskins.eu\/de_ch\/ecologisch-wolwasmiddel-met-lanoline\/","title":{"rendered":"\u00d6kologisches Wollwaschmittel mit Lanolin"},"content":{"rendered":"<p>Dieses Wollwaschmittel reinigt Wollkleidung und empfindliche Stoffe effizient, aber schonend. Sowohl f\u00fcr die Handw\u00e4sche als auch f\u00fcr die Feinw\u00e4sche in der Waschmaschine. Durch den Zusatz von Lanolin wird Ihr Wollprodukt wieder weich und geschmeidig.<\/p>\n<p>- Ohne optische Aufheller.<br \/>\n- 250 ml (reicht f\u00fcr 5x Waschen Ihres waschbaren Schafsfells).<br \/>\n- F\u00fcr Waschmaschine und Handw\u00e4sche bis 40 \u00b0C.<br \/>\n&#8211; <i class=\"sui sui-leaf\"><\/i>Auf pflanzlicher Basis, palm\u00f6lfrei.<\/p>\n<p>Suchen Sie ein gutes \u00f6kologisches Waschmittel f\u00fcr Wolle und Seide? Dann probieren Sie unser Wollwaschmittel und Feinwaschmittel auf Basis von Oliven\u00f6lseife. Es w\u00e4scht effizient und nat\u00fcrlich und entfernt Flecken auch bei niedrigen Temperaturen. Dieses Wollwaschmittel ist so formuliert, dass es effektiv reinigt und keine optischen Bleichmittel enth\u00e4lt.<\/p>\n<p>Das nat\u00fcrliche Wollfett der Wollkleidung wird nicht angegriffen, so dass ihre Weichheit, Textur und ihr Aussehen erhalten bleiben. Dieses \u00f6kologische Wollwaschmittel enth\u00e4lt kein Palm\u00f6l, keine optischen Farbverst\u00e4rker und keine Silikone.<\/p>\n<p>Wenn Sie Ihre waschbaren M\u00e4ntel (medizinische Qualit\u00e4t, goldgelbe M\u00e4ntel) waschen wollen, k\u00f6nnen Sie dies auch mit diesem Waschmittel tun.<\/p>","protected":false},"excerpt":{"rendered":"<p>Suchen Sie ein gutes \u00f6kologisches Waschmittel f\u00fcr Wolle und Seide? Dann probieren Sie unser Wollwaschmittel und Feinwaschmittel auf Basis von Oliven\u00f6lseife. Es w\u00e4scht effizient und nat\u00fcrlich und entfernt Flecken, auch bei niedrigen Temperaturen. Inhalt: 250 ml.<\/p>","protected":false},"featured_media":7908,"comment_status":"closed","ping_status":"closed","template":"","meta":{"_acf_changed":false},"product_brand":[],"product_cat":[357,216,354],"product_tag":[],"class_list":{"0":"post-7909","1":"product","2":"type-product","3":"status-publish","4":"has-post-thumbnail","6":"product_cat-onderhoud","7":"product_cat-schapenvacht-voor-baby","8":"product_cat-woolskins","10":"first","11":"instock","12":"taxable","13":"shipping-taxable","14":"purchasable","15":"product-type-simple"},"acf":[],"_links":{"self":[{"href":"https:\/\/woolskins.eu\/de_ch\/wp-json\/wp\/v2\/product\/7909","targetHints":{"allow":["GET"]}}],"collection":[{"href":"https:\/\/woolskins.eu\/de_ch\/wp-json\/wp\/v2\/product"}],"about":[{"href":"https:\/\/woolskins.eu\/de_ch\/wp-json\/wp\/v2\/types\/product"}],"replies":[{"embeddable":true,"href":"https:\/\/woolskins.eu\/de_ch\/wp-json\/wp\/v2\/comments?post=7909"}],"wp:featuredmedia":[{"embeddable":true,"href":"https:\/\/woolskins.eu\/de_ch\/wp-json\/wp\/v2\/media\/7908"}],"wp:attachment":[{"href":"https:\/\/woolskins.eu\/de_ch\/wp-json\/wp\/v2\/media?parent=7909"}],"wp:term":[{"taxonomy":"product_brand","embeddable":true,"href":"https:\/\/woolskins.eu\/de_ch\/wp-json\/wp\/v2\/product_brand?post=7909"},{"taxonomy":"product_cat","embeddable":true,"href":"https:\/\/woolskins.eu\/de_ch\/wp-json\/wp\/v2\/product_cat?post=7909"},{"taxonomy":"product_tag","embeddable":true,"href":"https:\/\/woolskins.eu\/de_ch\/wp-json\/wp\/v2\/product_tag?post=7909"}],"curies":[{"name":"wp","href":"https:\/\/api.w.org\/{rel}","templated":true}]}}