{"id":7854,"date":"2022-03-02T11:30:06","date_gmt":"2022-03-02T11:30:06","guid":{"rendered":"https:\/\/woolskins.eu\/?post_type=product&#038;p=7854"},"modified":"2025-09-30T14:01:45","modified_gmt":"2025-09-30T14:01:45","slug":"skiep-woolcare-lanolin-spray","status":"publish","type":"product","link":"https:\/\/woolskins.eu\/de_ch\/skiep-woolcare-lanoline-spray\/","title":{"rendered":"Skiep Woolcare | Lanolin Spray"},"content":{"rendered":"<p>Nat\u00fcrlich geruchsneutrales Lanolinspray der niederl\u00e4ndischen Marke Skiep Woolcare. Hergestellt aus 100% biologischen und nat\u00fcrlichen Zutaten.<\/p>\n<p>Ideal f\u00fcr die Pflege von Schafsfellen und Wollkleidung. Es n\u00e4hrt, pflegt und sch\u00fctzt Ihr Lieblingswollkleidungsst\u00fcck einfach und schnell.<\/p>\n<p>- Inhalt: 100 ml<br \/>\n- Zutaten: Wasser, verseifte Bio-\u00d6le aus Oliven, Kokosnuss und Sonnenblumen, Lanolin.<\/p>\n<p>Lanolin ist f\u00fcr seine pflegenden und desinfizierenden Eigenschaften bekannt. Bei empfindlicher und\/oder gereizter Haut kann es beruhigend wirken. <span style=\"font-style: var(--fontStyle, inherit); font-weight: var(--fontWeight); letter-spacing: var(--letterSpacing); text-transform: var(--textTransform);\">Die Flaschen sind ein wenig grau\/grau gef\u00e4rbt. Das liegt daran, dass sie aus recyceltem Kunststoff hergestellt sind!<\/span><\/p>\n<p>Verwendung:<\/p>\n<p>Vor Gebrauch leicht sch\u00fctteln. Bespr\u00fchen Sie Ihr frisch gewaschenes Lieblingswollkleidungsst\u00fcck oder Schaffell mit Skiep Lanolin Spray. Massieren Sie dann die Lanolinl\u00f6sung sanft in die Fasern ein und h\u00e4ngen Sie das Kleidungsst\u00fcck anschlie\u00dfend eine Weile auf, damit das Lanolin gut von der Wolle aufgenommen werden kann.<\/p>\n<p>Hinweis: Lanolinspray muss nicht ausgesp\u00fclt werden.<\/p>\n<div id=\"jw-element-126665088\" class=\"jw-tree-node jw-element jw-text jw-node-is-first-child jw-image-text\" data-jw-element-id=\"126665088\">\n<div class=\"jw-element-imagetext-text\">\n<h5 class=\"jw-heading-100\">Skiep Woolcare<\/h5>\n<\/div>\n<\/div>\n<div id=\"jw-element-126755716\" class=\"jw-tree-node jw-element jw-text jw-node-is-last-child jw-image-text\" data-jw-element-id=\"126755716\">\n<div class=\"jw-element-imagetext-text\">\n<p>Die Seifenherstellung ist schon seit Jahren ein Hobby von mir, geboren aus meiner ewigen Suche nach nat\u00fcrlichen (Pflege-)Produkten, auf die meine Haut gut anspricht. Dazu kommt meine gro\u00dfe Liebe f\u00fcr Wolle, und die Idee f\u00fcr Skiep Woolcare war geboren!<\/p>\n<p>Nach langem Forschen und Testen habe ich endlich ein gutes Rezept f\u00fcr meine Bio-Wollwaschseife mit Lanolin entwickelt. Die Seife macht Ihre Wollsachen durch den hohen Lanolinanteil wieder wunderbar frisch und weich. Wenig sp\u00e4ter habe ich auch ein feines Bio-Lanolinspray entwickelt. Nat\u00fcrlich habe ich nur biologische und naturreine Zutaten verwendet. Ich hoffe, Sie sind genauso begeistert wie ich!<\/p>\n<h5>Wussten Sie das?<\/h5>\n<p>- Unsere Lanolin-Wollwaschseifen werden aus biologischen Pflanzen\u00f6len (und nat\u00fcrlich Lanolin) hergestellt und sind frei von Palm\u00f6l?<br \/>\n- Wir haben die maximale Menge an \u00e4therischem \u00d6l verwendet, die nach den EU-Normen f\u00fcr alle Seifen zul\u00e4ssig ist? Dadurch ist der Duft gut pr\u00e4sent, aber nicht extrem.<br \/>\n- Jede Seife hat ein anderes Aussehen? Manche sehen etwas rauer aus als andere. Das liegt daran, dass unsere Seifen handgefertigt und auch handgeschnitten sind.<br \/>\n- Auf Seife kann manchmal ein wei\u00dfer Schleier\u201c oder wei\u00dfe Flecken zu sehen sein? Dies wird als Seifenasche bezeichnet und ist eine nat\u00fcrliche Reaktion zwischen allen Inhaltsstoffen und Sauerstoff. Sie ist also rein kosmetisch und beeintr\u00e4chtigt nicht die Qualit\u00e4t der Seife. Da wir die reine Natur lieben, haben wir uns daf\u00fcr entschieden, keine weiteren Stoffe hinzuzuf\u00fcgen, um dem entgegenzuwirken.<br \/>\n- Unsere Verpackungsmaterialien usw. sind aus recycelten Materialien hergestellt? Die braunen Papiere, die die Seifen umh\u00fcllen, sind zum Beispiel 80% kompostierbar, und die Flaschen der Lanolinsprays sind aus 100% recyceltem Kunststoff hergestellt!<\/p>\n<p>&nbsp;<\/p>\n<\/div>\n<\/div>","protected":false},"excerpt":{"rendered":"<p>Skiep Woolcare Lanolinspray ist ideal f\u00fcr die Pflege von Schaffellen und Wollkleidung. Es n\u00e4hrt, pflegt und sch\u00fctzt Ihr Lieblingswollkleidungsst\u00fcck einfach und schnell.<\/p>","protected":false},"featured_media":7853,"comment_status":"open","ping_status":"closed","template":"","meta":{"_acf_changed":false},"product_brand":[],"product_cat":[349,200,31,352,357,216,222,356,196,210],"product_tag":[],"class_list":{"0":"post-7854","1":"product","2":"type-product","3":"status-publish","4":"has-post-thumbnail","6":"product_cat-borstvoedingenvoedingskussens","7":"product_cat-wollen-babykleding","8":"product_cat-yogamat-wol","9":"product_cat-merken","10":"product_cat-onderhoud","11":"product_cat-schapenvacht-voor-baby","12":"product_cat-buggy-schapenvachtjes","13":"product_cat-skiep-woolcare","14":"product_cat-slaapkleding-baby","15":"product_cat-wollen-voedingskussen","17":"first","18":"outofstock","19":"taxable","20":"shipping-taxable","21":"purchasable","22":"product-type-simple"},"acf":[],"_links":{"self":[{"href":"https:\/\/woolskins.eu\/de_ch\/wp-json\/wp\/v2\/product\/7854","targetHints":{"allow":["GET"]}}],"collection":[{"href":"https:\/\/woolskins.eu\/de_ch\/wp-json\/wp\/v2\/product"}],"about":[{"href":"https:\/\/woolskins.eu\/de_ch\/wp-json\/wp\/v2\/types\/product"}],"replies":[{"embeddable":true,"href":"https:\/\/woolskins.eu\/de_ch\/wp-json\/wp\/v2\/comments?post=7854"}],"wp:featuredmedia":[{"embeddable":true,"href":"https:\/\/woolskins.eu\/de_ch\/wp-json\/wp\/v2\/media\/7853"}],"wp:attachment":[{"href":"https:\/\/woolskins.eu\/de_ch\/wp-json\/wp\/v2\/media?parent=7854"}],"wp:term":[{"taxonomy":"product_brand","embeddable":true,"href":"https:\/\/woolskins.eu\/de_ch\/wp-json\/wp\/v2\/product_brand?post=7854"},{"taxonomy":"product_cat","embeddable":true,"href":"https:\/\/woolskins.eu\/de_ch\/wp-json\/wp\/v2\/product_cat?post=7854"},{"taxonomy":"product_tag","embeddable":true,"href":"https:\/\/woolskins.eu\/de_ch\/wp-json\/wp\/v2\/product_tag?post=7854"}],"curies":[{"name":"wp","href":"https:\/\/api.w.org\/{rel}","templated":true}]}}