{"id":7710,"date":"2022-02-15T15:10:39","date_gmt":"2022-02-15T15:10:39","guid":{"rendered":"https:\/\/woolskins.eu\/?post_type=product&#038;p=7710"},"modified":"2024-03-25T14:22:41","modified_gmt":"2024-03-25T14:22:41","slug":"baby-shorts-100-baby-alpaka-wolle-camel","status":"publish","type":"product","link":"https:\/\/woolskins.eu\/de_ch\/baby-shorts-100-baby-alpaca-wol-camel\/","title":{"rendered":"Baby Shorts 100% Baby Alpaka Wolle | Camel"},"content":{"rendered":"<p>Die perfekten Shorts f\u00fcr Ihre Kleinen, damit sie sich frei f\u00fchlen und auf ihren Abenteuern herumlaufen k\u00f6nnen. Kombinieren Sie diese Shorts mit unseren Socken aus Alpaka-Baumwolle f\u00fcr eine perfekte Kombination.<\/p>\n<p>Hergestellt aus ungef\u00e4rbter, feiner Baby-Alpaka-Wolle, damit die Haut atmen kann und Ihr Liebling das ganze Jahr \u00fcber frisch und bequem bleibt. Diese Shorts haben eine Schleife zum Binden, um die Taille anzupassen.<\/p>\n<p>- Einheitsgr\u00f6\u00dfe 3 - 6 Monate<br \/>\n- Ist leicht und sehr weich<br \/>\n- Ist thermisch, also k\u00fchl im Sommer und sch\u00f6n warm im Winter<br \/>\n- ist 4-mal weniger \u201cscheuerempfindlich\u201d als Merinowolle<br \/>\n- L\u00e4uft nach dem Waschen nicht ein<br \/>\n- 100% Baby Alpaka<br \/>\n- 100% Bio nach Oeko-Tex\u00ae Standard 100<\/p>\n<p>Alpakawolle ist noch weicher als Merinowolle und isoliert etwas besser als normale Wolle. Sie tut dies dynamisch, wodurch die Wolle im Winter sch\u00f6n warm und im Sommer k\u00fchl ist. Sie hat einen weichen Glanz und sieht daher sehr luxuri\u00f6s aus. Baby-Alpakawolle bezieht sich auf die feinsten Haare des erwachsenen Alpakas. Sie ist leicht und sehr weich.<\/p>\n<h5 class=\"Text1893342656__root Text1893342656---typography-11-runningText Text1893342656---priority-7-primary s8gg2 _2UIKs InfoSectionTitle3095652555__root\" aria-hidden=\"false\" data-hook=\"info-section-title\">Baby Alpaka Wolle<\/h5>\n<div class=\"rah-static rah-static--height-auto\" aria-hidden=\"false\">\n<div>\n<div class=\"_1yvxJ fggS- cell\">\n<div class=\"WncCi\" data-hook=\"info-section-description\">\n<p>Die Faserstruktur von Baby-Alpakawolle ist sehr fein und ihre Weichheit kann mit der von Kaschmirwolle verglichen werden, ist aber noch weicher. Alpakawolle ist bekannt f\u00fcr ihre hervorragende Qualit\u00e4t, f\u00fchlt sich sehr weich auf der Haut an und ist hypoallergen. Baby-Alpakawolle ist die weichste Alpakawolle aus dem ersten Kettfaden. Baby-Alpaka bedeutet nicht, dass die Wolle von Baby-Alpakas stammt, sondern dass nur die allerfeinste Wolle verwendet wird. Diese hat einen Durchmesser von etwa 20 Mikron, was unglaublich d\u00fcnn ist: Ein Mikron entspricht 0,001 Millimeter. Je d\u00fcnner die Wolle, desto weicher das Produkt.<\/p>\n<h5>Kleiner Kolibri<\/h5>\n<p class=\"\">PETIT KOLIBRI wurde aus einer bedingungslosen Liebe zu authentischen, biologischen und nat\u00fcrlichen Produkten geboren. Unsere Produkte sind das Ergebnis eines unerm\u00fcdlichen Engagements f\u00fcr die F\u00f6rderung von \u00f6kologischer Nachhaltigkeit und bewusstem Wirtschaften in den lokalen Gemeinschaften Lateinamerikas.<\/p>\n<p class=\"\">Alle unsere Kleidungsst\u00fccke aus Bio-Alpaka und Baby-Alpaka werden mit Sorgfalt und Aufmerksamkeit in einer f\u00fcr beide Seiten vorteilhaften und transparenten Beziehung zu unseren Lieferanten eingekauft. Die fertigen Produkte werden unter fairen Bedingungen von einem Kollektiv von Kunsthandwerkern in Kolumbien und Peru hergestellt. Fairtrade ist zu unserem Leitprinzip geworden.<\/p>\n<p class=\"\">Kinder sind die Bev\u00f6lkerung von morgen. Der Einfluss, den sie auf unseren Planeten haben werden, wird von den Prinzipien beeinflusst, die wir ihnen heute beibringen. Unsere minimalistischen Strickwaren mit organischem Design sind wie geschaffen f\u00fcr alle kleinen Abenteuer!<\/p>\n<p>Unser Ziel ist es, sichere Kleidung und Accessoires f\u00fcr Kinder anzubieten, weil wir der Meinung sind, dass die Produkte, die Kinder anfassen, in ihrem reinsten und unbehandelten Zustand sein sollten. Wir sind stolz darauf, schadstofffreie Bio-Produkte anzubieten, die nach dem Standard 100 von OEKO-TEX\u00ae zertifiziert sind. Die Wolle, die wir bei PETIT KOLIBRI verwenden, stammt aus Peru, einem der wichtigsten Exportl\u00e4nder f\u00fcr Alpakawolle.<\/p>\n<\/div>\n<\/div>\n<\/div>\n<\/div>","protected":false},"excerpt":{"rendered":"<p>Die perfekten Shorts f\u00fcr Ihre Kleinen, damit sie sich frei f\u00fchlen und auf ihren Abenteuern herumlaufen k\u00f6nnen.<\/p>","protected":false},"featured_media":7714,"comment_status":"closed","ping_status":"closed","template":"","meta":{"_acf_changed":false},"product_brand":[],"product_cat":[361,360,363,200,232,322,344],"product_tag":[],"class_list":{"0":"post-7710","1":"product","2":"type-product","3":"status-publish","4":"has-post-thumbnail","6":"product_cat-babyshower","7":"product_cat-cadeautips","8":"product_cat-cadeaus-e25-e50","9":"product_cat-wollen-babykleding","10":"product_cat-petit-kolibri","11":"product_cat-broekjes","12":"product_cat-kleertjes","13":"pa_maat-0-3-maanden","14":"pa_maat-3-6-maanden","16":"first","17":"instock","18":"taxable","19":"shipping-taxable","20":"purchasable","21":"product-type-simple"},"acf":[],"_links":{"self":[{"href":"https:\/\/woolskins.eu\/de_ch\/wp-json\/wp\/v2\/product\/7710","targetHints":{"allow":["GET"]}}],"collection":[{"href":"https:\/\/woolskins.eu\/de_ch\/wp-json\/wp\/v2\/product"}],"about":[{"href":"https:\/\/woolskins.eu\/de_ch\/wp-json\/wp\/v2\/types\/product"}],"replies":[{"embeddable":true,"href":"https:\/\/woolskins.eu\/de_ch\/wp-json\/wp\/v2\/comments?post=7710"}],"wp:featuredmedia":[{"embeddable":true,"href":"https:\/\/woolskins.eu\/de_ch\/wp-json\/wp\/v2\/media\/7714"}],"wp:attachment":[{"href":"https:\/\/woolskins.eu\/de_ch\/wp-json\/wp\/v2\/media?parent=7710"}],"wp:term":[{"taxonomy":"product_brand","embeddable":true,"href":"https:\/\/woolskins.eu\/de_ch\/wp-json\/wp\/v2\/product_brand?post=7710"},{"taxonomy":"product_cat","embeddable":true,"href":"https:\/\/woolskins.eu\/de_ch\/wp-json\/wp\/v2\/product_cat?post=7710"},{"taxonomy":"product_tag","embeddable":true,"href":"https:\/\/woolskins.eu\/de_ch\/wp-json\/wp\/v2\/product_tag?post=7710"}],"curies":[{"name":"wp","href":"https:\/\/api.w.org\/{rel}","templated":true}]}}