{"id":7477,"date":"2022-02-11T11:44:26","date_gmt":"2022-02-11T11:44:26","guid":{"rendered":"https:\/\/woolskins.eu\/?post_type=product&#038;p=7477"},"modified":"2026-03-31T12:28:19","modified_gmt":"2026-03-31T12:28:19","slug":"rippenleggings-naturweis","status":"publish","type":"product","link":"https:\/\/woolskins.eu\/de_ch\/rib-legging-naturel-white\/","title":{"rendered":"A Basic Brand - Baby-Leggings Rippe | Naturwei\u00df"},"content":{"rendered":"<p>Unisex-Leggings aus geripptem Baumwollstoff mit verspielter, rauer Oberfl\u00e4che. Sie passen sich perfekt an die Kurven Ihrer Kleinen an. Kombinieren Sie sie mit einem Ripp-Sweatshirt f\u00fcr einen ganz l\u00e4ssigen Look.<\/p>\n<p>97% Baumwolle 3% Elastan.<\/p>\n<p>STANDARD 100 von OEKO-TEX\u00ae<\/p>\n<p>Gr\u00f6\u00dfen:<\/p>\n<p>0 m - 56 cm<br \/>\n3 m - 62 cm<br \/>\n6 m - 68 cm<br \/>\n1 y - 80cm<\/p>\n<h5>Eine Baby-Marke<\/h5>\n<p>Entdecken Sie eine wirklich minimalistische Garderobe voller praktischer Essentials. Kombinieren Sie unsere Unisex-Modelle und -Farben.  Kein Logo, kein Aufdruck, keine Aufregung.<\/p>\n<p>Unsere Mission ist es, Ihr Leben einfacher zu machen, daher ist eine der Hauptideen hinter unserer Philosophie PRAXIS. Au\u00dferdem liegt uns unser Planet sehr am Herzen und wir w\u00fcnschen uns, dass jeder ein minimalistischeres Leben f\u00fchrt und daher weniger Kleidung verbraucht (#CONSUMEWISELY).<\/p>\n<p>Deshalb ist die Qualit\u00e4t unserer Produkte so hoch wie m\u00f6glich. Sie k\u00f6nnen sie jahrelang benutzen und weitergeben, wenn Sie fertig sind. Wir verwenden hochwertige Stoffe mit GOTS Organic Cotton Zertifikat und STANDARD 100 von OEKO-TEX\u00ae. Alle unsere Produkte k\u00f6nnen beliebig oft in der Maschine gewaschen und im Trockner getrocknet werden. Sie werden feststellen, dass unser Baumwollfleece nicht einmal geb\u00fcgelt werden muss, um gut auszusehen.<\/p>","protected":false},"excerpt":{"rendered":"<p>Diese Leggings aus Rippstrick passt sich perfekt den Kurven Ihres Kindes an. Kombinieren Sie sie mit einem Ripp-Sweatshirt f\u00fcr einen l\u00e4ssigen Look.<\/p>","protected":false},"featured_media":9052,"comment_status":"closed","ping_status":"closed","template":"","meta":{"_acf_changed":false},"product_brand":[],"product_cat":[360,335,361,363,529,532],"product_tag":[],"class_list":{"0":"post-7477","1":"product","2":"type-product","3":"status-publish","4":"has-post-thumbnail","6":"product_cat-cadeautips","7":"product_cat-a_baby_brand","8":"product_cat-babyshower","9":"product_cat-cadeaus-e25-e50","10":"product_cat-katoenen-babykleertjes","11":"product_cat-katoenen-babybroekjes","12":"pa_maat-0-maanden","13":"pa_maat-1-jaar","14":"pa_maat-3-maanden","15":"pa_maat-6-maanden","17":"first","18":"instock","19":"taxable","20":"shipping-taxable","21":"purchasable","22":"product-type-variable"},"acf":[],"_links":{"self":[{"href":"https:\/\/woolskins.eu\/de_ch\/wp-json\/wp\/v2\/product\/7477","targetHints":{"allow":["GET"]}}],"collection":[{"href":"https:\/\/woolskins.eu\/de_ch\/wp-json\/wp\/v2\/product"}],"about":[{"href":"https:\/\/woolskins.eu\/de_ch\/wp-json\/wp\/v2\/types\/product"}],"replies":[{"embeddable":true,"href":"https:\/\/woolskins.eu\/de_ch\/wp-json\/wp\/v2\/comments?post=7477"}],"wp:featuredmedia":[{"embeddable":true,"href":"https:\/\/woolskins.eu\/de_ch\/wp-json\/wp\/v2\/media\/9052"}],"wp:attachment":[{"href":"https:\/\/woolskins.eu\/de_ch\/wp-json\/wp\/v2\/media?parent=7477"}],"wp:term":[{"taxonomy":"product_brand","embeddable":true,"href":"https:\/\/woolskins.eu\/de_ch\/wp-json\/wp\/v2\/product_brand?post=7477"},{"taxonomy":"product_cat","embeddable":true,"href":"https:\/\/woolskins.eu\/de_ch\/wp-json\/wp\/v2\/product_cat?post=7477"},{"taxonomy":"product_tag","embeddable":true,"href":"https:\/\/woolskins.eu\/de_ch\/wp-json\/wp\/v2\/product_tag?post=7477"}],"curies":[{"name":"wp","href":"https:\/\/api.w.org\/{rel}","templated":true}]}}