{"id":7410,"date":"2022-02-10T14:04:56","date_gmt":"2022-02-10T14:04:56","guid":{"rendered":"https:\/\/woolskins.eu\/?post_type=product&#038;p=7410"},"modified":"2026-03-31T12:24:23","modified_gmt":"2026-03-31T12:24:23","slug":"rippenmutze-nude-2","status":"publish","type":"product","link":"https:\/\/woolskins.eu\/de_ch\/rib-beanie-nude-2\/","title":{"rendered":"A Basic Brand - Baby M\u00fctze Rippe Beanie | Nackt"},"content":{"rendered":"<p>Rippenm\u00fctze aus Baumwolle. Eine l\u00e4ssige M\u00fctze und eine perfekte Erg\u00e4nzung f\u00fcr die Garderobe Ihres Kindes. Erh\u00e4ltlich in drei Gr\u00f6\u00dfen - von Neugeborenen bis zu Erwachsenen. Dieses breite Gr\u00f6\u00dfenspektrum macht A BABY BRAND zu einem perfekten Produkt f\u00fcr die Abstimmung zwischen Kind und Eltern.<\/p>\n<p>97% Baumwolle<br \/>\n3% Elastan<\/p>\n<p>STANDARD 100 von OEKO-TEX\u00ae<\/p>\n<p>Gr\u00f6\u00dfen<\/p>\n<p>S - 0\/6m<br \/>\nM - 6m\/2j<br \/>\nL - 2y +<\/p>\n<h5>Eine Baby-Marke<\/h5>\n<p>Entdecken Sie eine wirklich minimalistische Garderobe voller praktischer Essentials. Kombinieren Sie unsere Unisex-Modelle und -Farben.  Kein Logo, kein Aufdruck, keine Aufregung.<\/p>\n<p>Unsere Mission ist es, Ihr Leben einfacher zu machen, daher ist eine der Hauptideen hinter unserer Philosophie PRAXIS. Au\u00dferdem liegt uns unser Planet sehr am Herzen und wir w\u00fcnschen uns, dass jeder ein minimalistischeres Leben f\u00fchrt und daher weniger Kleidung verbraucht (#CONSUMEWISELY).<\/p>\n<p>Deshalb ist die Qualit\u00e4t unserer Produkte so hoch wie m\u00f6glich. Sie k\u00f6nnen sie jahrelang benutzen und weitergeben, wenn Sie fertig sind. Wir verwenden hochwertige Stoffe mit GOTS Organic Cotton Zertifikat und STANDARD 100 von OEKO-TEX\u00ae. Alle unsere Produkte k\u00f6nnen beliebig oft in der Maschine gewaschen und im Trockner getrocknet werden. Sie werden feststellen, dass unser Baumwollfleece nicht einmal geb\u00fcgelt werden muss, um gut auszusehen.<\/p>","protected":false},"excerpt":{"rendered":"<p>Baumwollm\u00fctze aus gerippter Baumwolle. Eine l\u00e4ssige M\u00fctze und eine perfekte Erg\u00e4nzung f\u00fcr die Garderobe Ihres Kindes.<\/p>","protected":false},"featured_media":7422,"comment_status":"closed","ping_status":"closed","template":"","meta":{"_acf_changed":false},"product_brand":[],"product_cat":[335,361,360,362,529,535],"product_tag":[],"class_list":{"0":"post-7410","1":"product","2":"type-product","3":"status-publish","4":"has-post-thumbnail","6":"product_cat-a_baby_brand","7":"product_cat-babyshower","8":"product_cat-cadeautips","9":"product_cat-cadeaus-tot-e-25","10":"product_cat-katoenen-babykleertjes","11":"product_cat-katoenen-babymuts-babysjaaltjes","12":"pa_maat-l","13":"pa_maat-m","14":"pa_maat-s","16":"first","17":"instock","18":"taxable","19":"shipping-taxable","20":"purchasable","21":"product-type-variable"},"acf":[],"_links":{"self":[{"href":"https:\/\/woolskins.eu\/de_ch\/wp-json\/wp\/v2\/product\/7410","targetHints":{"allow":["GET"]}}],"collection":[{"href":"https:\/\/woolskins.eu\/de_ch\/wp-json\/wp\/v2\/product"}],"about":[{"href":"https:\/\/woolskins.eu\/de_ch\/wp-json\/wp\/v2\/types\/product"}],"replies":[{"embeddable":true,"href":"https:\/\/woolskins.eu\/de_ch\/wp-json\/wp\/v2\/comments?post=7410"}],"wp:featuredmedia":[{"embeddable":true,"href":"https:\/\/woolskins.eu\/de_ch\/wp-json\/wp\/v2\/media\/7422"}],"wp:attachment":[{"href":"https:\/\/woolskins.eu\/de_ch\/wp-json\/wp\/v2\/media?parent=7410"}],"wp:term":[{"taxonomy":"product_brand","embeddable":true,"href":"https:\/\/woolskins.eu\/de_ch\/wp-json\/wp\/v2\/product_brand?post=7410"},{"taxonomy":"product_cat","embeddable":true,"href":"https:\/\/woolskins.eu\/de_ch\/wp-json\/wp\/v2\/product_cat?post=7410"},{"taxonomy":"product_tag","embeddable":true,"href":"https:\/\/woolskins.eu\/de_ch\/wp-json\/wp\/v2\/product_tag?post=7410"}],"curies":[{"name":"wp","href":"https:\/\/api.w.org\/{rel}","templated":true}]}}