{"id":7271,"date":"2022-02-09T11:44:46","date_gmt":"2022-02-09T11:44:46","guid":{"rendered":"https:\/\/woolskins.eu\/?post_type=product&#038;p=7271"},"modified":"2025-12-12T15:05:40","modified_gmt":"2025-12-12T15:05:40","slug":"ein-baby-marken-sweatshirt-naturweis","status":"publish","type":"product","link":"https:\/\/woolskins.eu\/de_ch\/a-baby-brand-sweatshirt-naturel-white\/","title":{"rendered":"A Basic Brand - Baby Sweatshirt | naturwei\u00df"},"content":{"rendered":"<p>Ein l\u00e4ssiges, lockeres Sweatshirt aus unserem ber\u00fchmten Soeple-Baumwollfleece. Diese ultra-bequeme Baumwollmischung f\u00fchlt sich unglaublich weich an und die Fleece-Innenseite wird sofort zu Ihrem Lieblingsst\u00fcck. Das Sweatshirt mit Rundhalsausschnitt hat ein minimalistisches, perfektes Raw-Finish, das nach jeder W\u00e4sche an Charakter gewinnt. F\u00fcr einen Oversize-Look bitte eine Nummer gr\u00f6\u00dfer nehmen.<\/p>\n<p>97% Baumwolle 3% Elastan. STANDARD 100 von OEKO-TEX\u00ae<\/p>\n<p>Gr\u00f6\u00dfen:<\/p>\n<p>Gesamtl\u00e4nge cm \/ \u00c4rmell\u00e4nge cm \/ Gesamtbreite cm<\/p>\n<p>6m - 30 \/ 23 \/ 29<br \/>\n1j - 33 \/ 27 \/ 31<\/p>\n<h5>Eine Baby-Marke<\/h5>\n<p>Entdecken Sie eine wirklich minimalistische Garderobe voller praktischer Essentials. Kombinieren Sie unsere Unisex-Modelle und -Farben.  Kein Logo, kein Aufdruck, keine Aufregung.<\/p>\n<p>Unsere Mission ist es, Ihr Leben einfacher zu machen, daher ist eine der Hauptideen hinter unserer Philosophie PRAXIS. Au\u00dferdem liegt uns unser Planet sehr am Herzen und wir w\u00fcnschen uns, dass jeder ein minimalistischeres Leben f\u00fchrt und daher weniger Kleidung verbraucht (#CONSUMEWISELY).<\/p>\n<p>Deshalb ist die Qualit\u00e4t unserer Produkte so hoch wie m\u00f6glich. Sie k\u00f6nnen sie jahrelang benutzen und weitergeben, wenn Sie fertig sind. Wir verwenden hochwertige Stoffe mit GOTS Organic Cotton Zertifikat und STANDARD 100 von OEKO-TEX\u00ae. Alle unsere Produkte k\u00f6nnen beliebig oft in der Maschine gewaschen und im Trockner getrocknet werden. Sie werden feststellen, dass unser Baumwollfleece nicht einmal geb\u00fcgelt werden muss, um gut auszusehen.<\/p>","protected":false},"excerpt":{"rendered":"<p>Ein l\u00e4ssiges, lockeres Sweatshirt aus unserem ber\u00fchmten Soeple-Baumwollfleece. Diese ultra-bequeme Baumwollmischung f\u00fchlt sich unglaublich weich an und die Fleece-Innenseite wird sofort zu Ihrem Lieblingsst\u00fcck.<\/p>","protected":false},"featured_media":7335,"comment_status":"closed","ping_status":"closed","template":"","meta":{"_acf_changed":false},"product_brand":[],"product_cat":[335,360,363,529,530],"product_tag":[],"class_list":{"0":"post-7271","1":"product","2":"type-product","3":"status-publish","4":"has-post-thumbnail","6":"product_cat-a_baby_brand","7":"product_cat-cadeautips","8":"product_cat-cadeaus-e25-e50","9":"product_cat-katoenen-babykleertjes","10":"product_cat-katoenen-babyshirt","11":"pa_maat-1-jaar","12":"pa_maat-6-maanden","14":"first","15":"instock","16":"taxable","17":"shipping-taxable","18":"purchasable","19":"product-type-variable"},"acf":[],"_links":{"self":[{"href":"https:\/\/woolskins.eu\/de_ch\/wp-json\/wp\/v2\/product\/7271","targetHints":{"allow":["GET"]}}],"collection":[{"href":"https:\/\/woolskins.eu\/de_ch\/wp-json\/wp\/v2\/product"}],"about":[{"href":"https:\/\/woolskins.eu\/de_ch\/wp-json\/wp\/v2\/types\/product"}],"replies":[{"embeddable":true,"href":"https:\/\/woolskins.eu\/de_ch\/wp-json\/wp\/v2\/comments?post=7271"}],"wp:featuredmedia":[{"embeddable":true,"href":"https:\/\/woolskins.eu\/de_ch\/wp-json\/wp\/v2\/media\/7335"}],"wp:attachment":[{"href":"https:\/\/woolskins.eu\/de_ch\/wp-json\/wp\/v2\/media?parent=7271"}],"wp:term":[{"taxonomy":"product_brand","embeddable":true,"href":"https:\/\/woolskins.eu\/de_ch\/wp-json\/wp\/v2\/product_brand?post=7271"},{"taxonomy":"product_cat","embeddable":true,"href":"https:\/\/woolskins.eu\/de_ch\/wp-json\/wp\/v2\/product_cat?post=7271"},{"taxonomy":"product_tag","embeddable":true,"href":"https:\/\/woolskins.eu\/de_ch\/wp-json\/wp\/v2\/product_tag?post=7271"}],"curies":[{"name":"wp","href":"https:\/\/api.w.org\/{rel}","templated":true}]}}