{"id":7263,"date":"2022-02-09T11:41:20","date_gmt":"2022-02-09T11:41:20","guid":{"rendered":"https:\/\/woolskins.eu\/?post_type=product&#038;p=7263"},"modified":"2026-03-31T12:42:28","modified_gmt":"2026-03-31T12:42:28","slug":"baby-suite-nackt","status":"publish","type":"product","link":"https:\/\/woolskins.eu\/de_ch\/babysuite-nude\/","title":{"rendered":"A Basic Brand - Babyanzug mit F\u00fc\u00dfen | Nude"},"content":{"rendered":"<p>Der ultimative Baby-Fu\u00dfanzug f\u00fcr den ganzen Tag und die ganze Nacht. Hergestellt aus ultraweichem, d\u00fcnnem Baumwollfleece, das sich unglaublich weich anf\u00fchlt - der weichstm\u00f6gliche Stoff f\u00fcr die empfindliche Haut Ihres Babys. Vollst\u00e4ndig zu \u00f6ffnen mit kleinen Druckkn\u00f6pfen f\u00fcr schnellen und einfachen Zugang. Das einfachste Design in einfachen Farben.<\/p>\n<p>97% Baumwolle 3% Elastan. STANDARD 100 von OEKO-TEX\u00ae<\/p>\n<p>Gr\u00f6\u00dfen:<\/p>\n<p>Schrittl\u00e4nge cm \/ Gesamtl\u00e4nge cm \/ \u00c4rmell\u00e4nge cm<\/p>\n<p>0m - 16 \/ 41 \/ 17<br \/>\n3m - 19 \/ 48 \/ 19<br \/>\n6m - 22 \/ 55 \/ 21<br \/>\n9m - 25 \/ 62 \/ 23<\/p>\n<h5>Eine Baby-Marke<\/h5>\n<p>Entdecken Sie eine wirklich minimalistische Garderobe voller praktischer Essentials. Kombinieren Sie unsere Unisex-Modelle und -Farben.  Kein Logo, kein Aufdruck, keine Aufregung.<\/p>\n<p>Unsere Mission ist es, Ihr Leben einfacher zu machen, daher ist eine der Hauptideen hinter unserer Philosophie PRAXIS. Au\u00dferdem liegt uns unser Planet sehr am Herzen und wir w\u00fcnschen uns, dass jeder ein minimalistischeres Leben f\u00fchrt und daher weniger Kleidung verbraucht (#CONSUMEWISELY).<\/p>\n<p>Deshalb ist die Qualit\u00e4t unserer Produkte so hoch wie m\u00f6glich. Sie k\u00f6nnen sie jahrelang benutzen und weitergeben, wenn Sie fertig sind. Wir verwenden hochwertige Stoffe mit GOTS Organic Cotton Zertifikat und STANDARD 100 von OEKO-TEX\u00ae. Alle unsere Produkte k\u00f6nnen beliebig oft in der Maschine gewaschen und im Trockner getrocknet werden. Sie werden feststellen, dass unser Baumwollfleece nicht einmal geb\u00fcgelt werden muss, um gut auszusehen.<\/p>","protected":false},"excerpt":{"rendered":"<p>Der ultimative Baby-Fu\u00dfanzug f\u00fcr den ganzen Tag und die ganze Nacht. Hergestellt aus ultraweichem, d\u00fcnnem Baumwollfleece, das sich unglaublich weich anf\u00fchlt - der weichste Stoff f\u00fcr die empfindliche Haut Ihres Babys.<\/p>","protected":false},"featured_media":7256,"comment_status":"closed","ping_status":"closed","template":"","meta":{"_acf_changed":false},"product_brand":[],"product_cat":[335,361,360,363,529,534],"product_tag":[],"class_list":{"0":"post-7263","1":"product","2":"type-product","3":"status-publish","4":"has-post-thumbnail","6":"product_cat-a_baby_brand","7":"product_cat-babyshower","8":"product_cat-cadeautips","9":"product_cat-cadeaus-e25-e50","10":"product_cat-katoenen-babykleertjes","11":"product_cat-katoenen-babypak","12":"pa_maat-0-maanden","13":"pa_maat-3-maanden","14":"pa_maat-6-maanden","16":"first","17":"instock","18":"taxable","19":"shipping-taxable","20":"purchasable","21":"product-type-variable"},"acf":[],"_links":{"self":[{"href":"https:\/\/woolskins.eu\/de_ch\/wp-json\/wp\/v2\/product\/7263","targetHints":{"allow":["GET"]}}],"collection":[{"href":"https:\/\/woolskins.eu\/de_ch\/wp-json\/wp\/v2\/product"}],"about":[{"href":"https:\/\/woolskins.eu\/de_ch\/wp-json\/wp\/v2\/types\/product"}],"replies":[{"embeddable":true,"href":"https:\/\/woolskins.eu\/de_ch\/wp-json\/wp\/v2\/comments?post=7263"}],"wp:featuredmedia":[{"embeddable":true,"href":"https:\/\/woolskins.eu\/de_ch\/wp-json\/wp\/v2\/media\/7256"}],"wp:attachment":[{"href":"https:\/\/woolskins.eu\/de_ch\/wp-json\/wp\/v2\/media?parent=7263"}],"wp:term":[{"taxonomy":"product_brand","embeddable":true,"href":"https:\/\/woolskins.eu\/de_ch\/wp-json\/wp\/v2\/product_brand?post=7263"},{"taxonomy":"product_cat","embeddable":true,"href":"https:\/\/woolskins.eu\/de_ch\/wp-json\/wp\/v2\/product_cat?post=7263"},{"taxonomy":"product_tag","embeddable":true,"href":"https:\/\/woolskins.eu\/de_ch\/wp-json\/wp\/v2\/product_tag?post=7263"}],"curies":[{"name":"wp","href":"https:\/\/api.w.org\/{rel}","templated":true}]}}