{"id":7214,"date":"2022-02-04T14:08:48","date_gmt":"2022-02-04T14:08:48","guid":{"rendered":"https:\/\/woolskins.eu\/?post_type=product&#038;p=7214"},"modified":"2025-02-08T18:34:03","modified_gmt":"2025-02-08T18:34:03","slug":"alwero-handwarmer-daumling-natur","status":"publish","type":"product","link":"https:\/\/woolskins.eu\/de_ch\/alwero-handwarmers-thumby-natural\/","title":{"rendered":"Damen-Handw\u00e4rmer aus Wolle - Thumby | Natural"},"content":{"rendered":"<p>Woolskins Handw\u00e4rmer aus Wolle sind in drei Farben erh\u00e4ltlich. Bei diesem Handschuh gibt es keine Finger und keinen Daumen, so dass man alles machen kann, w\u00e4hrend die H\u00e4nde sch\u00f6n warm bleiben.<br \/>\nDiese feinen Handschuhe sind aus 100% Wolle mit Elastin hergestellt, was einen guten Sitz an der Hand gew\u00e4hrleistet. Sie sind ideal, wenn Sie mit Ihrem Baby unterwegs sind.<\/p>\n<p>Diese Handw\u00e4rmer bieten eine trockene und angenehme Umgebung, die bei Handgelenk- und Gelenkschmerzen hilft. Sie verbessern die Durchblutung, was die Symptome lindert. Ideal z. B. f\u00fcr den Einsatz hinter einem Computer.<\/p>\n<p>Gr\u00f6\u00dfen in Zentimetern:<\/p>\n<p>S: 23 x 10 cm (L\u00e4nge und Breite am Handgelenk)<br \/>\nM: 24 x 11 cm (L\u00e4nge und Breite am Handgelenk)<br \/>\nL: 25 x 12 cm (L\u00e4nge und Breite am Handgelenk)<\/p>\n<p>Bei 30 \u00b0C im Wollwaschgang mit Wollwaschmittel waschen.<\/p>\n<div id=\"product-12858\" class=\"product type-product post-12858 status-publish first instock product_cat-cadeautips product_cat-cadeaus-tot-e-25 product_cat-alwero product_cat-yogamat-wol product_cat-accessoiresvoormama product_cat-fashion has-post-thumbnail taxable shipping-taxable purchasable product-type-variable ct-ajax-add-to-cart thumbs-bottom sticky-summary ct-default-gallery\">\n<div class=\"woocommerce-tabs wc-tabs-wrapper\" data-type=\"type-1:center\">\n<article>\n<div id=\"tab-description\" class=\"woocommerce-Tabs-panel woocommerce-Tabs-panel--description panel entry-content wc-tab\" role=\"tabpanel\" aria-labelledby=\"tab-title-description\">\n<h5>Etikett Wollfelle<\/h5>\n<p>Nach jahrelanger erfolgreicher Zusammenarbeit mit Alwero sind wir stolz darauf, unsere Produkte nun unter unserem eigenen Woolskins-Label anbieten zu k\u00f6nnen.<\/p>\n<p>Auf diese Weise erhalten Sie immer noch die beste Qualit\u00e4t, aber kombiniert mit den sch\u00f6nsten und einzigartigsten Produkten und Designs.<\/p>\n<p>Die Qualit\u00e4t der Stoffe und Farben bleibt wie immer, nur gibt es jetzt eine gr\u00f6\u00dfere Auswahl, mit der sich Woolskins zu profilieren gedenkt.<\/p>\n<p>Unsere breite Sammlung ist so gleichgesteld, dass sie eine gro\u00dfe Erg\u00e4nzung zu jedem Baby-Outfit, aus 100% europ\u00e4ischen Wolle, die atmet und ist f\u00fcr jede Jahreszeit geeignet sind.<\/p>\n<p>Wir setzen uns mit Begeisterung f\u00fcr ein nachhaltiges, nat\u00fcrliches und komfortables Produkt f\u00fcr Ihr Baby ein.<\/p>\n<\/div>\n<\/article>\n<\/div>\n<\/div>\n<section class=\"related products ct-hidden-sm ct-hidden-md\"><\/section>","protected":false},"excerpt":{"rendered":"<p>Wenn Sie auf der Suche nach einem Paar Handw\u00e4rmer aus Wolle sind, um sich selbst oder einem lieben Menschen eine Freude zu machen, empfehlen wir Ihnen diese Handw\u00e4rmer von Woolskins. In diesem Handschuh gibt es keine Finger und keinen Daumen, so dass Sie einfach alles machen k\u00f6nnen, w\u00e4hrend Ihre H\u00e4nde sch\u00f6n warm bleiben. Diese feinen Handschuhe sind aus 100% Wolle mit Elastin gefertigt und liegen daher gut in der Hand. Unsere Wollhandw\u00e4rmer Thumby sind eine gro\u00dfartige M\u00f6glichkeit, Ihre H\u00e4nde in den kalten Wintermonaten warm und bequem zu halten. Sie sind weich und atmungsaktiv, so dass sie auch f\u00fcr Menschen mit empfindlicher Haut geeignet sind, und sind in verschiedenen Farben und Gr\u00f6\u00dfen erh\u00e4ltlich.<\/p>\n<p><strong>Marke: Woolskins<\/strong><br \/>\n<strong>Produktion: Polen<\/strong><\/p>","protected":false},"featured_media":17599,"comment_status":"closed","ping_status":"closed","template":"","meta":{"_acf_changed":false},"product_brand":[],"product_cat":[351,362,350,31,194],"product_tag":[],"class_list":{"0":"post-7214","1":"product","2":"type-product","3":"status-publish","4":"has-post-thumbnail","6":"product_cat-accessoiresvoormama","7":"product_cat-cadeaus-tot-e-25","8":"product_cat-fashion","9":"product_cat-yogamat-wol","10":"product_cat-wollen-babyproducten","11":"pa_maat-l","12":"pa_maat-m","13":"pa_maat-s","15":"first","16":"outofstock","17":"taxable","18":"shipping-taxable","19":"purchasable","20":"product-type-variable"},"acf":[],"_links":{"self":[{"href":"https:\/\/woolskins.eu\/de_ch\/wp-json\/wp\/v2\/product\/7214","targetHints":{"allow":["GET"]}}],"collection":[{"href":"https:\/\/woolskins.eu\/de_ch\/wp-json\/wp\/v2\/product"}],"about":[{"href":"https:\/\/woolskins.eu\/de_ch\/wp-json\/wp\/v2\/types\/product"}],"replies":[{"embeddable":true,"href":"https:\/\/woolskins.eu\/de_ch\/wp-json\/wp\/v2\/comments?post=7214"}],"wp:featuredmedia":[{"embeddable":true,"href":"https:\/\/woolskins.eu\/de_ch\/wp-json\/wp\/v2\/media\/17599"}],"wp:attachment":[{"href":"https:\/\/woolskins.eu\/de_ch\/wp-json\/wp\/v2\/media?parent=7214"}],"wp:term":[{"taxonomy":"product_brand","embeddable":true,"href":"https:\/\/woolskins.eu\/de_ch\/wp-json\/wp\/v2\/product_brand?post=7214"},{"taxonomy":"product_cat","embeddable":true,"href":"https:\/\/woolskins.eu\/de_ch\/wp-json\/wp\/v2\/product_cat?post=7214"},{"taxonomy":"product_tag","embeddable":true,"href":"https:\/\/woolskins.eu\/de_ch\/wp-json\/wp\/v2\/product_tag?post=7214"}],"curies":[{"name":"wp","href":"https:\/\/api.w.org\/{rel}","templated":true}]}}