{"id":7212,"date":"2022-02-04T13:56:30","date_gmt":"2022-02-04T13:56:30","guid":{"rendered":"https:\/\/woolskins.eu\/?post_type=product&#038;p=7212"},"modified":"2026-05-01T11:46:14","modified_gmt":"2026-05-01T11:46:14","slug":"alwero-stillkissen-essential-beige","status":"publish","type":"product","link":"https:\/\/woolskins.eu\/de_ch\/alwero-voedingskussen-essential-beige\/","title":{"rendered":"F\u00fctterungskissen aus Wolle gefilzt-L | Beige"},"content":{"rendered":"<p>Sie verwenden das Stillkissen, indem Sie z. B. den unteren Teil zwischen Ihre Beine klemmen und Ihren Kopf auf den oberen Teil st\u00fctzen. Das Mittelteil legen Sie unter Ihren schwangeren Bauch, damit sich Ihr Gewicht besser verteilt. Auf diese Weise schmiegt sich das K\u00f6rperkissen sozusagen an Sie an, und auch Ihr R\u00fccken erh\u00e4lt die n\u00f6tige Unterst\u00fctzung.<\/p>\n<p>- Abdeckung aus Wolle.<br \/>\n- 100% Schurwolle Gefilzt mit Woolmark-Zertifizierung.<br \/>\n- Glatte, weiche und kompakte Struktur<br \/>\n- F\u00fcllung von Wollkugeln (100% \u00f6kologische Wolle).<br \/>\n- Innenkissen (\u00d6ko-Baumwolle) mit Rei\u00dfverschluss.<br \/>\n- Ger\u00e4uschlose nat\u00fcrliche F\u00fcllung!<br \/>\n- Geringes Gewicht (1,5 KG).<br \/>\n- Stillkissen &amp; Schwangerschaftskissen.<br \/>\n- Gr\u00f6\u00dfe 35 x 150 cm (Umfang Mitte 70 cm).<br \/>\n- Bezug und Innenkissen waschbar bei 30\u00b0C Wollwaschgang.<\/p>\n<p>Dieses Produkt tr\u00e4gt u. a. die G\u00fctesiegel Safe for Children und Woolmark.<\/p>\n<h5>Etikett Wollfelle<\/h5>\n<p>Nach jahrelanger erfolgreicher Zusammenarbeit mit Alwero sind wir stolz darauf, unsere Produkte nun unter unserem eigenen Woolskins-Label anbieten zu k\u00f6nnen.<\/p>\n<p>Auf diese Weise erhalten Sie immer noch die beste Qualit\u00e4t, aber kombiniert mit den sch\u00f6nsten und einzigartigsten Produkten und Designs.<\/p>\n<p>Die Qualit\u00e4t der Stoffe und Farben bleibt wie immer, nur gibt es jetzt eine gr\u00f6\u00dfere Auswahl, mit der sich Woolskins zu profilieren gedenkt.<\/p>\n<p>Unsere breite Sammlung ist so gleichgesteld, dass sie eine gro\u00dfe Erg\u00e4nzung zu jedem Baby-Outfit, aus 100% europ\u00e4ischen Wolle, die atmet und ist f\u00fcr jede Jahreszeit geeignet sind.<\/p>\n<p>Wir setzen uns mit Begeisterung f\u00fcr ein nachhaltiges, nat\u00fcrliches und m\u00f6glichst komfortables Produkt f\u00fcr Ihr Kind ein<\/p>","protected":false},"excerpt":{"rendered":"<p>Dieses Stillkissen aus Wolle ist \u00e4u\u00dferst bequem und beruhigend f\u00fcr Ihr Baby beim Stillen, denn es ist fl\u00fcsterleise und passt sich sofort der K\u00f6rpertemperatur Ihres Babys an. Es st\u00fctzt Ihren K\u00f6rper beim Schlafen und sorgt f\u00fcr einen erholsamen Schlaf, damit Sie am Morgen ausgeruht aufwachen.<\/p>\n<p>Da das Kissen und die F\u00fcllung aus Wolle bestehen, ist das Kissen atmungsaktiv und hypoallergen. Wollfasern haben die F\u00e4higkeit, wie ein nat\u00fcrlicher Thermostat zu wirken, der die K\u00f6rpertemperatur reguliert? Dies sorgt f\u00fcr eine stabile Temperatur und h\u00e4lt Sie und Ihr Baby trocken und komfortabel.<\/p>\n<p>Die einzigartige \u00f6kologische Wollball-F\u00fcllung ist gut st\u00fctzend f\u00fcr Ihren K\u00f6rper und den Ihres Kindes und da die F\u00fcllung keine Ger\u00e4usche macht (im Gegensatz zu z.B. Boxenf\u00fcllungen), k\u00f6nnen Sie Ihr Kind ungest\u00f6rt f\u00fcttern und so endlos miteinander genie\u00dfen. Die Wolle wird mit biologisch abbaubaren Waschmitteln gereinigt und gewaschen und durch das nat\u00fcrlich vorhandene Lanolin ist die Wolle staubfrei und somit antiallergisch.<\/p>\n<p><strong>Marke: Woolskins<\/strong><br \/>\n<strong>Produktion: Polen<\/strong><\/p>","protected":false},"featured_media":7211,"comment_status":"closed","ping_status":"closed","template":"","meta":{"_acf_changed":false},"product_brand":[],"product_cat":[349,360,364,31,210,194],"product_tag":[],"class_list":{"0":"post-7212","1":"product","2":"type-product","3":"status-publish","4":"has-post-thumbnail","6":"product_cat-borstvoedingenvoedingskussens","7":"product_cat-cadeautips","8":"product_cat-cadeaus-vanaf-e50","9":"product_cat-yogamat-wol","10":"product_cat-wollen-voedingskussen","11":"product_cat-wollen-babyproducten","13":"first","14":"instock","15":"taxable","16":"shipping-taxable","17":"purchasable","18":"product-type-simple"},"acf":[],"_links":{"self":[{"href":"https:\/\/woolskins.eu\/de_ch\/wp-json\/wp\/v2\/product\/7212","targetHints":{"allow":["GET"]}}],"collection":[{"href":"https:\/\/woolskins.eu\/de_ch\/wp-json\/wp\/v2\/product"}],"about":[{"href":"https:\/\/woolskins.eu\/de_ch\/wp-json\/wp\/v2\/types\/product"}],"replies":[{"embeddable":true,"href":"https:\/\/woolskins.eu\/de_ch\/wp-json\/wp\/v2\/comments?post=7212"}],"wp:featuredmedia":[{"embeddable":true,"href":"https:\/\/woolskins.eu\/de_ch\/wp-json\/wp\/v2\/media\/7211"}],"wp:attachment":[{"href":"https:\/\/woolskins.eu\/de_ch\/wp-json\/wp\/v2\/media?parent=7212"}],"wp:term":[{"taxonomy":"product_brand","embeddable":true,"href":"https:\/\/woolskins.eu\/de_ch\/wp-json\/wp\/v2\/product_brand?post=7212"},{"taxonomy":"product_cat","embeddable":true,"href":"https:\/\/woolskins.eu\/de_ch\/wp-json\/wp\/v2\/product_cat?post=7212"},{"taxonomy":"product_tag","embeddable":true,"href":"https:\/\/woolskins.eu\/de_ch\/wp-json\/wp\/v2\/product_tag?post=7212"}],"curies":[{"name":"wp","href":"https:\/\/api.w.org\/{rel}","templated":true}]}}