{"id":7093,"date":"2022-01-31T11:06:17","date_gmt":"2022-01-31T11:06:17","guid":{"rendered":"https:\/\/woolskins.eu\/?post_type=product&#038;p=7093"},"modified":"2025-11-21T10:36:57","modified_gmt":"2025-11-21T10:36:57","slug":"kuscheldecke-mit-schnullerschnur-beige-2","status":"publish","type":"product","link":"https:\/\/woolskins.eu\/de_ch\/knuffeldoekje-met-speenkoord-beige-2\/","title":{"rendered":"Kuscheldecke mit Schnullerkordel | Beige"},"content":{"rendered":"<p>Woolskins Kuscheldecke mit Schnullerkordel. Ideal f\u00fcr Ihr Baby zum Kuscheln und Spielen, da die knisternde F\u00fcllung ein s\u00fc\u00dfes Ger\u00e4usch macht. Die Kuscheldecke besteht aus 100% Wolle und ist u.a. mit den Labels \u2018Woolmark\u2019 und \u2018Safe for children\u2019 gekennzeichnet. Die Schnullerkordel ist praktisch, um den Schnuller Ihres Babys griffbereit zu haben und verhindert, dass er verloren geht.<\/p>\n<p>- 100% Schurwolle, Woolmark-Label.<br \/>\n- Die Abmessungen sind 18\u00d725 cm.<br \/>\n- Exklusive Zitze<\/p>\n<p>Mit der Kordel l\u00e4sst sich das Wollschnuller-Tuch leicht an jeder Art von Schnuller befestigen.<\/p>","protected":false},"excerpt":{"rendered":"<p>Woolskins bietet eine sch\u00f6ne Kuscheldecke aus Wolle mit Schnullerkordel. Dieses weiche und bequeme Tuch ist perfekt f\u00fcr Ihr Kleines zum Kuscheln und Spielen. Es ist aus hochwertiger Wolle gefertigt und in den Farben beige und grau erh\u00e4ltlich.<\/p>\n<p>Durch das niedliche Ger\u00e4usch der knisternden F\u00fcllung ist sie ideal f\u00fcr Ihr Baby zum Kuscheln und Spielen. Die kuschelige Decke ist aus 100% Wolle gefertigt und tr\u00e4gt zum Beispiel die G\u00fctesiegel \u2018Woolmark\u2019 und \u2018Safe for children\u2019.<\/p>\n<p>Woolskins ist der Spezialist f\u00fcr \u00f6kologische Lammfell- und Wollprodukte. Alle Produkte werden aus hochwertigen Materialien hergestellt und sind auf Komfort und Langlebigkeit ausgelegt. Diese kuschelige Decke mit Schnullerschnur ist daher eine verantwortungsvolle Wahl f\u00fcr Eltern, die Qualit\u00e4t und Stil suchen.<\/p>\n<p><strong>Marke: Woolskins<\/strong><br \/>\n<strong>Produktion: Polen<\/strong><\/p>","protected":false},"featured_media":5424,"comment_status":"closed","ping_status":"closed","template":"","meta":{"_acf_changed":false},"product_brand":[],"product_cat":[345,361,360,362,200,196,346,348,194],"product_tag":[],"class_list":{"0":"post-7093","1":"product","2":"type-product","3":"status-publish","4":"has-post-thumbnail","6":"product_cat-accessoires","7":"product_cat-babyshower","8":"product_cat-cadeautips","9":"product_cat-cadeaus-tot-e-25","10":"product_cat-wollen-babykleding","11":"product_cat-slaapkleding-baby","12":"product_cat-mutsjesensjaaltjes","13":"product_cat-kussens","14":"product_cat-wollen-babyproducten","16":"first","17":"instock","18":"taxable","19":"shipping-taxable","20":"purchasable","21":"product-type-simple"},"acf":[],"_links":{"self":[{"href":"https:\/\/woolskins.eu\/de_ch\/wp-json\/wp\/v2\/product\/7093","targetHints":{"allow":["GET"]}}],"collection":[{"href":"https:\/\/woolskins.eu\/de_ch\/wp-json\/wp\/v2\/product"}],"about":[{"href":"https:\/\/woolskins.eu\/de_ch\/wp-json\/wp\/v2\/types\/product"}],"replies":[{"embeddable":true,"href":"https:\/\/woolskins.eu\/de_ch\/wp-json\/wp\/v2\/comments?post=7093"}],"wp:featuredmedia":[{"embeddable":true,"href":"https:\/\/woolskins.eu\/de_ch\/wp-json\/wp\/v2\/media\/5424"}],"wp:attachment":[{"href":"https:\/\/woolskins.eu\/de_ch\/wp-json\/wp\/v2\/media?parent=7093"}],"wp:term":[{"taxonomy":"product_brand","embeddable":true,"href":"https:\/\/woolskins.eu\/de_ch\/wp-json\/wp\/v2\/product_brand?post=7093"},{"taxonomy":"product_cat","embeddable":true,"href":"https:\/\/woolskins.eu\/de_ch\/wp-json\/wp\/v2\/product_cat?post=7093"},{"taxonomy":"product_tag","embeddable":true,"href":"https:\/\/woolskins.eu\/de_ch\/wp-json\/wp\/v2\/product_tag?post=7093"}],"curies":[{"name":"wp","href":"https:\/\/api.w.org\/{rel}","templated":true}]}}