{"id":7026,"date":"2022-01-27T15:23:06","date_gmt":"2022-01-27T15:23:06","guid":{"rendered":"https:\/\/woolskins.eu\/?post_type=product&#038;p=7026"},"modified":"2026-04-13T18:57:05","modified_gmt":"2026-04-13T18:57:05","slug":"alwero-kinderbettdecke-essential-beige","status":"publish","type":"product","link":"https:\/\/woolskins.eu\/de_ch\/alwero-wiegdeken-essential-beige\/","title":{"rendered":"Wiegendecke aus Wolle \/ Babydecke - gefilzt | Beige"},"content":{"rendered":"<p>In dieser bequemen Wolldecke 100% aus Filz wird Ihr Kind schlafen und tr\u00e4umen. Die Decke f\u00e4llt sanft und ist sehr weich. Sie haben ein sch\u00f6nes und luxuri\u00f6ses Aussehen und sind \u00e4u\u00dferst bequem. Die Wolldecken sind atmungsaktiv und nehmen sofort die Temperatur Ihres Kindes an. Sie haben die ideale Gr\u00f6\u00dfe und das ideale Gewicht, um darunter zu schlafen oder darauf zu spielen. Verwenden Sie sie zu Hause oder unterwegs, um Ihr Kind gut warm zu halten.<\/p>\n<p>- 100% Schurwolle Gefilzt mit Woolmark-Zertifizierung.<br \/>\n- Glatte, weiche und kompakte Struktur<br \/>\n- Gute thermische Eigenschaften<br \/>\n- F\u00fcr zu Hause und unterwegs.<br \/>\n- Gr\u00f6\u00dfe: 65 x 90 cm, 90 x 130 cm und 150 x 200 cm.<br \/>\n- Europ\u00e4ische Produktion.<br \/>\n- waschbar bei 30\u00b0C im Wollwaschgang.<\/p>\n<p>Unsere Eco Wool Cradle Blankets sind dank der nat\u00fcrlichen Eigenschaften der Wollfasern sehr gut f\u00fcr die Kleinsten geeignet. Sie sind atmungsaktiv und haben die F\u00e4higkeit, als nat\u00fcrlicher Thermostat zu wirken, der die K\u00f6rpertemperatur reguliert? Dies hilft Ihrem Baby, die Temperatur konstant zu halten, und sorgt daf\u00fcr, dass es trocken und bequem bleibt. Dies geschieht dynamisch\u2018, d. h. es geschieht, wenn es gebraucht wird, und nicht, wenn es nicht gebraucht wird.<\/p>\n<p>Dieses Produkt tr\u00e4gt u. a. die G\u00fctesiegel Safe for Children und Woolmark.<\/p>\n<h5>Etikett Wollfelle<\/h5>\n<p>Nach jahrelanger erfolgreicher Zusammenarbeit mit Alwero sind wir stolz darauf, unsere Produkte nun unter unserem eigenen Woolskins-Label anbieten zu k\u00f6nnen.<\/p>\n<p>Auf diese Weise erhalten Sie immer noch die beste Qualit\u00e4t, aber kombiniert mit den sch\u00f6nsten und einzigartigsten Produkten und Designs.<\/p>\n<p>Die Qualit\u00e4t der Stoffe und Farben bleibt wie immer, nur gibt es jetzt eine gr\u00f6\u00dfere Auswahl, mit der sich Woolskins zu profilieren gedenkt.<\/p>\n<p>Unsere breite Sammlung ist so gleichgesteld, dass sie eine gro\u00dfe Erg\u00e4nzung zu jedem Baby-Outfit, aus 100% europ\u00e4ischen Wolle, die atmet und ist f\u00fcr jede Jahreszeit geeignet sind.<\/p>\n<p>Wir setzen uns mit Begeisterung f\u00fcr ein nachhaltiges, nat\u00fcrliches und m\u00f6glichst komfortables Produkt f\u00fcr Ihr Kind ein<\/p>","protected":false},"excerpt":{"rendered":"<p>Ihr Kind schl\u00e4ft und tr\u00e4umt unter dieser bequemen Wollwiege aus 100% Wolle. Die Wollwiegedecke ist geschmeidig und sehr weich und wird mit einem Deckenstich verarbeitet. Sie haben ein sch\u00f6nes und luxuri\u00f6ses Aussehen und geh\u00f6ren in jede Babyausstattung. Die Wolldecken sind atmungsaktiv und nehmen sofort die Temperatur Ihres Babys an. Sie haben die ideale Gr\u00f6\u00dfe und das ideale Gewicht, um darunter zu schlafen oder darauf zu spielen. Verwenden Sie sie zu Hause oder unterwegs, um Ihr Kind gut warm zu halten. Die Decke eignet sich f\u00fcr jede Jahreszeit und ist ein perfektes Geschenk f\u00fcr eine Babyparty oder einen Besuch im Mutterleib.<\/p>\n<p><strong>Marke: Woolskins<\/strong><br \/>\n<strong>Produktion: Polen<\/strong><\/p>","protected":false},"featured_media":17417,"comment_status":"closed","ping_status":"closed","template":"","meta":{"_acf_changed":false},"product_brand":[],"product_cat":[361,360,363,196,318,194],"product_tag":[],"class_list":{"0":"post-7026","1":"product","2":"type-product","3":"status-publish","4":"has-post-thumbnail","6":"product_cat-babyshower","7":"product_cat-cadeautips","8":"product_cat-cadeaus-e25-e50","9":"product_cat-slaapkleding-baby","10":"product_cat-wollen-wiegdeken-ledikantdeken","11":"product_cat-wollen-babyproducten","12":"pa_maat-100-x-150-cm","13":"pa_maat-150-x-200-cm","14":"pa_maat-65-x-90-cm","15":"pa_maat-75-x-100-cm","16":"pa_maat-90-x-130-cm","18":"first","19":"instock","20":"taxable","21":"shipping-taxable","22":"purchasable","23":"product-type-variable"},"acf":[],"_links":{"self":[{"href":"https:\/\/woolskins.eu\/de_ch\/wp-json\/wp\/v2\/product\/7026","targetHints":{"allow":["GET"]}}],"collection":[{"href":"https:\/\/woolskins.eu\/de_ch\/wp-json\/wp\/v2\/product"}],"about":[{"href":"https:\/\/woolskins.eu\/de_ch\/wp-json\/wp\/v2\/types\/product"}],"replies":[{"embeddable":true,"href":"https:\/\/woolskins.eu\/de_ch\/wp-json\/wp\/v2\/comments?post=7026"}],"wp:featuredmedia":[{"embeddable":true,"href":"https:\/\/woolskins.eu\/de_ch\/wp-json\/wp\/v2\/media\/17417"}],"wp:attachment":[{"href":"https:\/\/woolskins.eu\/de_ch\/wp-json\/wp\/v2\/media?parent=7026"}],"wp:term":[{"taxonomy":"product_brand","embeddable":true,"href":"https:\/\/woolskins.eu\/de_ch\/wp-json\/wp\/v2\/product_brand?post=7026"},{"taxonomy":"product_cat","embeddable":true,"href":"https:\/\/woolskins.eu\/de_ch\/wp-json\/wp\/v2\/product_cat?post=7026"},{"taxonomy":"product_tag","embeddable":true,"href":"https:\/\/woolskins.eu\/de_ch\/wp-json\/wp\/v2\/product_tag?post=7026"}],"curies":[{"name":"wp","href":"https:\/\/api.w.org\/{rel}","templated":true}]}}