{"id":7012,"date":"2022-01-27T15:12:42","date_gmt":"2022-01-27T15:12:42","guid":{"rendered":"https:\/\/woolskins.eu\/?post_type=product&#038;p=7012"},"modified":"2026-02-18T13:40:37","modified_gmt":"2026-02-18T13:40:37","slug":"alwero-wickeldecke-lammy-grau","status":"publish","type":"product","link":"https:\/\/woolskins.eu\/de_ch\/alwero-wikkeldeken-lammy-grijs\/","title":{"rendered":"Woll-Wickeldecke \/ Kapuzendecke f\u00fcr Baby - Thumbled | Hellgrau"},"content":{"rendered":"<p>Wollfasern sind atmungsaktiv und haben die F\u00e4higkeit, als nat\u00fcrlicher Thermostat zu wirken, der die K\u00f6rpertemperatur reguliert? Dies hilft Ihrem Baby, die Temperatur stabil zu halten und sorgt daf\u00fcr, dass es trocken und bequem bleibt. Dies geschieht \u2018dynamisch\u2019, d. h., es geschieht dann, wenn es gebraucht wird, und nicht, wenn es nicht gebraucht wird. Warm im Winter und k\u00fchl im Sommer.<\/p>\n<p>- 100% Schurwolle (Tumbled) mit Woolmark-Zertifizierung.<br \/>\n- F\u00fcr zu Hause und unterwegs.<br \/>\n- Gr\u00f6\u00dfe: 80 x 80 cm.<br \/>\n- Europ\u00e4ische Produktion.<br \/>\n- Waschbar bei 30\u00b0C im Wollwaschgang.<br \/>\n- Exklusiv erh\u00e4ltlich bei Woolskins.<\/p>\n<p>Gekn\u00fcllte Wollprodukte zeichnen sich durch ihre losen Wollfasern aus. Um die Fluffigkeit zu minimieren, ist es am besten, das Produkt vor dem Gebrauch au\u00dfen abzutupfen.<\/p>\n<p>Dieses Produkt tr\u00e4gt u. a. die G\u00fctesiegel Safe for Children und Woolmark.<\/p>\n<h5>Etikett Wollfelle<\/h5>\n<p>Nach jahrelanger erfolgreicher Zusammenarbeit mit Alwero sind wir stolz darauf, unsere Produkte nun unter unserem eigenen Woolskins-Label anbieten zu k\u00f6nnen.<\/p>\n<p>Auf diese Weise erhalten Sie immer noch die beste Qualit\u00e4t, aber kombiniert mit den sch\u00f6nsten und einzigartigsten Produkten und Designs.<\/p>\n<p>Die Qualit\u00e4t der Stoffe und Farben bleibt wie immer, nur gibt es jetzt eine gr\u00f6\u00dfere Auswahl, mit der sich Woolskins zu profilieren gedenkt.<\/p>\n<p>Unsere breite Sammlung ist so gleichgesteld, dass sie eine gro\u00dfe Erg\u00e4nzung zu jedem Baby-Outfit, aus 100% europ\u00e4ischen Wolle, die atmet und ist f\u00fcr jede Jahreszeit geeignet sind.<\/p>\n<p>Wir setzen uns mit Begeisterung f\u00fcr ein nachhaltiges, nat\u00fcrliches und komfortables Produkt f\u00fcr Ihr Baby ein.<\/p>","protected":false},"excerpt":{"rendered":"<p>Ihr Baby wird in dieser bequemen Wollkapuzendecke aus unserer \u2018Thumbled\u2019-Kollektion schlafen und tr\u00e4umen. Diese Kapuzen-\/Wolldecke f\u00e4llt sanft und ist sehr weich. Sie hat ein sch\u00f6nes und luxuri\u00f6ses Aussehen und ist \u00e4u\u00dferst bequem. Die Decke ist aus 100% Wolle gefertigt und nimmt sofort die Temperatur Ihres Kindes an. Sie eignet sich auch hervorragend zum Einwickeln oder zum bequemen F\u00fcttern Ihres Kindes. Sie k\u00f6nnen sie einfach mitnehmen, damit Ihr Kind immer die richtige Temperatur hat. Die Decke ist f\u00fcr jede Jahreszeit geeignet und ein perfektes Geschenk f\u00fcr eine Babyparty oder einen Besuch bei der Mutterschaft.<\/p>\n<p><strong>Marke: Woolskins<\/strong><br \/>\n<strong>Produktion: Polen<\/strong><\/p>","protected":false},"featured_media":17485,"comment_status":"closed","ping_status":"closed","template":"","meta":{"_acf_changed":false},"product_brand":[],"product_cat":[361,360,363,364,196,321,194],"product_tag":[],"class_list":{"0":"post-7012","1":"product","2":"type-product","3":"status-publish","4":"has-post-thumbnail","6":"product_cat-babyshower","7":"product_cat-cadeautips","8":"product_cat-cadeaus-e25-e50","9":"product_cat-cadeaus-vanaf-e50","10":"product_cat-slaapkleding-baby","11":"product_cat-wikkeldekens","12":"product_cat-wollen-babyproducten","14":"first","15":"instock","16":"taxable","17":"shipping-taxable","18":"purchasable","19":"product-type-simple"},"acf":[],"_links":{"self":[{"href":"https:\/\/woolskins.eu\/de_ch\/wp-json\/wp\/v2\/product\/7012","targetHints":{"allow":["GET"]}}],"collection":[{"href":"https:\/\/woolskins.eu\/de_ch\/wp-json\/wp\/v2\/product"}],"about":[{"href":"https:\/\/woolskins.eu\/de_ch\/wp-json\/wp\/v2\/types\/product"}],"replies":[{"embeddable":true,"href":"https:\/\/woolskins.eu\/de_ch\/wp-json\/wp\/v2\/comments?post=7012"}],"wp:featuredmedia":[{"embeddable":true,"href":"https:\/\/woolskins.eu\/de_ch\/wp-json\/wp\/v2\/media\/17485"}],"wp:attachment":[{"href":"https:\/\/woolskins.eu\/de_ch\/wp-json\/wp\/v2\/media?parent=7012"}],"wp:term":[{"taxonomy":"product_brand","embeddable":true,"href":"https:\/\/woolskins.eu\/de_ch\/wp-json\/wp\/v2\/product_brand?post=7012"},{"taxonomy":"product_cat","embeddable":true,"href":"https:\/\/woolskins.eu\/de_ch\/wp-json\/wp\/v2\/product_cat?post=7012"},{"taxonomy":"product_tag","embeddable":true,"href":"https:\/\/woolskins.eu\/de_ch\/wp-json\/wp\/v2\/product_tag?post=7012"}],"curies":[{"name":"wp","href":"https:\/\/api.w.org\/{rel}","templated":true}]}}