{"id":6886,"date":"2022-01-17T14:09:10","date_gmt":"2022-01-17T14:09:10","guid":{"rendered":"https:\/\/woolskins.eu\/?post_type=product&#038;p=6886"},"modified":"2026-03-03T13:15:00","modified_gmt":"2026-03-03T13:15:00","slug":"alwero-wickeldecke-wingy-grau","status":"publish","type":"product","link":"https:\/\/woolskins.eu\/de_ch\/alwero-wikkeldeken-wingy-grijs\/","title":{"rendered":"Woolen Wrap Blanket for Baby | Wingy Duo ecru\/Light Grey"},"content":{"rendered":"<p>Ihr Baby schl\u00e4ft und tr\u00e4umt in dieser bequemen Woll-Wickeldecke Wingy Duo. Diese Wickeldecke f\u00e4llt sanft und ist sehr weich. Sie hat ein sch\u00f6nes und luxuri\u00f6ses Aussehen und ist \u00e4u\u00dferst bequem. Die Wickeldecke ist aus 100% Wolle hergestellt und nimmt sofort die Temperatur Ihres Kindes an. Dank der \u00d6ffnungen f\u00fcr die Sicherheitsgurte (5-Punkt) passt sie gut in den Kinderwagen und bringt Ihr Kind warm und bequem nach drau\u00dfen.<\/p>\n<p>Wolle ist atmungsaktiv und nimmt sofort die Temperatur Ihres Babys an. Warm im Winter und k\u00fchl im Sommer. Praktisch f\u00fcr zu Hause und f\u00fcr die Verwendung im Maxi-Cosi oder Kinderwagen.<\/p>\n<p>- 100% Schurwolle mit Woolmark-Zertifizierung.<br \/>\n- F\u00fcr zu Hause und unterwegs.<br \/>\n- \u00d6ffnungen f\u00fcr die Sicherheitsgurte (5-Punkt).<br \/>\n- L\u00e4nge 80 cm (Alter bis zu +\/- 1 Jahr)<br \/>\n- waschbar bei 30\u00b0C im Wollwaschgang.<\/p>\n<p>Wollfasern sind atmungsaktiv und haben die F\u00e4higkeit, als nat\u00fcrlicher Thermostat zu wirken, der die K\u00f6rpertemperatur reguliert? Dies hilft Ihrem Baby, die Temperatur stabil zu halten und sorgt daf\u00fcr, dass es trocken und bequem bleibt. Dies geschieht \u2018dynamisch\u2019, d. h., es geschieht dann, wenn es gebraucht wird, und nicht, wenn es nicht gebraucht wird. Warm im Winter und k\u00fchl im Sommer.<\/p>\n<p>Dieses Produkt tr\u00e4gt u. a. die G\u00fctesiegel Safe for Children und Woolmark.<\/p>\n<h5>Etikett Wollfelle<\/h5>\n<p>Nach jahrelanger erfolgreicher Zusammenarbeit mit Alwero sind wir stolz darauf, unsere Produkte nun unter unserem eigenen Woolskins-Label anbieten zu k\u00f6nnen.<\/p>\n<p>Auf diese Weise erhalten Sie immer noch die beste Qualit\u00e4t, aber kombiniert mit den sch\u00f6nsten und einzigartigsten Produkten und Designs.<\/p>\n<p>Die Qualit\u00e4t der Stoffe und Farben bleibt wie immer, nur gibt es jetzt eine gr\u00f6\u00dfere Auswahl, mit der sich Woolskins zu profilieren gedenkt.<\/p>\n<p>Unsere breite Sammlung ist so gleichgesteld, dass sie eine gro\u00dfe Erg\u00e4nzung zu jedem Baby-Outfit, aus 100% europ\u00e4ischen Wolle, die atmet und ist f\u00fcr jede Jahreszeit geeignet sind.<\/p>\n<p>Wir setzen uns mit Begeisterung f\u00fcr ein nachhaltiges, nat\u00fcrliches und m\u00f6glichst komfortables Produkt f\u00fcr Ihr Kind ein.<\/p>","protected":false},"excerpt":{"rendered":"<p>Ihr Baby wird in dieser bequemen Alwero-Wolldecke Wingy Duo schlafen und tr\u00e4umen. Diese Tragetuchdecke f\u00e4llt weich und ist sehr weich. Sie haben ein sch\u00f6nes und luxuri\u00f6ses Aussehen und sind extrem bequem. Die Einschlagdecke ist aus 100% Wolle gefertigt und nimmt sofort die Temperatur Ihres Kindes an. Dank der \u00d6ffnungen f\u00fcr die Sicherheitsgurte (5-Punkt), passt sie gut in den Kinderwagen und nimmt Ihr Kind drau\u00dfen warm und bequem.<\/p>\n<p><strong>Marke: Woolskins<\/strong><br \/>\n<strong>Produktion: Polen<\/strong><\/p>","protected":false},"featured_media":17540,"comment_status":"closed","ping_status":"closed","template":"","meta":{"_acf_changed":false},"product_brand":[],"product_cat":[361,360,364,196,321,194],"product_tag":[],"class_list":{"0":"post-6886","1":"product","2":"type-product","3":"status-publish","4":"has-post-thumbnail","6":"product_cat-babyshower","7":"product_cat-cadeautips","8":"product_cat-cadeaus-vanaf-e50","9":"product_cat-slaapkleding-baby","10":"product_cat-wikkeldekens","11":"product_cat-wollen-babyproducten","13":"first","14":"instock","15":"taxable","16":"shipping-taxable","17":"purchasable","18":"product-type-simple"},"acf":[],"_links":{"self":[{"href":"https:\/\/woolskins.eu\/de_ch\/wp-json\/wp\/v2\/product\/6886","targetHints":{"allow":["GET"]}}],"collection":[{"href":"https:\/\/woolskins.eu\/de_ch\/wp-json\/wp\/v2\/product"}],"about":[{"href":"https:\/\/woolskins.eu\/de_ch\/wp-json\/wp\/v2\/types\/product"}],"replies":[{"embeddable":true,"href":"https:\/\/woolskins.eu\/de_ch\/wp-json\/wp\/v2\/comments?post=6886"}],"wp:featuredmedia":[{"embeddable":true,"href":"https:\/\/woolskins.eu\/de_ch\/wp-json\/wp\/v2\/media\/17540"}],"wp:attachment":[{"href":"https:\/\/woolskins.eu\/de_ch\/wp-json\/wp\/v2\/media?parent=6886"}],"wp:term":[{"taxonomy":"product_brand","embeddable":true,"href":"https:\/\/woolskins.eu\/de_ch\/wp-json\/wp\/v2\/product_brand?post=6886"},{"taxonomy":"product_cat","embeddable":true,"href":"https:\/\/woolskins.eu\/de_ch\/wp-json\/wp\/v2\/product_cat?post=6886"},{"taxonomy":"product_tag","embeddable":true,"href":"https:\/\/woolskins.eu\/de_ch\/wp-json\/wp\/v2\/product_tag?post=6886"}],"curies":[{"name":"wp","href":"https:\/\/api.w.org\/{rel}","templated":true}]}}