{"id":6842,"date":"2021-09-23T12:07:47","date_gmt":"2021-09-23T12:07:47","guid":{"rendered":"https:\/\/woolskins.eu\/?post_type=product&#038;p=6842"},"modified":"2024-02-28T10:30:54","modified_gmt":"2024-02-28T10:30:54","slug":"moms-bag-lammy-ecru","status":"publish","type":"product","link":"https:\/\/woolskins.eu\/de_ch\/moms-bag-lammy-ecru\/","title":{"rendered":"Mom Bag Wool - Daumendruck | ecru"},"content":{"rendered":"<p>Die Tasche ist mit einem wasserdichten Stoff gef\u00fcttert und bietet viel Stauraum. Sie ist in verschiedenen modischen Farben erh\u00e4ltlich und l\u00e4sst sich gut mit allen anderen Produkten aus unserem Thumbled-Sortiment kombinieren.<\/p>\n<p>- Abmessungen: 58 x 42 cm<br \/>\n- Bequeme Griffe<br \/>\n- 100% Wolle (wasserdichtes Innenfutter)<\/p>\n<h5>Etikett Wollfelle<\/h5>\n<p>Nach jahrelanger erfolgreicher Zusammenarbeit mit Alwero sind wir stolz darauf, unsere Produkte nun unter unserem eigenen Woolskins-Label anbieten zu k\u00f6nnen.<\/p>\n<p>Auf diese Weise erhalten Sie immer noch die beste Qualit\u00e4t, aber kombiniert mit den sch\u00f6nsten und einzigartigsten Produkten und Designs.<\/p>\n<p>Die Qualit\u00e4t der Stoffe und Farben bleibt wie immer, nur gibt es jetzt eine gr\u00f6\u00dfere Auswahl, mit der sich Woolskins zu profilieren gedenkt.<\/p>\n<p>Unsere breite Sammlung ist so gleichgesteld, dass sie eine gro\u00dfe Erg\u00e4nzung zu jedem Baby-Outfit, aus 100% europ\u00e4ischen Wolle, die atmet und ist f\u00fcr jede Jahreszeit geeignet sind.<\/p>\n<p>Wir setzen uns mit Begeisterung f\u00fcr ein nachhaltiges, nat\u00fcrliches und komfortables Produkt f\u00fcr Ihr Baby ein.<\/p>","protected":false},"excerpt":{"rendered":"<p>Diese praktische Mom Bag von Woolskins ist ideal, um sie am Kinderwagen zu befestigen oder als Shopper zu verwenden. Ein echtes Must-Have, wenn man viel unterwegs ist. Die Tasche ist mit einem wasserdichten Stoff gef\u00fcttert, so dass Sie sie bei Regen auch von innen verwenden k\u00f6nnen. Unsere Mom Bag ist ein vielseitiges und praktisches Accessoire, das das Leben jeder Mutter leichter macht. In der Mom Bag k\u00f6nnen Sie alles Notwendige f\u00fcr Ihr Baby verstauen, wie Windeln, Feuchtt\u00fccher, Fl\u00e4schchen, Spielzeug und Kleidung, aber auch Ihre pers\u00f6nlichen Dinge wie Telefon, Schl\u00fcssel und Kosmetika. Unsere Mom Bag ist in verschiedenen stilvollen Farben erh\u00e4ltlich und l\u00e4sst sich gut mit allen anderen Produkten unserer Thumbled-Serie kombinieren.<\/p>\n<p><strong>Marke: Woolskins<\/strong><br \/>\n<strong>Produktion: Polen<\/strong><\/p>","protected":false},"featured_media":7177,"comment_status":"closed","ping_status":"closed","template":"","meta":{"_acf_changed":false},"product_brand":[],"product_cat":[351,364,350,31,196,194],"product_tag":[],"class_list":{"0":"post-6842","1":"product","2":"type-product","3":"status-publish","4":"has-post-thumbnail","6":"product_cat-accessoiresvoormama","7":"product_cat-cadeaus-vanaf-e50","8":"product_cat-fashion","9":"product_cat-yogamat-wol","10":"product_cat-slaapkleding-baby","11":"product_cat-wollen-babyproducten","13":"first","14":"outofstock","15":"sale","16":"taxable","17":"shipping-taxable","18":"purchasable","19":"product-type-simple"},"acf":[],"_links":{"self":[{"href":"https:\/\/woolskins.eu\/de_ch\/wp-json\/wp\/v2\/product\/6842","targetHints":{"allow":["GET"]}}],"collection":[{"href":"https:\/\/woolskins.eu\/de_ch\/wp-json\/wp\/v2\/product"}],"about":[{"href":"https:\/\/woolskins.eu\/de_ch\/wp-json\/wp\/v2\/types\/product"}],"replies":[{"embeddable":true,"href":"https:\/\/woolskins.eu\/de_ch\/wp-json\/wp\/v2\/comments?post=6842"}],"wp:featuredmedia":[{"embeddable":true,"href":"https:\/\/woolskins.eu\/de_ch\/wp-json\/wp\/v2\/media\/7177"}],"wp:attachment":[{"href":"https:\/\/woolskins.eu\/de_ch\/wp-json\/wp\/v2\/media?parent=6842"}],"wp:term":[{"taxonomy":"product_brand","embeddable":true,"href":"https:\/\/woolskins.eu\/de_ch\/wp-json\/wp\/v2\/product_brand?post=6842"},{"taxonomy":"product_cat","embeddable":true,"href":"https:\/\/woolskins.eu\/de_ch\/wp-json\/wp\/v2\/product_cat?post=6842"},{"taxonomy":"product_tag","embeddable":true,"href":"https:\/\/woolskins.eu\/de_ch\/wp-json\/wp\/v2\/product_tag?post=6842"}],"curies":[{"name":"wp","href":"https:\/\/api.w.org\/{rel}","templated":true}]}}