{"id":6834,"date":"2021-09-23T11:52:55","date_gmt":"2021-09-23T11:52:55","guid":{"rendered":"https:\/\/woolskins.eu\/?post_type=product&#038;p=6834"},"modified":"2026-04-08T13:58:38","modified_gmt":"2026-04-08T13:58:38","slug":"alwero-fussack-essential-grau","status":"publish","type":"product","link":"https:\/\/woolskins.eu\/de_ch\/alwero-voetenzak-essential-grijs\/","title":{"rendered":"Wollen Voetenzak Bakigo &#8211; Slaapzak voor Buggy en Kinderwagen | Felted Lichtgrijs"},"content":{"rendered":"<div id=\"product-11970\" class=\"product type-product post-11970 status-publish first instock product_cat-babyshower product_cat-cadeaus-vanaf-e50 product_cat-cadeautips product_cat-alwero product_cat-slaapkleding-baby product_cat-voetenzakken product_cat-best-verkocht has-post-thumbnail taxable shipping-taxable purchasable product-type-simple ct-ajax-add-to-cart thumbs-bottom sticky-summary ct-default-gallery\">\n<div class=\"woocommerce-tabs wc-tabs-wrapper\" data-type=\"type-1:center\">\n<article>\n<div id=\"tab-description\" class=\"woocommerce-Tabs-panel woocommerce-Tabs-panel--description panel entry-content wc-tab\" role=\"tabpanel\" aria-labelledby=\"tab-title-description\">\n<p>Unsere Eco Wool Fu\u00dfs\u00e4cke f\u00fcr Buggy und Maxi-Cosi sind dank der nat\u00fcrlichen Eigenschaften der Wollfasern ideal f\u00fcr die Kleinsten. Sie sind atmungsaktiv und haben die F\u00e4higkeit, als nat\u00fcrlicher Thermostat zu wirken, der die K\u00f6rpertemperatur reguliert? Das hilft Ihrem Baby, die Temperatur konstant zu halten und sorgt daf\u00fcr, dass es trocken und bequem bleibt. Dieses Produkt tr\u00e4gt u. a. die G\u00fctesiegel Safe for Children und Woolmark.<\/p>\n<p>- 5 cm l\u00e4nger, so dass er l\u00e4nger verwendet werden kann.<br \/>\n- 100% Schurwolle, Woolmark-Label.<br \/>\n- F\u00fcr zu Hause und unterwegs.<br \/>\n- \u00d6ffnungen f\u00fcr die Sicherheitsgurte (5-Punkt).<br \/>\n- L\u00e4nge 90cm x Breite 45cm.<br \/>\n- waschbar bei 30\u00b0C im Wollwaschgang.<\/p>\n<h5>Etikett Wollfelle<\/h5>\n<p>Nach jahrelanger erfolgreicher Zusammenarbeit mit Alwero sind wir stolz darauf, unsere Produkte nun unter unserem eigenen Woolskins-Label anbieten zu k\u00f6nnen.<\/p>\n<p>Auf diese Weise erhalten Sie immer noch die beste Qualit\u00e4t, aber kombiniert mit den sch\u00f6nsten und einzigartigsten Produkten und Designs.<\/p>\n<p>Die Qualit\u00e4t der Stoffe und Farben bleibt wie immer, nur gibt es jetzt eine gr\u00f6\u00dfere Auswahl, mit der sich Woolskins zu profilieren gedenkt.<\/p>\n<p>Unsere breite Sammlung ist so gleichgesteld, dass sie eine gro\u00dfe Erg\u00e4nzung zu jedem Baby-Outfit, aus 100% europ\u00e4ischen Wolle, die atmet und ist f\u00fcr jede Jahreszeit geeignet sind.<\/p>\n<p>Wir setzen uns mit Begeisterung f\u00fcr ein nachhaltiges, nat\u00fcrliches und komfortables Produkt f\u00fcr Ihr Baby ein.<\/p>\n<\/div>\n<\/article>\n<\/div>\n<\/div>\n<section class=\"related products ct-hidden-sm ct-hidden-md\"><\/section>","protected":false},"excerpt":{"rendered":"<p>Kuscheln Sie sich mit Ihrem Kind in diesen warmen Woolskins Wollfu\u00dfsack f\u00fcr Kinderwagen und Buggy. Woolskins hat diesen Fu\u00dfsack 5 cm l\u00e4nger gemacht, damit er l\u00e4nger verwendet werden kann, und er hat auch eine extra gro\u00dfe \u00d6ffnung f\u00fcr das Sicherheitsventil. Perfekt f\u00fcr den Buggy und geh\u00f6rt in jede Babyausstattung. Wolle nimmt sofort die Temperatur Ihres Kindes an und h\u00e4lt sie, ohne es ins Schwitzen zu bringen. Dank der guten Eigenschaften von Wolle ist Ihr Kind warm und bequem. Der Woolskins Fu\u00dfsack Bakigo kann das ganze Jahr \u00fcber verwendet werden, am besten jedoch im Fr\u00fchling, Winter und Herbst. Sie k\u00f6nnen sicher sein, dass Ihr Kind in dem Woolskins-Fu\u00dfsack sch\u00f6n warm ist.<\/p>\n<p><strong>Marke: Woolskins<\/strong><br \/>\n<strong>Produktion: Polen<\/strong><\/p>\n<p>&nbsp;<\/p>","protected":false},"featured_media":6835,"comment_status":"closed","ping_status":"closed","template":"","meta":{"_acf_changed":false},"product_brand":[],"product_cat":[361,360,364,196,336,194],"product_tag":[],"class_list":{"0":"post-6834","1":"product","2":"type-product","3":"status-publish","4":"has-post-thumbnail","6":"product_cat-babyshower","7":"product_cat-cadeautips","8":"product_cat-cadeaus-vanaf-e50","9":"product_cat-slaapkleding-baby","10":"product_cat-voetenzakken","11":"product_cat-wollen-babyproducten","13":"first","14":"outofstock","15":"taxable","16":"shipping-taxable","17":"purchasable","18":"product-type-simple"},"acf":[],"_links":{"self":[{"href":"https:\/\/woolskins.eu\/de_ch\/wp-json\/wp\/v2\/product\/6834","targetHints":{"allow":["GET"]}}],"collection":[{"href":"https:\/\/woolskins.eu\/de_ch\/wp-json\/wp\/v2\/product"}],"about":[{"href":"https:\/\/woolskins.eu\/de_ch\/wp-json\/wp\/v2\/types\/product"}],"replies":[{"embeddable":true,"href":"https:\/\/woolskins.eu\/de_ch\/wp-json\/wp\/v2\/comments?post=6834"}],"wp:featuredmedia":[{"embeddable":true,"href":"https:\/\/woolskins.eu\/de_ch\/wp-json\/wp\/v2\/media\/6835"}],"wp:attachment":[{"href":"https:\/\/woolskins.eu\/de_ch\/wp-json\/wp\/v2\/media?parent=6834"}],"wp:term":[{"taxonomy":"product_brand","embeddable":true,"href":"https:\/\/woolskins.eu\/de_ch\/wp-json\/wp\/v2\/product_brand?post=6834"},{"taxonomy":"product_cat","embeddable":true,"href":"https:\/\/woolskins.eu\/de_ch\/wp-json\/wp\/v2\/product_cat?post=6834"},{"taxonomy":"product_tag","embeddable":true,"href":"https:\/\/woolskins.eu\/de_ch\/wp-json\/wp\/v2\/product_tag?post=6834"}],"curies":[{"name":"wp","href":"https:\/\/api.w.org\/{rel}","templated":true}]}}