{"id":6605,"date":"2021-09-01T12:54:16","date_gmt":"2021-09-01T12:54:16","guid":{"rendered":"https:\/\/woolskins.eu\/onderhoudsset"},"modified":"2023-09-22T12:11:21","modified_gmt":"2023-09-22T12:11:21","slug":"wartungssatz","status":"publish","type":"product","link":"https:\/\/woolskins.eu\/de_ch\/onderhoudsset\/","title":{"rendered":"Wartungskit"},"content":{"rendered":"<p>Am besten pflegt man sein Fell, indem man es regelm\u00e4\u00dfig abtupft und kurz b\u00fcrstet. So bleibt Ihr Fell sch\u00f6n und gepflegt.<\/p>\n<p>Wir empfehlen, mit dem Waschen Ihres \u2018waschbaren\u2019 Fells so lange wie m\u00f6glich zu warten, damit alle guten Eigenschaften des Fells erhalten bleiben. In der Regel reicht es aus, das Fell drau\u00dfen zu l\u00fcften oder es bei einem kleinen Unfall mit einem feuchten Waschlappen abzuwischen.<\/p>\n<p>Wenn Sie Ihren Mantel waschen wollen, k\u00f6nnen Sie dies nur mit unseren Medical Grade (goldgelb) M\u00e4nteln im 30-Grad-Woll-Feinwaschprogramm tun. Wir haben daf\u00fcr ein spezielles \u00f6kologisches Wollwaschmittel mit Lanolin. Sie k\u00f6nnen diese M\u00e4ntel auch im Trockner bei niedriger Temperatur trocknen.<\/p>\n<p>Waschanleitung:<\/p>\n<p>Legen Sie den Mantel in die Waschmaschine und geben Sie 50 ml Eco Wool Wash in die Seifenschublade.<br \/>\n2. waschen Sie den Mantel im Woll-\/Feinwaschprogramm bei 30 C (kurze Waschg\u00e4nge).<br \/>\n3. Legen Sie das Fell mit der Lederseite auf ein Handtuch und rollen Sie es auf. Dr\u00fccken Sie es fest an, damit das restliche Wasser so weit wie m\u00f6glich in das Handtuch eindringt.<br \/>\n4. lassen Sie den Mantel auf einer ebenen Fl\u00e4che trocknen oder geben Sie ihn bei niedriger - NICHT HEISSER - Temperatur in den Trockner. - Temperatur.<br \/>\n5. Danach lassen Sie den Mantel noch ein wenig trocknen und bringen ihn vorsichtig in Form.<\/p>\n<p>B\u00fcrsten Sie dann bei Bedarf erneut. Nach dem Waschen kann sich die Lederseite ein wenig steif anf\u00fchlen. Das wird im Laufe des Gebrauchs von selbst weicher.<\/p>\n<p>VORSICHT! AUSSERHALB DER REICHWEITE VON KINDERN AUFBEWAHREN!<\/p>\n<p>*F\u00fcr das Waschen Ihres Mantels sind Sie immer selbst verantwortlich.<\/p>","protected":false},"excerpt":{"rendered":"<p>Dieses Pflegeset ist speziell f\u00fcr die Pflege von (waschbaren) Schafsfellen geeignet. Das \u00f6kologische Waschmittel auf Oliven\u00f6lbasis hat eine fettbindende Wirkung und enth\u00e4lt Lanolin, um die gesunden Eigenschaften und die Geschmeidigkeit des Fells zu erhalten. 250 ml = 5x waschen.<\/p>","protected":false},"featured_media":7907,"comment_status":"closed","ping_status":"closed","template":"","meta":{"_acf_changed":false},"product_brand":[],"product_cat":[357,216,222,354],"product_tag":[],"class_list":{"0":"post-6605","1":"product","2":"type-product","3":"status-publish","4":"has-post-thumbnail","6":"product_cat-onderhoud","7":"product_cat-schapenvacht-voor-baby","8":"product_cat-buggy-schapenvachtjes","9":"product_cat-woolskins","11":"first","12":"instock","13":"taxable","14":"shipping-taxable","15":"purchasable","16":"product-type-simple"},"acf":[],"_links":{"self":[{"href":"https:\/\/woolskins.eu\/de_ch\/wp-json\/wp\/v2\/product\/6605","targetHints":{"allow":["GET"]}}],"collection":[{"href":"https:\/\/woolskins.eu\/de_ch\/wp-json\/wp\/v2\/product"}],"about":[{"href":"https:\/\/woolskins.eu\/de_ch\/wp-json\/wp\/v2\/types\/product"}],"replies":[{"embeddable":true,"href":"https:\/\/woolskins.eu\/de_ch\/wp-json\/wp\/v2\/comments?post=6605"}],"wp:featuredmedia":[{"embeddable":true,"href":"https:\/\/woolskins.eu\/de_ch\/wp-json\/wp\/v2\/media\/7907"}],"wp:attachment":[{"href":"https:\/\/woolskins.eu\/de_ch\/wp-json\/wp\/v2\/media?parent=6605"}],"wp:term":[{"taxonomy":"product_brand","embeddable":true,"href":"https:\/\/woolskins.eu\/de_ch\/wp-json\/wp\/v2\/product_brand?post=6605"},{"taxonomy":"product_cat","embeddable":true,"href":"https:\/\/woolskins.eu\/de_ch\/wp-json\/wp\/v2\/product_cat?post=6605"},{"taxonomy":"product_tag","embeddable":true,"href":"https:\/\/woolskins.eu\/de_ch\/wp-json\/wp\/v2\/product_tag?post=6605"}],"curies":[{"name":"wp","href":"https:\/\/api.w.org\/{rel}","templated":true}]}}