{"id":6590,"date":"2021-09-01T12:53:58","date_gmt":"2021-09-01T12:53:58","guid":{"rendered":"https:\/\/woolskins.eu\/yogasocks-grijs"},"modified":"2023-03-14T10:21:34","modified_gmt":"2023-03-14T10:21:34","slug":"yogasocken-grau","status":"publish","type":"product","link":"https:\/\/woolskins.eu\/de_ch\/yogasocks-grijs\/","title":{"rendered":"Yoga-Socken hellgrau"},"content":{"rendered":"<p>Diese Socken\/W\u00e4rmer sind ideal zum \u00dcben von Yoga und Meditation. Die Zehen und die Ferse sind griffig und sie halten Ihre F\u00fc\u00dfe und Kn\u00f6chel w\u00e4hrend des Unterrichts sch\u00f6n warm und bequem. Die Socken\/W\u00e4rmer sind aus 100%-Schurwolle gefertigt und in drei Farben und zwei Gr\u00f6\u00dfen erh\u00e4ltlich.<\/p>","protected":false},"excerpt":{"rendered":"<p>Diese Socken\/W\u00e4rmer sind ideal zum \u00dcben von Yoga und Meditation. Die Zehen und die Ferse sind griffig und sie halten Ihre F\u00fc\u00dfe und Kn\u00f6chel w\u00e4hrend des Unterrichts sch\u00f6n warm und bequem. Die Socken\/W\u00e4rmer sind aus 100%-Schurwolle gefertigt und in drei Farben und zwei Gr\u00f6\u00dfen erh\u00e4ltlich.<\/p>","protected":false},"featured_media":5942,"comment_status":"closed","ping_status":"closed","template":"","meta":{"_acf_changed":false},"product_brand":[],"product_cat":[337],"product_tag":[],"class_list":{"0":"post-6590","1":"product","2":"type-product","3":"status-publish","4":"has-post-thumbnail","6":"product_cat-vestjes","7":"pa_maat-m","8":"pa_maat-s","10":"first","11":"outofstock","12":"taxable","13":"shipping-taxable","14":"purchasable","15":"product-type-variable"},"acf":[],"_links":{"self":[{"href":"https:\/\/woolskins.eu\/de_ch\/wp-json\/wp\/v2\/product\/6590","targetHints":{"allow":["GET"]}}],"collection":[{"href":"https:\/\/woolskins.eu\/de_ch\/wp-json\/wp\/v2\/product"}],"about":[{"href":"https:\/\/woolskins.eu\/de_ch\/wp-json\/wp\/v2\/types\/product"}],"replies":[{"embeddable":true,"href":"https:\/\/woolskins.eu\/de_ch\/wp-json\/wp\/v2\/comments?post=6590"}],"wp:featuredmedia":[{"embeddable":true,"href":"https:\/\/woolskins.eu\/de_ch\/wp-json\/wp\/v2\/media\/5942"}],"wp:attachment":[{"href":"https:\/\/woolskins.eu\/de_ch\/wp-json\/wp\/v2\/media?parent=6590"}],"wp:term":[{"taxonomy":"product_brand","embeddable":true,"href":"https:\/\/woolskins.eu\/de_ch\/wp-json\/wp\/v2\/product_brand?post=6590"},{"taxonomy":"product_cat","embeddable":true,"href":"https:\/\/woolskins.eu\/de_ch\/wp-json\/wp\/v2\/product_cat?post=6590"},{"taxonomy":"product_tag","embeddable":true,"href":"https:\/\/woolskins.eu\/de_ch\/wp-json\/wp\/v2\/product_tag?post=6590"}],"curies":[{"name":"wp","href":"https:\/\/api.w.org\/{rel}","templated":true}]}}