{"id":6585,"date":"2021-09-01T12:53:58","date_gmt":"2021-09-01T12:53:58","guid":{"rendered":"https:\/\/woolskins.eu\/yogasocks-100-wol-grijs-kort"},"modified":"2023-03-14T10:21:33","modified_gmt":"2023-03-14T10:21:33","slug":"yogasocken-100-wolle-grau-kurz","status":"publish","type":"product","link":"https:\/\/woolskins.eu\/de_ch\/yogasocks-100-wol-grijs-kort\/","title":{"rendered":"Yogasocks 100% Wolle Hellgrau kurz"},"content":{"rendered":"<p>Diese Socken\/W\u00e4rmer sind ideal zum \u00dcben von Yoga und Meditation. Die Zehen und die Ferse sind griffig und sie halten Ihre F\u00fc\u00dfe und Kn\u00f6chel w\u00e4hrend der Stunde sch\u00f6n warm und bequem. Diese Socken\/W\u00e4rmer sind aus 100% Schurwolle hergestellt und in drei Farben erh\u00e4ltlich<\/p>\n<p>&nbsp;<\/p>\n<p>- Die Socken bestehen aus 100% Wolle<\/p>\n<p>- Absorbierend und atmungsaktiv<\/p>\n<p>- Nachhaltig und fair<\/p>\n<p>- Woolmark-Label<\/p>","protected":false},"excerpt":{"rendered":"<p>Deze&nbsp;sokken\/warmers zijn ideaal voor het beoefenen van yoga en meditatie. De teen en hiel zijn vrij voor de nodige grip en ze houden je voeten en enkels lekker warm en comfortabel tijdens de les. Deze sokken\/warmers zijn gemaakt van 100% scheerwol en verkrijgbaar in drie kleuren &nbsp; &#8211; Sokken bestaan uit 100% wol &#8211; Absorberend [&hellip;]<\/p>\n","protected":false},"featured_media":5933,"comment_status":"closed","ping_status":"closed","template":"","meta":{"_acf_changed":false},"product_brand":[],"product_cat":[337],"product_tag":[],"class_list":{"0":"post-6585","1":"product","2":"type-product","3":"status-publish","4":"has-post-thumbnail","6":"product_cat-vestjes","8":"first","9":"outofstock","10":"taxable","11":"shipping-taxable","12":"purchasable","13":"product-type-simple"},"acf":[],"_links":{"self":[{"href":"https:\/\/woolskins.eu\/de_ch\/wp-json\/wp\/v2\/product\/6585","targetHints":{"allow":["GET"]}}],"collection":[{"href":"https:\/\/woolskins.eu\/de_ch\/wp-json\/wp\/v2\/product"}],"about":[{"href":"https:\/\/woolskins.eu\/de_ch\/wp-json\/wp\/v2\/types\/product"}],"replies":[{"embeddable":true,"href":"https:\/\/woolskins.eu\/de_ch\/wp-json\/wp\/v2\/comments?post=6585"}],"wp:featuredmedia":[{"embeddable":true,"href":"https:\/\/woolskins.eu\/de_ch\/wp-json\/wp\/v2\/media\/5933"}],"wp:attachment":[{"href":"https:\/\/woolskins.eu\/de_ch\/wp-json\/wp\/v2\/media?parent=6585"}],"wp:term":[{"taxonomy":"product_brand","embeddable":true,"href":"https:\/\/woolskins.eu\/de_ch\/wp-json\/wp\/v2\/product_brand?post=6585"},{"taxonomy":"product_cat","embeddable":true,"href":"https:\/\/woolskins.eu\/de_ch\/wp-json\/wp\/v2\/product_cat?post=6585"},{"taxonomy":"product_tag","embeddable":true,"href":"https:\/\/woolskins.eu\/de_ch\/wp-json\/wp\/v2\/product_tag?post=6585"}],"curies":[{"name":"wp","href":"https:\/\/api.w.org\/{rel}","templated":true}]}}