{"id":6551,"date":"2021-09-01T12:53:35","date_gmt":"2021-09-01T12:53:35","guid":{"rendered":"https:\/\/woolskins.eu\/meditatiedeken-100-wol-beige"},"modified":"2025-04-17T06:57:18","modified_gmt":"2025-04-17T06:57:18","slug":"meditationsdecke-100-wolle-beige","status":"publish","type":"product","link":"https:\/\/woolskins.eu\/de_ch\/meditatiedeken-100-wol-beige\/","title":{"rendered":"Meditationsdecke 100% Wolle beige"},"content":{"rendered":"<p>Diese Meditationsdecken sind geeignet, um w\u00e4hrend der Meditation oder Achtsamkeit angenehm warm zu bleiben und geben ein kuscheliges und sicheres Gef\u00fchl. Es ist auch eine sch\u00f6ne zus\u00e4tzliche Decke f\u00fcr das Bett oder die Couch. Wolle spendet im Winter W\u00e4rme und ist durch ihre luftdurchl\u00e4ssige Eigenschaft auch im Sommer gut geeignet. Die rehabilitierenden und heilenden Eigenschaften der Wolle sind seit Tausenden von Jahren bekannt. Wolle, ein jahrhundertealtes, reines und sicheres Naturprodukt.<br \/>\n- 100% reine Rohschurwolle (Woolmark).<br \/>\n- Sehr weich und bequem.<br \/>\n- Gr\u00f6\u00dfe: 150 x 200 cm.<br \/>\n- Frei von Schadstoffen und chemischen Behandlungen.<br \/>\n- Europ\u00e4ische Produktion.<br \/>\n- waschbar bei 30\u00b0C im Wollwaschgang.<br \/>\nDieses Produkt tr\u00e4gt u. a. die Labels Safe for Children und Woolmark und l\u00e4sst sich gut mit unseren anderen Produkten kombinieren.<\/p>","protected":false},"excerpt":{"rendered":"<p>Diese Meditationsdecken sind geeignet, um w\u00e4hrend der Meditation oder Achtsamkeit angenehm warm zu bleiben und geben ein gem\u00fctliches und sicheres Gef\u00fchl. Es ist auch eine sch\u00f6ne zus\u00e4tzliche Decke f\u00fcr das Bett oder die Couch.<\/p>","protected":false},"featured_media":5887,"comment_status":"closed","ping_status":"closed","template":"","meta":{"_acf_changed":false},"product_brand":[],"product_cat":[358],"product_tag":[],"class_list":{"0":"post-6551","1":"product","2":"type-product","3":"status-publish","4":"has-post-thumbnail","6":"product_cat-wollen-yogamat","8":"first","9":"outofstock","10":"taxable","11":"shipping-taxable","12":"purchasable","13":"product-type-simple"},"acf":[],"_links":{"self":[{"href":"https:\/\/woolskins.eu\/de_ch\/wp-json\/wp\/v2\/product\/6551","targetHints":{"allow":["GET"]}}],"collection":[{"href":"https:\/\/woolskins.eu\/de_ch\/wp-json\/wp\/v2\/product"}],"about":[{"href":"https:\/\/woolskins.eu\/de_ch\/wp-json\/wp\/v2\/types\/product"}],"replies":[{"embeddable":true,"href":"https:\/\/woolskins.eu\/de_ch\/wp-json\/wp\/v2\/comments?post=6551"}],"wp:featuredmedia":[{"embeddable":true,"href":"https:\/\/woolskins.eu\/de_ch\/wp-json\/wp\/v2\/media\/5887"}],"wp:attachment":[{"href":"https:\/\/woolskins.eu\/de_ch\/wp-json\/wp\/v2\/media?parent=6551"}],"wp:term":[{"taxonomy":"product_brand","embeddable":true,"href":"https:\/\/woolskins.eu\/de_ch\/wp-json\/wp\/v2\/product_brand?post=6551"},{"taxonomy":"product_cat","embeddable":true,"href":"https:\/\/woolskins.eu\/de_ch\/wp-json\/wp\/v2\/product_cat?post=6551"},{"taxonomy":"product_tag","embeddable":true,"href":"https:\/\/woolskins.eu\/de_ch\/wp-json\/wp\/v2\/product_tag?post=6551"}],"curies":[{"name":"wp","href":"https:\/\/api.w.org\/{rel}","templated":true}]}}