{"id":6543,"date":"2021-09-01T12:53:12","date_gmt":"2021-09-01T12:53:12","guid":{"rendered":"https:\/\/woolskins.eu\/baby-slofjes-emo-grijs"},"modified":"2026-05-15T13:59:26","modified_gmt":"2026-05-15T13:59:26","slug":"alwero-hausschuhe-emo-grau","status":"publish","type":"product","link":"https:\/\/woolskins.eu\/de_ch\/alwero-slofjes-emo-grijs\/","title":{"rendered":"Wolle Baby Stiefel Emo | Hellgrau"},"content":{"rendered":"<p>Die Wollpantoffeln von Woolskins sind in verschiedenen Farben und Gr\u00f6\u00dfen erh\u00e4ltlich, so dass Sie immer die beste Passform f\u00fcr Ihr Kind finden k\u00f6nnen. Dieses Produkt tr\u00e4gt unter anderem die G\u00fctesiegel Safe for Children und Woolmark.<\/p>\n<p>- 100% Schurwolle, Woolmark-Label.<br \/>\n- Sehr warm f\u00fcr zu Hause oder unterwegs.<br \/>\n- Sch\u00f6n, wenn man es von innen nach au\u00dfen tr\u00e4gt.<br \/>\n- praktischer Knopf zum Schlie\u00dfen der Hausschuhe.<br \/>\n- Gr\u00f6\u00dfe 0-6 Monate (8cm) und 6-12 Monate (12cm).<br \/>\n- Verschiedene Farben verf\u00fcgbar.<\/p>\n<h5>Etikett Wollfelle<\/h5>\n<p>Nach jahrelanger erfolgreicher Zusammenarbeit mit Alwero sind wir stolz darauf, unsere Produkte nun unter unserem eigenen Woolskins-Label anbieten zu k\u00f6nnen.<\/p>\n<p>Auf diese Weise erhalten Sie immer noch die beste Qualit\u00e4t, aber kombiniert mit den sch\u00f6nsten und einzigartigsten Produkten und Designs.<\/p>\n<p>Die Qualit\u00e4t der Stoffe und Farben bleibt wie immer, nur gibt es jetzt eine gr\u00f6\u00dfere Auswahl, mit der sich Woolskins zu profilieren gedenkt.<\/p>\n<p>Unsere breite Sammlung ist so gleichgesteld, dass sie eine gro\u00dfe Erg\u00e4nzung zu jedem Baby-Outfit, aus 100% europ\u00e4ischen Wolle, die atmet und ist f\u00fcr jede Jahreszeit geeignet sind.<\/p>\n<p>Wir setzen uns mit Begeisterung f\u00fcr ein nachhaltiges, nat\u00fcrliches und komfortables Produkt f\u00fcr Ihr Baby ein.<\/p>","protected":false},"excerpt":{"rendered":"<p>Unsere bequemen Baby-Pantoffeln sind die perfekte Wahl, um die kleinsten F\u00fc\u00dfe wunderbar warm zu halten. Sie haben alle guten Eigenschaften der \u00f6kologischen Wolle 100% und nehmen sofort die Temperatur des Kindes an, wenn man sie anzieht. Die Babyhausschuhe aus Wolle sind auch ein s\u00fc\u00dfes und praktisches Geschenk f\u00fcr jede Gelegenheit. Diese Hausschuhe lassen sich auch gut innen tragen. Ihr Kind wird diese Wollpantoffeln lieben.<\/p>\n<p><strong>Marke: Woolskins<\/strong><br \/>\n<strong>Erzeugnis: Polen<\/strong><\/p>","protected":false},"featured_media":17475,"comment_status":"closed","ping_status":"closed","template":"","meta":{"_acf_changed":false},"product_brand":[],"product_cat":[360,361,362,194,200,345,323],"product_tag":[],"class_list":{"0":"post-6543","1":"product","2":"type-product","3":"status-publish","4":"has-post-thumbnail","6":"product_cat-cadeautips","7":"product_cat-babyshower","8":"product_cat-cadeaus-tot-e-25","9":"product_cat-wollen-babyproducten","10":"product_cat-wollen-babykleding","11":"product_cat-accessoires","12":"product_cat-slofjes","13":"pa_maat-0-6-maanden-9cm","14":"pa_maat-6-12-maanden11cm","16":"first","17":"instock","18":"taxable","19":"shipping-taxable","20":"purchasable","21":"product-type-variable"},"acf":[],"_links":{"self":[{"href":"https:\/\/woolskins.eu\/de_ch\/wp-json\/wp\/v2\/product\/6543","targetHints":{"allow":["GET"]}}],"collection":[{"href":"https:\/\/woolskins.eu\/de_ch\/wp-json\/wp\/v2\/product"}],"about":[{"href":"https:\/\/woolskins.eu\/de_ch\/wp-json\/wp\/v2\/types\/product"}],"replies":[{"embeddable":true,"href":"https:\/\/woolskins.eu\/de_ch\/wp-json\/wp\/v2\/comments?post=6543"}],"wp:featuredmedia":[{"embeddable":true,"href":"https:\/\/woolskins.eu\/de_ch\/wp-json\/wp\/v2\/media\/17475"}],"wp:attachment":[{"href":"https:\/\/woolskins.eu\/de_ch\/wp-json\/wp\/v2\/media?parent=6543"}],"wp:term":[{"taxonomy":"product_brand","embeddable":true,"href":"https:\/\/woolskins.eu\/de_ch\/wp-json\/wp\/v2\/product_brand?post=6543"},{"taxonomy":"product_cat","embeddable":true,"href":"https:\/\/woolskins.eu\/de_ch\/wp-json\/wp\/v2\/product_cat?post=6543"},{"taxonomy":"product_tag","embeddable":true,"href":"https:\/\/woolskins.eu\/de_ch\/wp-json\/wp\/v2\/product_tag?post=6543"}],"curies":[{"name":"wp","href":"https:\/\/api.w.org\/{rel}","templated":true}]}}