{"id":6527,"date":"2021-09-01T12:53:12","date_gmt":"2021-09-01T12:53:12","guid":{"rendered":"https:\/\/woolskins.eu\/baby-mutsje-wol-zijde-grijs"},"modified":"2025-12-07T15:58:28","modified_gmt":"2025-12-07T15:58:28","slug":"baby-woll-seidenmutze-grau","status":"publish","type":"product","link":"https:\/\/woolskins.eu\/de_ch\/baby-mutsje-wol-zijde-grijs\/","title":{"rendered":"Engel Natur Babymuts Wolle\/Seide | Grau"},"content":{"rendered":"<p>Diese superweiche M\u00fctze f\u00fcr Ihr Baby ist aus einer Mischung aus Bio-Wolle und Seide hergestellt. Sie f\u00fchlt sich luxuri\u00f6s an und ist \u00e4u\u00dferst bequem f\u00fcr Ihr Baby. Sie hat zwei Kordeln, die das Binden der M\u00fctze erleichtern.<\/p>\n<p>Wolle reguliert die K\u00f6rpertemperatur und h\u00e4lt Ihr Kind trocken und komfortabel. Merino-Schurwolle ist extrem fein und juckt daher nicht. Dank des in der Wolle nat\u00fcrlich vorkommenden Lanolins ist sie schmutz- und wasserabweisend.<\/p>\n<p>Da Lanolin auch antibakteriell wirkt, ist Waschen oft nicht n\u00f6tig. Ein Aufenthalt an der frischen Luft ist oft ausreichend.<\/p>\n<p>- Wunderbar weich<br \/>\n- F\u00fchlt sich sehr leicht an und ist sch\u00f6n warm<br \/>\n- Wolle ist atmungsaktiv<br \/>\n- Hilft Ihrem Baby, die Temperatur zu regulieren<\/p>\n<p>Sie sind biologisch und frei von Schwermetallen und sch\u00e4dlichen AZO-Farbstoffen. GOTS-zertifiziert.<\/p>\n<h5>Engel<\/h5>\n<p>Das Familienunternehmen stellt seit 85 Jahren Unterw\u00e4sche und Bekleidung her. Mit der Verarbeitung von nat\u00fcrlicher Baumwolle begann 1982 eine beispielhafte und konsequente Ausrichtung auf Naturtextilien.<\/p>\n<p>Heute umfasst unsere Kollektion speziell f\u00fcr Fr\u00fchgeborene entworfene Kleidung.<\/p>\n<p>Neben Baumwolle aus kontrolliert biologischem Anbau (kbA) verarbeiten wir feinste Merinowolle aus kontrolliert biologischem Anbau (kbT) und nat\u00fcrliche Merinoschurwolle (kbT) mit Seide. Alle verwendeten Farbstoffe sind frei von Schwermetallen und seit jeher frei von sch\u00e4dlichen AZO-Farbstoffen. Zum F\u00e4rben der Wolltextilien verwenden wir ausschlie\u00dflich Reaktivfarbstoffe, die besonders stabil mit der Faser sind und sich durch hohe Echtheit auszeichnen. Bei der Textilveredelung verzichten wir auf chemische Ausr\u00fcstungen.<\/p>\n<p>Grunds\u00e4tzlich m\u00fcssen alle verwendeten Materialien biologisch abbaubar sein und d\u00fcrfen Boden, Luft und Wasser nicht belasten. Alle verwendeten Metallteile sind nickelfrei, unsere Kn\u00f6pfe werden aus nat\u00fcrlichen, nachwachsenden Rohstoffen hergestellt. Um unseren hohen Qualit\u00e4tsstandard zu sichern, werden entsprechende Anforderungen an Lichtechtheit, Speichelechtheit, Schwei\u00dfechtheit, Waschechtheit und Schrumpfung gestellt.<\/p>\n<p>Diese Eigenschaften sowie die R\u00fcckstandsgrenzwerte f\u00fcr Umwelt- und Gesundheitsgefahren lassen wir regelm\u00e4\u00dfig von unabh\u00e4ngigen und zertifizierten Umweltlabors und Instituten \u00fcberpr\u00fcfen.<\/p>","protected":false},"excerpt":{"rendered":"<p>Diese superweiche M\u00fctze f\u00fcr Ihr Baby ist aus einer Mischung aus Bio-Wolle und Seide hergestellt. Sie hat zwei Kordelz\u00fcge, mit denen sich die M\u00fctze leicht binden l\u00e4sst.<\/p>","protected":false},"featured_media":5858,"comment_status":"closed","ping_status":"closed","template":"","meta":{"_acf_changed":false},"product_brand":[],"product_cat":[345,361,360,362,248,200,346],"product_tag":[],"class_list":{"0":"post-6527","1":"product","2":"type-product","3":"status-publish","4":"has-post-thumbnail","6":"product_cat-accessoires","7":"product_cat-babyshower","8":"product_cat-cadeautips","9":"product_cat-cadeaus-tot-e-25","10":"product_cat-engel_natur","11":"product_cat-wollen-babykleding","12":"product_cat-mutsjesensjaaltjes","13":"pa_maat-50-56","14":"pa_maat-62-68","16":"first","17":"instock","18":"taxable","19":"shipping-taxable","20":"purchasable","21":"product-type-variable"},"acf":[],"_links":{"self":[{"href":"https:\/\/woolskins.eu\/de_ch\/wp-json\/wp\/v2\/product\/6527","targetHints":{"allow":["GET"]}}],"collection":[{"href":"https:\/\/woolskins.eu\/de_ch\/wp-json\/wp\/v2\/product"}],"about":[{"href":"https:\/\/woolskins.eu\/de_ch\/wp-json\/wp\/v2\/types\/product"}],"replies":[{"embeddable":true,"href":"https:\/\/woolskins.eu\/de_ch\/wp-json\/wp\/v2\/comments?post=6527"}],"wp:featuredmedia":[{"embeddable":true,"href":"https:\/\/woolskins.eu\/de_ch\/wp-json\/wp\/v2\/media\/5858"}],"wp:attachment":[{"href":"https:\/\/woolskins.eu\/de_ch\/wp-json\/wp\/v2\/media?parent=6527"}],"wp:term":[{"taxonomy":"product_brand","embeddable":true,"href":"https:\/\/woolskins.eu\/de_ch\/wp-json\/wp\/v2\/product_brand?post=6527"},{"taxonomy":"product_cat","embeddable":true,"href":"https:\/\/woolskins.eu\/de_ch\/wp-json\/wp\/v2\/product_cat?post=6527"},{"taxonomy":"product_tag","embeddable":true,"href":"https:\/\/woolskins.eu\/de_ch\/wp-json\/wp\/v2\/product_tag?post=6527"}],"curies":[{"name":"wp","href":"https:\/\/api.w.org\/{rel}","templated":true}]}}