{"id":6519,"date":"2021-09-01T12:53:12","date_gmt":"2021-09-01T12:53:12","guid":{"rendered":"https:\/\/woolskins.eu\/broekje-baby-100-merino-wolfleece-grijs"},"modified":"2025-01-27T12:39:15","modified_gmt":"2025-01-27T12:39:15","slug":"baby-100-merino-wolf-fleece-hose-grau","status":"publish","type":"product","link":"https:\/\/woolskins.eu\/de_ch\/broekje-baby-100-merino-wolfleece-grijs\/","title":{"rendered":"Engel Natur Baby Hose 100% Merino Wolfleece | Grau"},"content":{"rendered":"<p>Diese superweiche Angel Baby Pants ist aus 100% Bio-Merinowolle gefertigt. Sie f\u00fchlt sich luxuri\u00f6s an und ist extrem bequem f\u00fcr Ihr Baby. Sie hat einen breiten Bund, der gut sitzt und den man auch hochklappen kann.<\/p>\n<p>Wolle reguliert die K\u00f6rpertemperatur und h\u00e4lt Ihr Kind trocken und komfortabel. Merino-Schurwolle ist extrem fein und juckt daher nicht. Dank des in der Wolle nat\u00fcrlich vorkommenden Lanolins ist sie schmutz- und wasserabweisend.<\/p>\n<p>Da Lanolin auch antibakteriell wirkt, ist Waschen oft nicht n\u00f6tig. Ein Aufenthalt an der frischen Luft ist oft ausreichend.<\/p>\n<p>- Wunderbar weich<br \/>\n- F\u00fchlt sich sehr leicht an und ist sch\u00f6n warm<br \/>\n- Wolle ist atmungsaktiv<br \/>\n- Hilft Ihrem Baby, die Temperatur zu regulieren<br \/>\n- Ideal f\u00fcr das Tragetuch oder den Gep\u00e4cktr\u00e4ger<\/p>\n<p>Sie sind biologisch und frei von Schwermetallen und sch\u00e4dlichen AZO-Farbstoffen. GOTS-zertifiziert.<\/p>\n<h5>Engel<\/h5>\n<p>Das Familienunternehmen stellt seit 85 Jahren Unterw\u00e4sche und Bekleidung her. Mit der Verarbeitung von nat\u00fcrlicher Baumwolle begann 1982 eine beispielhafte und konsequente Ausrichtung auf Naturtextilien.<\/p>\n<p>Heute umfasst unsere Kollektion speziell f\u00fcr Fr\u00fchgeborene entworfene Kleidung.<\/p>\n<p>Neben Baumwolle aus kontrolliert biologischem Anbau (kbA) verarbeiten wir feinste Merinowolle aus kontrolliert biologischem Anbau (kbT) und nat\u00fcrliche Merinoschurwolle (kbT) mit Seide. Alle verwendeten Farbstoffe sind frei von Schwermetallen und seit jeher frei von sch\u00e4dlichen AZO-Farbstoffen. Zum F\u00e4rben der Wolltextilien verwenden wir ausschlie\u00dflich Reaktivfarbstoffe, die besonders stabil mit der Faser sind und sich durch hohe Echtheit auszeichnen. Bei der Textilveredelung verzichten wir auf chemische Ausr\u00fcstungen.<\/p>\n<p>Grunds\u00e4tzlich m\u00fcssen alle verwendeten Materialien biologisch abbaubar sein und d\u00fcrfen Boden, Luft und Wasser nicht belasten. Alle verwendeten Metallteile sind nickelfrei, unsere Kn\u00f6pfe werden aus nat\u00fcrlichen, nachwachsenden Rohstoffen hergestellt. Um unseren hohen Qualit\u00e4tsstandard zu sichern, werden entsprechende Anforderungen an Lichtechtheit, Speichelechtheit, Schwei\u00dfechtheit, Waschechtheit und Schrumpfung gestellt.<\/p>\n<p>Diese Eigenschaften sowie die R\u00fcckstandsgrenzwerte f\u00fcr Umwelt- und Gesundheitsgefahren lassen wir regelm\u00e4\u00dfig von unabh\u00e4ngigen und zertifizierten Umweltlabors und Instituten \u00fcberpr\u00fcfen.<\/p>","protected":false},"excerpt":{"rendered":"<p>Diese superweiche Babyhose von Engel hat ein luxuri\u00f6ses Tragegef\u00fchl und ist \u00e4u\u00dferst bequem f\u00fcr Ihr Baby. Sie hat einen breiten Saum, der gut sitzt, und man kann sie auch hochklappen.<\/p>","protected":false},"featured_media":5848,"comment_status":"closed","ping_status":"closed","template":"","meta":{"_acf_changed":false},"product_brand":[],"product_cat":[361,360,363,248,200,322,344],"product_tag":[],"class_list":{"0":"post-6519","1":"product","2":"type-product","3":"status-publish","4":"has-post-thumbnail","6":"product_cat-babyshower","7":"product_cat-cadeautips","8":"product_cat-cadeaus-e25-e50","9":"product_cat-engel_natur","10":"product_cat-wollen-babykleding","11":"product_cat-broekjes","12":"product_cat-kleertjes","13":"pa_maat-50-56","14":"pa_maat-62-68","16":"first","17":"outofstock","18":"taxable","19":"shipping-taxable","20":"purchasable","21":"product-type-variable"},"acf":[],"_links":{"self":[{"href":"https:\/\/woolskins.eu\/de_ch\/wp-json\/wp\/v2\/product\/6519","targetHints":{"allow":["GET"]}}],"collection":[{"href":"https:\/\/woolskins.eu\/de_ch\/wp-json\/wp\/v2\/product"}],"about":[{"href":"https:\/\/woolskins.eu\/de_ch\/wp-json\/wp\/v2\/types\/product"}],"replies":[{"embeddable":true,"href":"https:\/\/woolskins.eu\/de_ch\/wp-json\/wp\/v2\/comments?post=6519"}],"wp:featuredmedia":[{"embeddable":true,"href":"https:\/\/woolskins.eu\/de_ch\/wp-json\/wp\/v2\/media\/5848"}],"wp:attachment":[{"href":"https:\/\/woolskins.eu\/de_ch\/wp-json\/wp\/v2\/media?parent=6519"}],"wp:term":[{"taxonomy":"product_brand","embeddable":true,"href":"https:\/\/woolskins.eu\/de_ch\/wp-json\/wp\/v2\/product_brand?post=6519"},{"taxonomy":"product_cat","embeddable":true,"href":"https:\/\/woolskins.eu\/de_ch\/wp-json\/wp\/v2\/product_cat?post=6519"},{"taxonomy":"product_tag","embeddable":true,"href":"https:\/\/woolskins.eu\/de_ch\/wp-json\/wp\/v2\/product_tag?post=6519"}],"curies":[{"name":"wp","href":"https:\/\/api.w.org\/{rel}","templated":true}]}}