{"id":6499,"date":"2021-09-01T12:52:50","date_gmt":"2021-09-01T12:52:50","guid":{"rendered":"https:\/\/woolskins.eu\/slaap-overall-wol-zijde-ecru"},"modified":"2025-02-06T14:03:43","modified_gmt":"2025-02-06T14:03:43","slug":"schlafanzug-wolle-seide-ecru","status":"publish","type":"product","link":"https:\/\/woolskins.eu\/de_ch\/slaap-overall-wol-zijde-ecru\/","title":{"rendered":"Engel Natur Sleep Schlafanzug Wolle\/Seide Ecru"},"content":{"rendered":"<p>Dieser superweiche Schlafanzug\/Boxenanzug f\u00fcr Ihr Baby ist aus einer Mischung aus Bio-Wolle und Seide hergestellt. Sie f\u00fchlen sich luxuri\u00f6s an und sind \u00e4u\u00dferst bequem f\u00fcr Ihr Baby. Sie haben Druckkn\u00f6pfe oben am Hals und an den Beinen, was das An- und Ausziehen und den Wechsel erleichtert.<\/p>\n<p>Wolle reguliert die K\u00f6rpertemperatur und h\u00e4lt Ihr Baby trocken und komfortabel. Diese Mischung aus Wolle und Seide ist extrem weich und juckt daher nicht. Dank des in der Wolle nat\u00fcrlich vorkommenden Lanolins ist sie schmutz- und wasserabweisend.<\/p>\n<p>Da Lanolin auch antibakteriell wirkt, ist Waschen oft nicht n\u00f6tig. Ein Aufenthalt an der frischen Luft ist oft ausreichend.<\/p>\n<p>- Wunderbar weich<br \/>\n- GOTS (Global Organic Textile Standard), IVN Best<br \/>\n- F\u00fchlt sich sehr leicht an und ist sch\u00f6n warm<br \/>\n- Wolle ist atmungsaktiv<br \/>\n- Hilft Ihrem Baby, die Temperatur zu regulieren<br \/>\n- Ideal f\u00fcr den Laufstall oder als Pyjama.<\/p>\n<p>Sie sind biologisch und frei von Schwermetallen und sch\u00e4dlichen AZO-Farbstoffen. GOTS-zertifiziert.<\/p>\n<h5>Engel<\/h5>\n<p>Das Familienunternehmen stellt seit 85 Jahren Unterw\u00e4sche und Bekleidung her. Mit der Verarbeitung von nat\u00fcrlicher Baumwolle begann 1982 eine beispielhafte und konsequente Ausrichtung auf Naturtextilien.<\/p>\n<p>Heute umfasst unsere Kollektion speziell f\u00fcr Fr\u00fchgeborene entworfene Kleidung.<\/p>\n<p>Neben Baumwolle aus kontrolliert biologischem Anbau (kbA) verarbeiten wir feinste Merinowolle aus kontrolliert biologischem Anbau (kbT) und nat\u00fcrliche Merinoschurwolle (kbT) mit Seide. Alle verwendeten Farbstoffe sind frei von Schwermetallen und seit jeher frei von sch\u00e4dlichen AZO-Farbstoffen. Zum F\u00e4rben der Wolltextilien verwenden wir ausschlie\u00dflich Reaktivfarbstoffe, die besonders stabil mit der Faser sind und sich durch hohe Echtheit auszeichnen. Bei der Textilveredelung verzichten wir auf chemische Ausr\u00fcstungen.<\/p>\n<p>Grunds\u00e4tzlich m\u00fcssen alle verwendeten Materialien biologisch abbaubar sein und d\u00fcrfen Boden, Luft und Wasser nicht belasten. Alle verwendeten Metallteile sind nickelfrei, unsere Kn\u00f6pfe werden aus nat\u00fcrlichen, nachwachsenden Rohstoffen hergestellt. Um unseren hohen Qualit\u00e4tsstandard zu sichern, werden entsprechende Anforderungen an Lichtechtheit, Speichelechtheit, Schwei\u00dfechtheit, Waschechtheit und Schrumpfung gestellt.<\/p>\n<p>Diese Eigenschaften sowie die R\u00fcckstandsgrenzwerte f\u00fcr Umwelt- und Gesundheitsgefahren lassen wir regelm\u00e4\u00dfig von unabh\u00e4ngigen und zertifizierten Umweltlabors und Instituten \u00fcberpr\u00fcfen.<\/p>","protected":false},"excerpt":{"rendered":"<p>Dieser superweiche Schlafanzug\/Boxenanzug f\u00fcr Ihr Baby ist aus einem Bio-Woll-Seiden-Gemisch hergestellt. Oben am Hals und an den Beinen sind Druckkn\u00f6pfe angebracht, die das An- und Ausziehen sowie das Umziehen erleichtern.<\/p>","protected":false},"featured_media":5823,"comment_status":"closed","ping_status":"closed","template":"","meta":{"_acf_changed":false},"product_brand":[],"product_cat":[361,360,363,248,200,344,319],"product_tag":[],"class_list":{"0":"post-6499","1":"product","2":"type-product","3":"status-publish","4":"has-post-thumbnail","6":"product_cat-babyshower","7":"product_cat-cadeautips","8":"product_cat-cadeaus-e25-e50","9":"product_cat-engel_natur","10":"product_cat-wollen-babykleding","11":"product_cat-kleertjes","12":"product_cat-pakjes-en-jasjes","13":"pa_maat-50-56","14":"pa_maat-62-68","16":"first","17":"outofstock","18":"taxable","19":"shipping-taxable","20":"purchasable","21":"product-type-variable"},"acf":[],"_links":{"self":[{"href":"https:\/\/woolskins.eu\/de_ch\/wp-json\/wp\/v2\/product\/6499","targetHints":{"allow":["GET"]}}],"collection":[{"href":"https:\/\/woolskins.eu\/de_ch\/wp-json\/wp\/v2\/product"}],"about":[{"href":"https:\/\/woolskins.eu\/de_ch\/wp-json\/wp\/v2\/types\/product"}],"replies":[{"embeddable":true,"href":"https:\/\/woolskins.eu\/de_ch\/wp-json\/wp\/v2\/comments?post=6499"}],"wp:featuredmedia":[{"embeddable":true,"href":"https:\/\/woolskins.eu\/de_ch\/wp-json\/wp\/v2\/media\/5823"}],"wp:attachment":[{"href":"https:\/\/woolskins.eu\/de_ch\/wp-json\/wp\/v2\/media?parent=6499"}],"wp:term":[{"taxonomy":"product_brand","embeddable":true,"href":"https:\/\/woolskins.eu\/de_ch\/wp-json\/wp\/v2\/product_brand?post=6499"},{"taxonomy":"product_cat","embeddable":true,"href":"https:\/\/woolskins.eu\/de_ch\/wp-json\/wp\/v2\/product_cat?post=6499"},{"taxonomy":"product_tag","embeddable":true,"href":"https:\/\/woolskins.eu\/de_ch\/wp-json\/wp\/v2\/product_tag?post=6499"}],"curies":[{"name":"wp","href":"https:\/\/api.w.org\/{rel}","templated":true}]}}