{"id":6419,"date":"2021-09-01T12:51:50","date_gmt":"2021-09-01T12:51:50","guid":{"rendered":"https:\/\/woolskins.eu\/baby-slaapzak-lammy-camel"},"modified":"2026-05-06T12:31:54","modified_gmt":"2026-05-06T12:31:54","slug":"alwero-schlafsack-lammy-camel","status":"publish","type":"product","link":"https:\/\/woolskins.eu\/de_ch\/alwero-slaapzak-lammy-camel\/","title":{"rendered":"Wollschlafsack f\u00fcr Baby - Thumbled | Camel"},"content":{"rendered":"<p>Unser Babyschlafsack aus \u00d6kowolle ist dank der nat\u00fcrlichen Eigenschaften der Wollfasern ideal f\u00fcr Kleinkinder. Sie sind atmungsaktiv und haben die F\u00e4higkeit, als nat\u00fcrlicher Thermostat zu wirken, der die K\u00f6rpertemperatur reguliert.<\/p>\n<p>Dies hilft Ihrem Baby, die Temperatur konstant zu halten und sorgt daf\u00fcr, dass es trocken und komfortabel bleibt. Dies geschieht \u2018dynamisch\u2019, d. h. es geschieht, wenn es gebraucht wird, und nicht, wenn es nicht gebraucht wird. Diese Wollschlafs\u00e4cke sind daher im Winter warm und im Sommer k\u00fchl.<\/p>\n<p>Die doppelten Druckkn\u00f6pfe machen den Halsumfang verstellbar und der lange Rei\u00dfverschluss erleichtert das \u00d6ffnen des gesamten Schlafsacks.<\/p>\n<p>Gr\u00f6\u00dfe 0-6 Monate: L\u00e4nge 67 cm (vom Schulterschluss bis zum Po).<\/p>\n<p>Dieses Produkt tr\u00e4gt u. a. die G\u00fctesiegel Safe for Children und Woolmark.<\/p>\n<h5>Wollfelle der Eigenmarke von Alwero<\/h5>\n<p>Nach jahrelanger erfolgreicher Zusammenarbeit mit Alwero sind wir stolz darauf, dass wir Alwero unter unserem eigenen Woolskins-Label f\u00fchren d\u00fcrfen.<\/p>\n<p>Auf diese Weise erhalten Sie weiterhin die beste Qualit\u00e4t von Alwero in Kombination mit den sch\u00f6nsten und einzigartigsten Produkten\/Designs von Woolskins.<\/p>\n<p>Was \u00e4ndert sich also? Gar nicht so viel! Die Qualit\u00e4t, die Stoffe und die Farben bleiben gleich, nur die Auswahl an einzigartigen Produkten, mit denen sich Woolskins von anderen abhebt und die eine gute Erg\u00e4nzung zur Babyausstattung sind, ist gr\u00f6\u00dfer geworden.<\/p>\n<p>Unsere Produkte sind an unserem Woolskins-Label zu erkennen und das Waschetikett zeigt, dass es von Alwero hergestellt wurde.<\/p>\n<p>Wir setzen uns mit Begeisterung f\u00fcr ein nachhaltiges, nat\u00fcrliches und komfortables Produkt f\u00fcr Ihr Baby ein.<\/p>\n<h5>Alwero<\/h5>\n<p>Das Familienunternehmen wurde Ende der 1990er Jahre aus dem Bed\u00fcrfnis heraus geboren, etwas zu schaffen. Mitten in der Natur, wo Schafe in den Bergen grasen, findet ALWERO den einzigartigen Rohstoff, um den es geht: Rohwolle.<\/p>\n<p>Durch die Verbindung von alten Traditionen und technischer Innovation schafft ALWERO eine Welt des Komforts: Wissen, Handwerkskunst und die Liebe zur Wolle haben daf\u00fcr gesorgt, dass die Produkte von ALWERO weltweit gesch\u00e4tzt werden.<\/p>","protected":false},"excerpt":{"rendered":"<p>Wenn Sie auf der Suche nach einem bequemen und warmen Schlafsack f\u00fcr Ihr Baby sind, ist Wolle eine ausgezeichnete Wahl. Wolle hat in der Tat viele Vorteile, die Ihrem Baby zu jeder Jahreszeit zu einem guten Schlaf verhelfen werden.<\/p>\n<p>Unser leichter Babyschlafsack aus \u00d6kowolle ist atmungsaktiv und hat die F\u00e4higkeit, als nat\u00fcrlicher Thermostat zu wirken, der die K\u00f6rpertemperatur reguliert und Ihrem Baby hilft, sich auszuruhen und ruhig zu schlafen. Dieser Schlafsack ist dank der doppelten Druckkn\u00f6pfe, mit denen Sie die Hals\u00f6ffnung vergr\u00f6\u00dfern und verkleinern k\u00f6nnen, sehr gut f\u00fcr Kleinkinder geeignet. Der lange Rei\u00dfverschluss \u00f6ffnet den gesamten Schlafsack und erleichtert das Umziehen. Der Wollschlafsack hilft Ihrem Baby, eine stabile Temperatur zu halten und sorgt daf\u00fcr, dass Ihr Baby trocken und bequem liegt. Er tut dies \u2018dynamisch\u2019, das hei\u00dft, er tut es, wenn er gebraucht wird, und nicht, wenn er es nicht braucht. Diese Wollschlafs\u00e4cke sind daher im Winter warm und im Sommer k\u00fchl.<\/p>\n<p><strong>Marke: Woolskins<\/strong><br \/>\n<strong>Produzent: Woolskins Private Lable wird von Alwero produziert<\/strong><\/p>","protected":false},"featured_media":5714,"comment_status":"closed","ping_status":"closed","template":"","meta":{"_acf_changed":false},"product_brand":[],"product_cat":[361,360,364,196,370,194],"product_tag":[],"class_list":{"0":"post-6419","1":"product","2":"type-product","3":"status-publish","4":"has-post-thumbnail","6":"product_cat-babyshower","7":"product_cat-cadeautips","8":"product_cat-cadeaus-vanaf-e50","9":"product_cat-slaapkleding-baby","10":"product_cat-slaapzakken","11":"product_cat-wollen-babyproducten","12":"pa_maat-0-6-maanden","13":"pa_maat-6-12-maanden","15":"first","16":"outofstock","17":"taxable","18":"shipping-taxable","19":"purchasable","20":"product-type-variable"},"acf":[],"_links":{"self":[{"href":"https:\/\/woolskins.eu\/de_ch\/wp-json\/wp\/v2\/product\/6419","targetHints":{"allow":["GET"]}}],"collection":[{"href":"https:\/\/woolskins.eu\/de_ch\/wp-json\/wp\/v2\/product"}],"about":[{"href":"https:\/\/woolskins.eu\/de_ch\/wp-json\/wp\/v2\/types\/product"}],"replies":[{"embeddable":true,"href":"https:\/\/woolskins.eu\/de_ch\/wp-json\/wp\/v2\/comments?post=6419"}],"wp:featuredmedia":[{"embeddable":true,"href":"https:\/\/woolskins.eu\/de_ch\/wp-json\/wp\/v2\/media\/5714"}],"wp:attachment":[{"href":"https:\/\/woolskins.eu\/de_ch\/wp-json\/wp\/v2\/media?parent=6419"}],"wp:term":[{"taxonomy":"product_brand","embeddable":true,"href":"https:\/\/woolskins.eu\/de_ch\/wp-json\/wp\/v2\/product_brand?post=6419"},{"taxonomy":"product_cat","embeddable":true,"href":"https:\/\/woolskins.eu\/de_ch\/wp-json\/wp\/v2\/product_cat?post=6419"},{"taxonomy":"product_tag","embeddable":true,"href":"https:\/\/woolskins.eu\/de_ch\/wp-json\/wp\/v2\/product_tag?post=6419"}],"curies":[{"name":"wp","href":"https:\/\/api.w.org\/{rel}","templated":true}]}}