{"id":6407,"date":"2021-09-01T12:51:30","date_gmt":"2021-09-01T12:51:30","guid":{"rendered":"https:\/\/woolskins.eu\/baby-slaapzak-lammy-ecru"},"modified":"2026-02-11T14:58:56","modified_gmt":"2026-02-11T14:58:56","slug":"alwero-schlafsack-lammy-ecru","status":"publish","type":"product","link":"https:\/\/woolskins.eu\/de_ch\/alwero-slaapzak-lammy-ecru\/","title":{"rendered":"Wollschlafsack f\u00fcr Baby - Thumbled | Ecru"},"content":{"rendered":"<p>Die doppelten Druckkn\u00f6pfe machen den Halsumfang verstellbar und der lange Rei\u00dfverschluss erleichtert das \u00d6ffnen des gesamten Schlafsacks.<\/p>\n<p>- 100% Schurwolle Gezwirnt mit Woolmark-Zertifizierung.<br \/>\n- Glatte, weiche und Teddypl\u00fcsch-Textur.<br \/>\n- Gute thermische Eigenschaften.<br \/>\n- F\u00fcr zu Hause und unterwegs.<br \/>\n- Gr\u00f6\u00dfe: 0\/6 Monate 67 cm, 6\/12 Monate 82 cm.<br \/>\n- Europ\u00e4ische Produktion.<br \/>\n- waschbar bei 30\u00b0C im Wollwaschgang.<\/p>\n<p>Unsere \u00d6ko-Wollschlafs\u00e4cke sind dank der nat\u00fcrlichen Eigenschaften der Wollfasern ideal f\u00fcr die Kleinsten. Sie sind atmungsaktiv und haben die F\u00e4higkeit, als nat\u00fcrlicher Thermostat zu wirken, der die K\u00f6rpertemperatur reguliert? Das hilft Ihrem Baby, die Temperatur konstant zu halten und sorgt daf\u00fcr, dass es trocken bleibt und sich wohl f\u00fchlt. Dies geschieht \u2018dynamisch\u2019, d. h., es geschieht dann, wenn es gebraucht wird, und nicht, wenn es nicht gebraucht wird.<\/p>\n<p>Dieses Produkt tr\u00e4gt u. a. die G\u00fctesiegel Safe for Children und Woolmark.<\/p>\n<h5>Etikett Wollfelle<\/h5>\n<p>Nach jahrelanger erfolgreicher Zusammenarbeit mit Alwero sind wir stolz darauf, unsere Produkte nun unter unserem eigenen Woolskins-Label anbieten zu k\u00f6nnen.<\/p>\n<p>Auf diese Weise erhalten Sie immer noch die beste Qualit\u00e4t, aber kombiniert mit den sch\u00f6nsten und einzigartigsten Produkten und Designs.<\/p>\n<p>Die Qualit\u00e4t der Stoffe und Farben bleibt wie immer, nur gibt es jetzt eine gr\u00f6\u00dfere Auswahl, mit der sich Woolskins zu profilieren gedenkt.<\/p>\n<p>Unsere breite Sammlung ist so gleichgesteld, dass sie eine gro\u00dfe Erg\u00e4nzung zu jedem Baby-Outfit, aus 100% europ\u00e4ischen Wolle, die atmet und ist f\u00fcr jede Jahreszeit geeignet sind.<\/p>\n<p>Wir setzen uns mit Begeisterung f\u00fcr ein nachhaltiges, nat\u00fcrliches und m\u00f6glichst komfortables Produkt f\u00fcr Ihr Kind ein<\/p>","protected":false},"excerpt":{"rendered":"<p>Wenn Sie auf der Suche nach einem bequemen und warmen Schlafsack f\u00fcr Ihr Baby sind, ist Wolle eine ausgezeichnete Wahl. Wolle hat in der Tat viele Vorteile, die Ihrem Baby zu jeder Jahreszeit zu einem guten Schlaf verhelfen werden.<\/p>\n<p>Unser leichter Babyschlafsack aus \u00d6kowolle ist atmungsaktiv und hat die F\u00e4higkeit, als nat\u00fcrlicher Thermostat zu wirken, der die K\u00f6rpertemperatur reguliert und Ihrem Baby hilft, sich auszuruhen und ruhig zu schlafen. Dieser Schlafsack ist dank der doppelten Druckkn\u00f6pfe, mit denen Sie die Hals\u00f6ffnung vergr\u00f6\u00dfern und verkleinern k\u00f6nnen, sehr gut f\u00fcr Kleinkinder geeignet. Der lange Rei\u00dfverschluss \u00f6ffnet den gesamten Schlafsack und erleichtert das Umziehen. Der Wollschlafsack hilft Ihrem Baby, eine stabile Temperatur zu halten und sorgt daf\u00fcr, dass Ihr Baby trocken und bequem liegt. Er tut dies \u2018dynamisch\u2019, das hei\u00dft, er tut es, wenn er gebraucht wird, und nicht, wenn er es nicht braucht. Diese Wollschlafs\u00e4cke sind daher im Winter warm und im Sommer k\u00fchl.<\/p>\n<p><strong>Marke: Woolskins<\/strong><br \/>\n<strong>Produktion: Polen<\/strong><\/p>","protected":false},"featured_media":5699,"comment_status":"closed","ping_status":"closed","template":"","meta":{"_acf_changed":false},"product_brand":[],"product_cat":[361,360,364,196,370,194],"product_tag":[],"class_list":{"0":"post-6407","1":"product","2":"type-product","3":"status-publish","4":"has-post-thumbnail","6":"product_cat-babyshower","7":"product_cat-cadeautips","8":"product_cat-cadeaus-vanaf-e50","9":"product_cat-slaapkleding-baby","10":"product_cat-slaapzakken","11":"product_cat-wollen-babyproducten","12":"pa_maat-0-6-maanden","13":"pa_maat-6-12-maanden","15":"first","16":"outofstock","17":"taxable","18":"shipping-taxable","19":"purchasable","20":"product-type-variable"},"acf":[],"_links":{"self":[{"href":"https:\/\/woolskins.eu\/de_ch\/wp-json\/wp\/v2\/product\/6407","targetHints":{"allow":["GET"]}}],"collection":[{"href":"https:\/\/woolskins.eu\/de_ch\/wp-json\/wp\/v2\/product"}],"about":[{"href":"https:\/\/woolskins.eu\/de_ch\/wp-json\/wp\/v2\/types\/product"}],"replies":[{"embeddable":true,"href":"https:\/\/woolskins.eu\/de_ch\/wp-json\/wp\/v2\/comments?post=6407"}],"wp:featuredmedia":[{"embeddable":true,"href":"https:\/\/woolskins.eu\/de_ch\/wp-json\/wp\/v2\/media\/5699"}],"wp:attachment":[{"href":"https:\/\/woolskins.eu\/de_ch\/wp-json\/wp\/v2\/media?parent=6407"}],"wp:term":[{"taxonomy":"product_brand","embeddable":true,"href":"https:\/\/woolskins.eu\/de_ch\/wp-json\/wp\/v2\/product_brand?post=6407"},{"taxonomy":"product_cat","embeddable":true,"href":"https:\/\/woolskins.eu\/de_ch\/wp-json\/wp\/v2\/product_cat?post=6407"},{"taxonomy":"product_tag","embeddable":true,"href":"https:\/\/woolskins.eu\/de_ch\/wp-json\/wp\/v2\/product_tag?post=6407"}],"curies":[{"name":"wp","href":"https:\/\/api.w.org\/{rel}","templated":true}]}}