{"id":6383,"date":"2021-09-01T12:51:15","date_gmt":"2021-09-01T12:51:15","guid":{"rendered":"https:\/\/woolskins.eu\/babysjaaltje-lammy-ecru"},"modified":"2025-11-23T10:03:46","modified_gmt":"2025-11-23T10:03:46","slug":"babyschal-lammy-ecru","status":"publish","type":"product","link":"https:\/\/woolskins.eu\/de_ch\/babysjaaltje-lammy-ecru\/","title":{"rendered":"Babyschal aus Wolle Thumbled | ecru"},"content":{"rendered":"<p>Mit diesem Babyschal aus Wolle von Woolskins sieht Ihr Kleines nicht nur super s\u00fc\u00df aus, sondern h\u00e4lt es auch an kalten Wintertagen sch\u00f6n warm. Ein perfektes Geschenk f\u00fcr alle Eltern, die Qualit\u00e4t und Stil lieben! Das Produkt ist unter anderem mit den Labels Safe for Children und Woolmark ausgezeichnet.<\/p>\n<p>- 100% Schurwolle, Woolmark-Label.<br \/>\n- Sehr warm f\u00fcr die Reise.<br \/>\n- Bequemer Verschluss mit Druckkn\u00f6pfen.<br \/>\n- Verschiedene Farben verf\u00fcgbar.<\/p>\n<h5>Etikett Wollfelle<\/h5>\n<p>Nach jahrelanger erfolgreicher Zusammenarbeit mit Alwero sind wir stolz darauf, unsere Produkte nun unter unserem eigenen Woolskins-Label anbieten zu k\u00f6nnen.<\/p>\n<p>Auf diese Weise erhalten Sie immer noch die beste Qualit\u00e4t, aber kombiniert mit den sch\u00f6nsten und einzigartigsten Produkten und Designs.<\/p>\n<p>Die Qualit\u00e4t der Stoffe und Farben bleibt wie immer, nur gibt es jetzt eine gr\u00f6\u00dfere Auswahl, mit der sich Woolskins zu profilieren gedenkt.<\/p>\n<p>Unsere breite Sammlung ist so gleichgesteld, dass sie eine gro\u00dfe Erg\u00e4nzung zu jedem Baby-Outfit, aus 100% europ\u00e4ischen Wolle, die atmet und ist f\u00fcr jede Jahreszeit geeignet sind.<\/p>\n<p>Wir setzen uns mit Begeisterung f\u00fcr ein nachhaltiges, nat\u00fcrliches und komfortables Produkt f\u00fcr Ihr Baby ein.<\/p>","protected":false},"excerpt":{"rendered":"<p>Ein Babyschal aus Wolle ist ein Muss f\u00fcr die k\u00e4lteren Tage. Er h\u00e4lt die Kleinen sch\u00f6n warm und sieht auch noch super s\u00fc\u00df aus! Dieser Babyschal von Woolskins ist aus hochwertiger Wolle gefertigt und in vier Farben erh\u00e4ltlich. Er l\u00e4sst sich perfekt mit anderen Wollprodukten von Woolskins kombinieren, wie z. B. einem Wollwalker oder Hausschuhen.<\/p>\n<p>Dieser Schal ist nicht nur funktionell, sondern auch stilvoll. Es hat einen praktischen Druckknopfverschluss, so dass es leicht anzuziehen ist. Au\u00dferdem ist der Schal sch\u00f6n weich und angenehm f\u00fcr die empfindliche Haut Ihres Babys.<\/p>\n<p><strong>Marke: Woolskins<\/strong><br \/>\n<strong>Produktion: Polen<\/strong><\/p>","protected":false},"featured_media":17481,"comment_status":"closed","ping_status":"closed","template":"","meta":{"_acf_changed":false},"product_brand":[],"product_cat":[345,361,360,362,200,346,194],"product_tag":[],"class_list":{"0":"post-6383","1":"product","2":"type-product","3":"status-publish","4":"has-post-thumbnail","6":"product_cat-accessoires","7":"product_cat-babyshower","8":"product_cat-cadeautips","9":"product_cat-cadeaus-tot-e-25","10":"product_cat-wollen-babykleding","11":"product_cat-mutsjesensjaaltjes","12":"product_cat-wollen-babyproducten","14":"first","15":"outofstock","16":"taxable","17":"shipping-taxable","18":"purchasable","19":"product-type-simple"},"acf":[],"_links":{"self":[{"href":"https:\/\/woolskins.eu\/de_ch\/wp-json\/wp\/v2\/product\/6383","targetHints":{"allow":["GET"]}}],"collection":[{"href":"https:\/\/woolskins.eu\/de_ch\/wp-json\/wp\/v2\/product"}],"about":[{"href":"https:\/\/woolskins.eu\/de_ch\/wp-json\/wp\/v2\/types\/product"}],"replies":[{"embeddable":true,"href":"https:\/\/woolskins.eu\/de_ch\/wp-json\/wp\/v2\/comments?post=6383"}],"wp:featuredmedia":[{"embeddable":true,"href":"https:\/\/woolskins.eu\/de_ch\/wp-json\/wp\/v2\/media\/17481"}],"wp:attachment":[{"href":"https:\/\/woolskins.eu\/de_ch\/wp-json\/wp\/v2\/media?parent=6383"}],"wp:term":[{"taxonomy":"product_brand","embeddable":true,"href":"https:\/\/woolskins.eu\/de_ch\/wp-json\/wp\/v2\/product_brand?post=6383"},{"taxonomy":"product_cat","embeddable":true,"href":"https:\/\/woolskins.eu\/de_ch\/wp-json\/wp\/v2\/product_cat?post=6383"},{"taxonomy":"product_tag","embeddable":true,"href":"https:\/\/woolskins.eu\/de_ch\/wp-json\/wp\/v2\/product_tag?post=6383"}],"curies":[{"name":"wp","href":"https:\/\/api.w.org\/{rel}","templated":true}]}}