{"id":6353,"date":"2021-09-01T12:50:56","date_gmt":"2021-09-01T12:50:56","guid":{"rendered":"https:\/\/woolskins.eu\/alwero-wikkeldeken-wingy-ecru-ecru"},"modified":"2026-04-14T14:00:57","modified_gmt":"2026-04-14T14:00:57","slug":"alwero-wickeldecke-wingy-ecru-ecru","status":"publish","type":"product","link":"https:\/\/woolskins.eu\/de_ch\/alwero-wikkeldeken-wingy-ecru-ecru\/","title":{"rendered":"Wolle Wickeldecke f\u00fcr Baby | Wingy Thumbled ecru"},"content":{"rendered":"<p>Da die Standardgr\u00f6\u00dfe etwas gr\u00f6\u00dfer und weniger gut f\u00fcr den Maxi-Cosi und den Autositz geeignet ist, haben wir eine kleinere Version anfertigen lassen, die den kleinsten Kindern besser passt und besser in den Maxi-Cosi und den Autositz passt. Nat\u00fcrlich passt der Mini auch in den Kinderwagen, genau wie die Originalgr\u00f6\u00dfe.<\/p>\n<p>Wolle ist atmungsaktiv und nimmt sofort die Temperatur Ihres Babys an. Warm im Winter und k\u00fchl im Sommer. Praktisch f\u00fcr zu Hause und f\u00fcr den Einsatz im Maxi-Cosi oder Kinderwagen.<\/p>\n<p>- 100% Schurwolle mit Woolmark-Zertifizierung.<br \/>\n- Exklusiv erh\u00e4ltlich bei Woolskins.<br \/>\n- F\u00fcr zu Hause und unterwegs.<br \/>\n- \u00d6ffnungen f\u00fcr die Sicherheitsgurte (5-Punkt).<br \/>\n- Gr\u00f6\u00dfe: L\u00e4nge 80cm x Breite 50cm (Alter bis zu +\/- 1 Jahr) - Mini: L\u00e4nge 75cm x 45cm (Alter bis zu +\/- 9 Monate)<br \/>\n- Die Gr\u00f6\u00dfe mini hat einen anderen Rand, das ist unser neuestes Modell.<br \/>\n- waschbar bei 30\u00b0C im Wollwaschgang.<\/p>\n<p>Wollfasern sind atmungsaktiv und haben die F\u00e4higkeit, als nat\u00fcrlicher Thermostat zu wirken, der die K\u00f6rpertemperatur reguliert? Dies hilft Ihrem Baby, die Temperatur stabil zu halten und sorgt daf\u00fcr, dass es trocken und bequem bleibt. Dies geschieht \u2018dynamisch\u2019, d. h., es geschieht dann, wenn es gebraucht wird, und nicht, wenn es nicht gebraucht wird. Warm im Winter und k\u00fchl im Sommer.<\/p>\n<p>Dieses Produkt tr\u00e4gt u. a. die G\u00fctesiegel Safe for Children und Woolmark.<\/p>\n<h5>Etikett Wollfelle<\/h5>\n<p>Nach jahrelanger erfolgreicher Zusammenarbeit mit Alwero sind wir stolz darauf, unsere Produkte nun unter unserem eigenen Woolskins-Label anbieten zu k\u00f6nnen.<\/p>\n<p>Auf diese Weise erhalten Sie immer noch die beste Qualit\u00e4t, aber kombiniert mit den sch\u00f6nsten und einzigartigsten Produkten und Designs.<\/p>\n<p>Die Qualit\u00e4t der Stoffe und Farben bleibt wie immer, nur gibt es jetzt eine gr\u00f6\u00dfere Auswahl, mit der sich Woolskins zu profilieren gedenkt.<\/p>\n<p>Unsere breite Sammlung ist so gleichgesteld, dass sie eine gro\u00dfe Erg\u00e4nzung zu jedem Baby-Outfit, aus 100% europ\u00e4ischen Wolle, die atmet und ist f\u00fcr jede Jahreszeit geeignet sind.<\/p>\n<p>Wir setzen uns mit Begeisterung f\u00fcr ein nachhaltiges, nat\u00fcrliches und m\u00f6glichst komfortables Produkt f\u00fcr Ihr Kind ein.<\/p>","protected":false},"excerpt":{"rendered":"<p>Ihr Baby schl\u00e4ft und tr\u00e4umt in dieser bequemen Wolldecke Wingy aus unserer Kollektion \u2018Thumbled\u2019. Diese Wickeldecke f\u00e4llt sanft und ist sehr weich. Sie hat ein sch\u00f6nes und luxuri\u00f6ses Aussehen und ist \u00e4u\u00dferst bequem. Die Einschlagdecke ist aus 100% Wolle gefertigt und nimmt sofort die Temperatur Ihres Kindes an. Sie kann zu jeder Jahreszeit verwendet werden. Dank der \u00d6ffnungen f\u00fcr die Sicherheitsgurte (5-Punkt) passt sie gut in den Kinderwagen und bringt Ihr Kind warm und bequem nach drau\u00dfen. Speziell f\u00fcr die Kleinsten haben wir auch eine kleinere Version (mini), die gut passt und perfekt in den Maxi-Cosi passt. (Bilder sind von der gro\u00dfen Version)<\/p>\n<div class=\"woocommerce-product-details__short-description\">\n<p><strong>Marke: Woolskins<\/strong><br \/>\n<strong>Produktion: Polen<\/strong><\/p>\n<\/div>","protected":false},"featured_media":17509,"comment_status":"closed","ping_status":"closed","template":"","meta":{"_acf_changed":false},"product_brand":[],"product_cat":[361,360,364,196,321,194],"product_tag":[],"class_list":{"0":"post-6353","1":"product","2":"type-product","3":"status-publish","4":"has-post-thumbnail","6":"product_cat-babyshower","7":"product_cat-cadeautips","8":"product_cat-cadeaus-vanaf-e50","9":"product_cat-slaapkleding-baby","10":"product_cat-wikkeldekens","11":"product_cat-wollen-babyproducten","12":"pa_maat-mini","13":"pa_maat-standaard-maat","15":"first","16":"instock","17":"taxable","18":"shipping-taxable","19":"purchasable","20":"product-type-variable"},"acf":[],"_links":{"self":[{"href":"https:\/\/woolskins.eu\/de_ch\/wp-json\/wp\/v2\/product\/6353","targetHints":{"allow":["GET"]}}],"collection":[{"href":"https:\/\/woolskins.eu\/de_ch\/wp-json\/wp\/v2\/product"}],"about":[{"href":"https:\/\/woolskins.eu\/de_ch\/wp-json\/wp\/v2\/types\/product"}],"replies":[{"embeddable":true,"href":"https:\/\/woolskins.eu\/de_ch\/wp-json\/wp\/v2\/comments?post=6353"}],"wp:featuredmedia":[{"embeddable":true,"href":"https:\/\/woolskins.eu\/de_ch\/wp-json\/wp\/v2\/media\/17509"}],"wp:attachment":[{"href":"https:\/\/woolskins.eu\/de_ch\/wp-json\/wp\/v2\/media?parent=6353"}],"wp:term":[{"taxonomy":"product_brand","embeddable":true,"href":"https:\/\/woolskins.eu\/de_ch\/wp-json\/wp\/v2\/product_brand?post=6353"},{"taxonomy":"product_cat","embeddable":true,"href":"https:\/\/woolskins.eu\/de_ch\/wp-json\/wp\/v2\/product_cat?post=6353"},{"taxonomy":"product_tag","embeddable":true,"href":"https:\/\/woolskins.eu\/de_ch\/wp-json\/wp\/v2\/product_tag?post=6353"}],"curies":[{"name":"wp","href":"https:\/\/api.w.org\/{rel}","templated":true}]}}