{"id":6246,"date":"2021-09-01T12:49:19","date_gmt":"2021-09-01T12:49:19","guid":{"rendered":"https:\/\/woolskins.eu\/eco-baby-care-comfort-3"},"modified":"2026-04-10T13:57:10","modified_gmt":"2026-04-10T13:57:10","slug":"eco-baby-care-comfort-3","status":"publish","type":"product","link":"https:\/\/woolskins.eu\/de_ch\/eco-baby-care-comfort-3\/","title":{"rendered":"Schafsfell f\u00fcr Kinderwagen - Komfort"},"content":{"rendered":"<p>Dieses Eco Baby-Care Lammfell ist speziell f\u00fcr die Verwendung im Buggy, in der Wiege, im Autositz oder im Moses-K\u00f6rbchen zugeschnitten. Sehr bequem f\u00fcr unterwegs und zu Hause. Ideal f\u00fcr lange Urlaubsreisen in warme L\u00e4nder. Es ist \u00e4u\u00dferst bequem, da es atmungsaktiv ist und Schwei\u00df sofort absorbiert, ohne dass sich Ihr Baby nass\/klamm anf\u00fchlt.<\/p>\n<p>- Gr\u00f6\u00dfe 75 x 45 cm, Fell 2 cm.<br \/>\n- Kerben f\u00fcr Sicherheitsgurte 3 &amp; 5 Punkt.<br \/>\n- Weiches und kompaktes Fell.<br \/>\n- <strong>NICHT<\/strong> Hand- und Maschinenwaschbar und trocknergeeignet.<br \/>\n- Leicht zu pflegen.<\/p>\n<h5><b>Bequemes Reisen<\/b><\/h5>\n<p>Wollfasern sind atmungsaktiv und haben die F\u00e4higkeit, als nat\u00fcrlicher Thermostat zu wirken, der die K\u00f6rpertemperatur reguliert? Das hilft Ihrem Baby, die Temperatur konstant zu halten und sorgt daf\u00fcr, dass es trocken und bequem bleibt. Dies geschieht \u2018dynamisch\u2019, d. h., es geschieht dann, wenn es gebraucht wird, und nicht, wenn es nicht gebraucht wird. Warm im Winter und k\u00fchl im Sommer.<\/p>\n<p>Woolskins Baby-Care-M\u00e4ntel haben ein k\u00fcrzeres Fell, das sie babytauglich macht. Sie sind von Geburt an geeignet und sch\u00fctzen durch ihre umweltschonende Verarbeitung sowohl die Kleinen als auch den Planeten. Ob zu Hause oder unterwegs, Sie schaffen eine komfortable Umgebung, in der sich Ihr Kleines wohl f\u00fchlt. Standardm\u00e4\u00dfig \u2018geschenkfertig\u2019 verpackt mit pers\u00f6nlicher Note.<\/p>\n<h5><strong>Eigenschaften Comfort Sheepskin<\/strong><\/h5>\n<p>Dieses Baby-Care-Schafsfell stammt vom englischen Schaf. Es ist ein sehr weiches und sch\u00f6n kompaktes Fell. Dieses Comfort-Fell ist \u2018das\u2019 Schaffell, das wir von fr\u00fcher kennen, wir haben es nur auf eine kurze L\u00e4nge rasiert. Es ist viel sicherer. Wie alle unsere anderen Vliese sind die Wollfasern atmungsaktiv. Das hilft Ihrem Baby, die Temperatur stabil zu halten und sorgt daf\u00fcr, dass Ihr Baby trocken und bequem bleibt. Im Sommer k\u00fchl und im Winter warm.<\/p>\n<h5><b>Umweltfreundlich<\/b><\/h5>\n<p>Alle bei der Gerbung und Veredelung verwendeten Mittel entsprechen den wesentlichen EU-Richtlinien zur Erhaltung und zum Schutz der Umwelt.<\/p>\n<p>Unsere M\u00e4ntel werden gem\u00e4\u00df der REACH-Verordnung gegerbt, die verabschiedet wurde, um den Schutz der menschlichen Gesundheit und der Umwelt vor den Risiken, die von Chemikalien ausgehen k\u00f6nnen, zu verbessern und gleichzeitig die Wettbewerbsf\u00e4higkeit der chemischen Industrie der EU zu steigern. Bei der Produktion werden keine AZO-Farbstoffe verwendet.<\/p>\n<p>ECO PRODUKTE - Felle sind Eco Friendly Skins, ihre Verarbeitung und Behandlung sind sicher f\u00fcr Erwachsene und Kinder. Felle sind biologisch abbaubar, organisch.<\/p>\n<p>Woolskins verkauft keine Vliese von Schafen, die mit Mulesing behandelt wurden! Mulesing wird bei europ\u00e4ischen Schafen nicht angewendet, da der Parasit, der die Landwirte dazu veranlasst, Mulesing anzuwenden, in Europa nicht vorkommt.<\/p>\n<h5><b>Bauchschl\u00e4fer... aufgepasst!<\/b><\/h5>\n<p>Kleine Kinder, die in den ersten 12 Monaten auf dem Bauch schlafen, sollten aus Sicherheitsgr\u00fcnden nicht auf etwas Weichem schlafen, da dies gef\u00e4hrlich sein kann. Wir empfehlen daher, das Woolskins-Fell mit Bedacht einzusetzen! Achten Sie immer darauf, wenn Ihr Kind auf dem Bauch liegt oder schl\u00e4ft, und stellen Sie sicher, dass Ihr Kind jederzeit beaufsichtigt wird.<\/p>","protected":false},"excerpt":{"rendered":"<p><strong data-start=\"69\" data-end=\"131\">Weiches und nat\u00fcrliches Schafsfell f\u00fcr Babys - Woolskins<br \/>\n<\/strong><br data-start=\"131\" data-end=\"134\" \/>Geben Sie Ihrem Baby nur das Beste mit diesem hochwertigen, europ\u00e4ischen Schaffell von Woolskins. Das Vlies ist speziell kurz geschoren, um die Sicherheit Ihres Babys zu gew\u00e4hrleisten, und eignet sich ideal f\u00fcr die Verwendung im Kinderwagen, Maxi-Cosi oder Moseskorb. Es hat praktische \u00d6ffnungen f\u00fcr den 5-Punkt-Gurt, so dass Sie Ihr Baby sicher befestigen k\u00f6nnen, ohne auf Komfort zu verzichten. Die nat\u00fcrliche Wolle sorgt f\u00fcr ein angenehmes Tragegef\u00fchl durch Temperaturregulierung, und das hypoallergene Material ist sanft zur empfindlichen Haut. Dar\u00fcber hinaus hat das Fell eine beruhigende Wirkung, so dass sich Ihr Baby bei jeder Fahrt oder zu Hause entspannt f\u00fchlt. Langlebig und pflegeleicht, so dass Sie lange Freude daran haben werden. Lesen Sie mehr unter Produktinformation unten.<\/p>\n<p><strong>Marke: Woolskins<\/strong><br \/>\n<strong>Land: Polen<\/strong><\/p>","protected":false},"featured_media":9648,"comment_status":"closed","ping_status":"closed","template":"","meta":{"_acf_changed":false},"product_brand":[],"product_cat":[545,222,354],"product_tag":[372],"class_list":{"0":"post-6246","1":"product","2":"type-product","3":"status-publish","4":"has-post-thumbnail","6":"product_cat-best_verkocht","7":"product_cat-buggy-schapenvachtjes","8":"product_cat-woolskins","9":"product_tag-populair","11":"first","12":"instock","13":"sale","14":"taxable","15":"shipping-taxable","16":"purchasable","17":"product-type-variable","18":"has-default-attributes"},"acf":[],"_links":{"self":[{"href":"https:\/\/woolskins.eu\/de_ch\/wp-json\/wp\/v2\/product\/6246","targetHints":{"allow":["GET"]}}],"collection":[{"href":"https:\/\/woolskins.eu\/de_ch\/wp-json\/wp\/v2\/product"}],"about":[{"href":"https:\/\/woolskins.eu\/de_ch\/wp-json\/wp\/v2\/types\/product"}],"replies":[{"embeddable":true,"href":"https:\/\/woolskins.eu\/de_ch\/wp-json\/wp\/v2\/comments?post=6246"}],"wp:featuredmedia":[{"embeddable":true,"href":"https:\/\/woolskins.eu\/de_ch\/wp-json\/wp\/v2\/media\/9648"}],"wp:attachment":[{"href":"https:\/\/woolskins.eu\/de_ch\/wp-json\/wp\/v2\/media?parent=6246"}],"wp:term":[{"taxonomy":"product_brand","embeddable":true,"href":"https:\/\/woolskins.eu\/de_ch\/wp-json\/wp\/v2\/product_brand?post=6246"},{"taxonomy":"product_cat","embeddable":true,"href":"https:\/\/woolskins.eu\/de_ch\/wp-json\/wp\/v2\/product_cat?post=6246"},{"taxonomy":"product_tag","embeddable":true,"href":"https:\/\/woolskins.eu\/de_ch\/wp-json\/wp\/v2\/product_tag?post=6246"}],"curies":[{"name":"wp","href":"https:\/\/api.w.org\/{rel}","templated":true}]}}