{"id":6227,"date":"2021-09-01T12:48:54","date_gmt":"2021-09-01T12:48:54","guid":{"rendered":"https:\/\/woolskins.eu\/eco-baby-care-comfort-2"},"modified":"2026-03-13T14:19:32","modified_gmt":"2026-03-13T14:19:32","slug":"eco-baby-care-comfort-2","status":"publish","type":"product","link":"https:\/\/woolskins.eu\/de_ch\/eco-baby-care-comfort-2\/","title":{"rendered":"Schafsfell f\u00fcr Baby - Komfort"},"content":{"rendered":"<p>Woolskins Baby-Care Schafsfelle haben ein k\u00fcrzeres Fell, das sie babytauglich macht. Sie sind von Geburt an geeignet und sch\u00fctzen durch ihre umweltschonende Verarbeitung sowohl die Kleinen als auch den Planeten. Ob zu Hause oder unterwegs, Sie schaffen eine komfortable Umgebung, in der sich Ihr Kind wohlf\u00fchlt und entspannt. Wussten Sie, dass ein Schafsfell auch gesund f\u00fcr Ihr Kind ist?<\/p>\n<p>- L\u00e4nge 90-100cm \/ Fell 3cm.<br \/>\n- Weiches und kompaktes Fell.<br \/>\n&#8211; <span style=\"color: #000000;\"><strong>NICHT<\/strong> <\/span>maschinenwaschbar und trocknergeeignet.<br \/>\n- Leicht zu pflegen.<\/p>\n<p>Bestellen Sie eine Pflegeb\u00fcrste dazu, damit Ihr Fell lange sch\u00f6n bleibt, und\/oder lassen Sie Ihr Fell mit den Geburtsgeschenken f\u00fcr Sie oder Ihr Kind personalisieren. Ein sch\u00f6nes und einzigartiges Geschenk, exklusiv bei Woolskins erh\u00e4ltlich. Standardm\u00e4\u00dfig \u2018geschenkfertig\u2019 verpackt mit pers\u00f6nlicher Note.<\/p>\n<p><strong>Eigenschaften Comfort Sheepskin<\/strong><\/p>\n<p>Dieses Baby-Care-Schafsfell stammt vom englischen Schaf. Es ist ein sehr weiches und sch\u00f6n kompaktes Fell. Dieses Comfort-Fell ist \u2018das\u2019 Schaffell, das wir von fr\u00fcher kennen, wir haben es nur auf eine kurze L\u00e4nge rasiert. Es ist viel sicherer. Wie alle unsere anderen Vliese sind die Wollfasern atmungsaktiv. Das hilft Ihrem Baby, die Temperatur stabil zu halten und sorgt daf\u00fcr, dass Ihr Baby trocken und bequem bleibt. Im Sommer k\u00fchl und im Winter warm.<\/p>\n<p><strong>Umweltfreundlich<\/strong><\/p>\n<p>Alle bei der Gerbung und Veredelung verwendeten Mittel entsprechen den wesentlichen EU-Richtlinien zur Erhaltung und zum Schutz der Umwelt.<\/p>\n<p>Unsere M\u00e4ntel werden gem\u00e4\u00df der REACH-Verordnung gegerbt, die verabschiedet wurde, um den Schutz der menschlichen Gesundheit und der Umwelt vor den Risiken, die von Chemikalien ausgehen k\u00f6nnen, zu verbessern und gleichzeitig die Wettbewerbsf\u00e4higkeit der chemischen Industrie der EU zu steigern. Bei der Produktion werden keine AZO-Farbstoffe verwendet.<\/p>\n<p>ECO PRODUKTE - Felle sind Eco Friendly Skins, ihre Verarbeitung und Behandlung sind sicher f\u00fcr Erwachsene und Kinder. Felle sind biologisch abbaubar, organisch.<\/p>\n<p>Woolskins verkauft keine Vliese von Schafen, die mit Mulesing behandelt wurden! Mulesing wird bei europ\u00e4ischen Schafen nicht angewendet, da der Parasit, der die Landwirte dazu veranlasst, Mulesing anzuwenden, in Europa nicht vorkommt.<\/p>\n<p><strong>Bauchschl\u00e4fer... aufgepasst!<\/strong><\/p>\n<p>Kleine Kinder, die in den ersten 12 Monaten auf dem Bauch schlafen, sollten aus Sicherheitsgr\u00fcnden nicht auf etwas Weichem schlafen, da dies gef\u00e4hrlich sein kann. Wir empfehlen daher, das Woolskins-Fell mit Bedacht einzusetzen! Achten Sie immer darauf, wenn Ihr Kind auf dem Bauch liegt oder schl\u00e4ft, und stellen Sie sicher, dass Ihr Kind jederzeit beaufsichtigt wird.<\/p>","protected":false},"excerpt":{"rendered":"<p><strong>Weiches und nat\u00fcrliches Schafsfell f\u00fcr Babys - Woolskins<br \/>\n<\/strong><br \/>\nGeben Sie Ihrem Baby nur das Beste mit dieser hochwertigen europ\u00e4ischen Schaffelldecke von Woolskins. Perfekt als weiche und bequeme Unterlage im Bettchen, Laufstall oder auf dem Boden. Das Vlies besteht aus weicher, nat\u00fcrlicher Wolle, die die Temperatur reguliert und die empfindliche Haut Ihres Babys sch\u00fctzt. Au\u00dferdem hat es eine beruhigende Wirkung, so dass sich Ihr Baby beim Spielen oder in ruhigen Momenten entspannt f\u00fchlt. Langlebig und pflegeleicht, damit Sie lange Freude daran haben. Weitere Informationen finden Sie unter Produktinformationen unten.<\/p>\n<p><strong>Marke: Woolskins<\/strong><br \/>\n<strong>Land: Polen<\/strong><\/p>","protected":false},"featured_media":9640,"comment_status":"closed","ping_status":"closed","template":"","meta":{"_acf_changed":false},"product_brand":[],"product_cat":[361,360,364,216,354],"product_tag":[],"class_list":{"0":"post-6227","1":"product","2":"type-product","3":"status-publish","4":"has-post-thumbnail","6":"product_cat-babyshower","7":"product_cat-cadeautips","8":"product_cat-cadeaus-vanaf-e50","9":"product_cat-schapenvacht-voor-baby","10":"product_cat-woolskins","12":"first","13":"instock","14":"sale","15":"taxable","16":"shipping-taxable","17":"purchasable","18":"product-type-variable","19":"has-default-attributes"},"acf":[],"_links":{"self":[{"href":"https:\/\/woolskins.eu\/de_ch\/wp-json\/wp\/v2\/product\/6227","targetHints":{"allow":["GET"]}}],"collection":[{"href":"https:\/\/woolskins.eu\/de_ch\/wp-json\/wp\/v2\/product"}],"about":[{"href":"https:\/\/woolskins.eu\/de_ch\/wp-json\/wp\/v2\/types\/product"}],"replies":[{"embeddable":true,"href":"https:\/\/woolskins.eu\/de_ch\/wp-json\/wp\/v2\/comments?post=6227"}],"wp:featuredmedia":[{"embeddable":true,"href":"https:\/\/woolskins.eu\/de_ch\/wp-json\/wp\/v2\/media\/9640"}],"wp:attachment":[{"href":"https:\/\/woolskins.eu\/de_ch\/wp-json\/wp\/v2\/media?parent=6227"}],"wp:term":[{"taxonomy":"product_brand","embeddable":true,"href":"https:\/\/woolskins.eu\/de_ch\/wp-json\/wp\/v2\/product_brand?post=6227"},{"taxonomy":"product_cat","embeddable":true,"href":"https:\/\/woolskins.eu\/de_ch\/wp-json\/wp\/v2\/product_cat?post=6227"},{"taxonomy":"product_tag","embeddable":true,"href":"https:\/\/woolskins.eu\/de_ch\/wp-json\/wp\/v2\/product_tag?post=6227"}],"curies":[{"name":"wp","href":"https:\/\/api.w.org\/{rel}","templated":true}]}}