{"id":6221,"date":"2021-09-01T12:48:54","date_gmt":"2021-09-01T12:48:54","guid":{"rendered":"https:\/\/woolskins.eu\/eco-baby-care-merino"},"modified":"2026-05-13T10:38:22","modified_gmt":"2026-05-13T10:38:22","slug":"schafsfell-fur-baby-oko-baby-pflege-merino","status":"publish","type":"product","link":"https:\/\/woolskins.eu\/de_ch\/schapenvacht-voor-baby-eco-baby-care-merino\/","title":{"rendered":"Schafsfell f\u00fcr Baby - Merino Extrafein (Medizinisch)"},"content":{"rendered":"<p><strong>Beschreibung<\/strong><\/p>\n<p>Woolskins Baby-Care Schafsfelle f\u00fcr Babys haben ein k\u00fcrzeres Fell, das sie babysicher macht. Sie sind von Geburt an geeignet und sch\u00fctzen durch ihre umweltschonende Verarbeitung sowohl die Kleinen als auch den Planeten. Schaffen Sie zu Hause oder unterwegs eine komfortable Umgebung, in der sich Ihr Kind wohlf\u00fchlt und entspannt. Wussten Sie, dass ein Schafsfell auch gesund f\u00fcr Ihr Kind ist?<\/p>\n<p>- L\u00e4nge 90-100cm \/ Fell 3cm.<br \/>\n- Medizinisch gegerbt.<br \/>\n- Besonders weiches und kompaktes Fell.<br \/>\n- Maschinenwaschbar und trocknergeeignet.<br \/>\n- Leicht zu pflegen.<\/p>\n<p>Bestellen Sie eine Pflegeb\u00fcrste dazu, damit Ihr Fell lange sch\u00f6n bleibt, und\/oder lassen Sie Ihr Fell mit den Geburtsgeschenken f\u00fcr Sie oder Ihr Kind personalisieren. Ein sch\u00f6nes und einzigartiges Geschenk, exklusiv bei Woolskins erh\u00e4ltlich. Standardm\u00e4\u00dfig \u2018geschenkfertig\u2019 verpackt mit pers\u00f6nlicher Note.<\/p>\n<p><strong>Eigenschaften von Merino-Schafsfell<\/strong><\/p>\n<p>Merinowolle\/-fell ist bekannt f\u00fcr die feineren Haare des Merinoschafs und f\u00fchlt sich daher etwas weicher auf der Haut an. Die Haare sind feiner und dichter gepackt, wodurch das Fell kompakter ist. Wie alle unsere anderen Vliese sind auch die Wollfasern atmungsaktiv. Das hilft Ihrem Baby, seine Temperatur zu halten und sorgt daf\u00fcr, dass es trocken und bequem bleibt. K\u00fchl im Sommer und warm im Winter.<\/p>\n<p><strong>Umweltfreundlich<\/strong><\/p>\n<p>Alle bei der Gerbung und Veredelung verwendeten Mittel entsprechen den wesentlichen EU-Richtlinien zur Erhaltung und zum Schutz der Umwelt.<\/p>\n<p>Unsere Schaffelle f\u00fcr Babys werden gem\u00e4\u00df der REACH-Verordnung gegerbt, die verabschiedet wurde, um den Schutz der menschlichen Gesundheit und der Umwelt vor den Risiken zu verbessern, die von Chemikalien ausgehen k\u00f6nnen, und gleichzeitig die Wettbewerbsf\u00e4higkeit der chemischen Industrie in der EU zu steigern. Bei der Produktion werden keine AZO-Farbstoffe verwendet.<\/p>\n<p>ECO PRODUKTE - Felle sind Eco Friendly Schaffelle, ihre Verarbeitung und Behandlung sind sicher f\u00fcr Erwachsene und Kinder. H\u00e4ute sind biologisch abbaubar, organisch.<\/p>\n<p>Woolskins verkauft keine Schafsfelle von Schafen, die mit Mulesing behandelt wurden! Mulesing wird bei europ\u00e4ischen Schafen nicht angewendet, da der Parasit, der die Landwirte dazu veranlasst, Mulesing anzuwenden, in Europa nicht vorkommt.<\/p>\n<p><strong>Bauchschl\u00e4fer... aufgepasst!<\/strong><\/p>\n<p>Kleine Kinder, die in den ersten 12 Monaten auf dem Bauch schlafen, sollten aus Sicherheitsgr\u00fcnden nicht auf etwas Weichem schlafen, da dies gef\u00e4hrlich sein kann. Wir empfehlen daher, das Woolskins Schafsfell f\u00fcr Babys mit Bedacht einzusetzen! Achten Sie immer darauf, wenn Ihr Kind auf dem Bauch liegt oder schl\u00e4ft, und stellen Sie sicher, dass Ihr Kind immer beaufsichtigt wird.<\/p>","protected":false},"excerpt":{"rendered":"<p><strong>Weiches und nat\u00fcrliches Schafsfell f\u00fcr Babys - Woolskins<br \/>\n<\/strong><br \/>\nGeben Sie Ihrem Baby nur das Beste mit dieser hochwertigen europ\u00e4ischen Schaffelldecke von Woolskins. Perfekt als weiche und bequeme Unterlage im Bettchen, Laufstall oder auf dem Boden. Das Vlies besteht aus weicher, nat\u00fcrlicher Wolle, die die Temperatur reguliert und die empfindliche Haut Ihres Babys sch\u00fctzt. Au\u00dferdem hat es eine beruhigende Wirkung, so dass sich Ihr Baby beim Spielen oder in ruhigen Momenten entspannt f\u00fchlt. Langlebig und pflegeleicht, damit Sie lange Freude daran haben. Weitere Informationen finden Sie unter Produktinformationen unten.<\/p>\n<p><strong>Marke: Woolskins<\/strong><br \/>\n<strong>Land: Polen<\/strong><\/p>","protected":false},"featured_media":10531,"comment_status":"open","ping_status":"closed","template":"","meta":{"_acf_changed":false},"product_brand":[],"product_cat":[354,216],"product_tag":[503],"class_list":{"0":"post-6221","1":"product","2":"type-product","3":"status-publish","4":"has-post-thumbnail","6":"product_cat-woolskins","7":"product_cat-schapenvacht-voor-baby","8":"product_tag-schapenvacht-vor-baby","10":"first","11":"instock","12":"sale","13":"taxable","14":"shipping-taxable","15":"purchasable","16":"product-type-variable","17":"has-default-attributes"},"acf":[],"_links":{"self":[{"href":"https:\/\/woolskins.eu\/de_ch\/wp-json\/wp\/v2\/product\/6221","targetHints":{"allow":["GET"]}}],"collection":[{"href":"https:\/\/woolskins.eu\/de_ch\/wp-json\/wp\/v2\/product"}],"about":[{"href":"https:\/\/woolskins.eu\/de_ch\/wp-json\/wp\/v2\/types\/product"}],"replies":[{"embeddable":true,"href":"https:\/\/woolskins.eu\/de_ch\/wp-json\/wp\/v2\/comments?post=6221"}],"wp:featuredmedia":[{"embeddable":true,"href":"https:\/\/woolskins.eu\/de_ch\/wp-json\/wp\/v2\/media\/10531"}],"wp:attachment":[{"href":"https:\/\/woolskins.eu\/de_ch\/wp-json\/wp\/v2\/media?parent=6221"}],"wp:term":[{"taxonomy":"product_brand","embeddable":true,"href":"https:\/\/woolskins.eu\/de_ch\/wp-json\/wp\/v2\/product_brand?post=6221"},{"taxonomy":"product_cat","embeddable":true,"href":"https:\/\/woolskins.eu\/de_ch\/wp-json\/wp\/v2\/product_cat?post=6221"},{"taxonomy":"product_tag","embeddable":true,"href":"https:\/\/woolskins.eu\/de_ch\/wp-json\/wp\/v2\/product_tag?post=6221"}],"curies":[{"name":"wp","href":"https:\/\/api.w.org\/{rel}","templated":true}]}}