{"id":6193,"date":"2021-09-01T12:48:07","date_gmt":"2021-09-01T12:48:07","guid":{"rendered":"https:\/\/woolskins.eu\/luieretui-essential-beige"},"modified":"2026-02-27T07:22:27","modified_gmt":"2026-02-27T07:22:27","slug":"windeltasche-essential-beige","status":"publish","type":"product","link":"https:\/\/woolskins.eu\/de_ch\/luieretui-essential-beige\/","title":{"rendered":"Windelbeutel Wolle - gefilzt | Beige"},"content":{"rendered":"<p>- 100% Schurwolle Gefilzt mit Woolmark-Zertifizierung.<br \/>\n- Glatte, weiche und kompakte Struktur<br \/>\n- Die Abmessungen sind 24x9x9cm.<br \/>\n- F\u00fcr zu Hause und unterwegs.<br \/>\n- Europ\u00e4ische Produktion.<br \/>\n- waschbar bei 30\u00b0C im Wollwaschgang.<\/p>\n<p>Dieses Produkt tr\u00e4gt u. a. die G\u00fctesiegel Safe for Children und Woolmark.<\/p>\n<h5>Etikett Wollfelle<\/h5>\n<p>Nach jahrelanger erfolgreicher Zusammenarbeit mit Alwero sind wir stolz darauf, unsere Produkte nun unter unserem eigenen Woolskins-Label anbieten zu k\u00f6nnen.<\/p>\n<p>Auf diese Weise erhalten Sie immer noch die beste Qualit\u00e4t, aber kombiniert mit den sch\u00f6nsten und einzigartigsten Produkten und Designs.<\/p>\n<p>Die Qualit\u00e4t der Stoffe und Farben bleibt wie immer, nur gibt es jetzt eine gr\u00f6\u00dfere Auswahl, mit der sich Woolskins zu profilieren gedenkt.<\/p>\n<p>Unsere breite Sammlung ist so gleichgesteld, dass sie eine gro\u00dfe Erg\u00e4nzung zu jedem Baby-Outfit, aus 100% europ\u00e4ischen Wolle, die atmet und ist f\u00fcr jede Jahreszeit geeignet sind.<\/p>\n<p>Wir setzen uns mit Begeisterung f\u00fcr ein nachhaltiges, nat\u00fcrliches und komfortables Produkt f\u00fcr Ihr Baby ein.<\/p>","protected":false},"excerpt":{"rendered":"<p>Unser Kulturbeutel aus Wolle ist ein stilvolles und praktisches Accessoire f\u00fcr die Aufbewahrung Ihrer pers\u00f6nlichen Hygieneartikel. Ganz gleich, ob Sie Ihre wichtigsten Utensilien f\u00fcr eine Reise, einen Besuch im Fitnessstudio oder einen Tag im B\u00fcro einpacken m\u00fcssen, ein Kulturbeutel aus Wolle h\u00e4lt sie organisiert und gesch\u00fctzt. Dieser Kulturbeutel eignet sich auch hervorragend f\u00fcr die Windeln Ihres Babys, f\u00fcr Feuchtt\u00fccher und andere wichtige Dinge.<\/p>\n<p><strong>Marke: Woolskins<\/strong><br \/>\n<strong>Produktion: Polen<\/strong><\/p>\n<p>&nbsp;<\/p>","protected":false},"featured_media":7105,"comment_status":"closed","ping_status":"closed","template":"","meta":{"_acf_changed":false},"product_brand":[],"product_cat":[351,349,360,363,31,196,194],"product_tag":[],"class_list":{"0":"post-6193","1":"product","2":"type-product","3":"status-publish","4":"has-post-thumbnail","6":"product_cat-accessoiresvoormama","7":"product_cat-borstvoedingenvoedingskussens","8":"product_cat-cadeautips","9":"product_cat-cadeaus-e25-e50","10":"product_cat-yogamat-wol","11":"product_cat-slaapkleding-baby","12":"product_cat-wollen-babyproducten","14":"first","15":"outofstock","16":"taxable","17":"shipping-taxable","18":"purchasable","19":"product-type-simple"},"acf":[],"_links":{"self":[{"href":"https:\/\/woolskins.eu\/de_ch\/wp-json\/wp\/v2\/product\/6193","targetHints":{"allow":["GET"]}}],"collection":[{"href":"https:\/\/woolskins.eu\/de_ch\/wp-json\/wp\/v2\/product"}],"about":[{"href":"https:\/\/woolskins.eu\/de_ch\/wp-json\/wp\/v2\/types\/product"}],"replies":[{"embeddable":true,"href":"https:\/\/woolskins.eu\/de_ch\/wp-json\/wp\/v2\/comments?post=6193"}],"wp:featuredmedia":[{"embeddable":true,"href":"https:\/\/woolskins.eu\/de_ch\/wp-json\/wp\/v2\/media\/7105"}],"wp:attachment":[{"href":"https:\/\/woolskins.eu\/de_ch\/wp-json\/wp\/v2\/media?parent=6193"}],"wp:term":[{"taxonomy":"product_brand","embeddable":true,"href":"https:\/\/woolskins.eu\/de_ch\/wp-json\/wp\/v2\/product_brand?post=6193"},{"taxonomy":"product_cat","embeddable":true,"href":"https:\/\/woolskins.eu\/de_ch\/wp-json\/wp\/v2\/product_cat?post=6193"},{"taxonomy":"product_tag","embeddable":true,"href":"https:\/\/woolskins.eu\/de_ch\/wp-json\/wp\/v2\/product_tag?post=6193"}],"curies":[{"name":"wp","href":"https:\/\/api.w.org\/{rel}","templated":true}]}}