{"id":30284,"date":"2026-04-17T14:35:15","date_gmt":"2026-04-17T14:35:15","guid":{"rendered":"https:\/\/woolskins.eu\/?post_type=product&#038;p=30284"},"modified":"2026-04-17T14:41:41","modified_gmt":"2026-04-17T14:41:41","slug":"wollen-wikkeldeken-capuchondeken-hazelnoot","status":"publish","type":"product","link":"https:\/\/woolskins.eu\/de_ch\/wollen-wikkeldeken-capuchondeken-hazelnoot\/","title":{"rendered":"Wollen Wikkeldeken &#8211; Capuchondeken voor Baby | Felted Hazelnoot"},"content":{"rendered":"<p>Ihr Baby wird in dieser bequemen Wolldecke mit Kapuze aus unserer \u2018Felted\u2019-Kollektion schlafen und tr\u00e4umen. Diese Wickel-\/Kapuzendecke f\u00e4llt sanft und ist sehr weich. Sie hat ein sch\u00f6nes und luxuri\u00f6ses Aussehen und ist \u00e4u\u00dferst bequem. Die Decke ist aus 100% Wolle gefertigt und nimmt sofort die Temperatur Ihres Kindes an. Sie k\u00f6nnen sie auch zum Wickeln oder F\u00fcttern Ihres Kindes verwenden oder sie unterwegs mitnehmen, um Ihr Kind auf der richtigen Temperatur zu halten.<\/p>\n<p>- 100% Schurwolle Gefilzt mit Woolmark-Zertifizierung.<br \/>\n- Glatte, weiche und kompakte Struktur<br \/>\n- Gute thermische Eigenschaften<br \/>\n- F\u00fcr zu Hause und unterwegs.<br \/>\n- Gr\u00f6\u00dfe: 80 x 80 cm.<br \/>\n- Europ\u00e4ische Produktion.<br \/>\n- Waschbar bei 30\u00b0C im Wollwaschgang.<br \/>\n- Exklusiv erh\u00e4ltlich bei Woolskins<\/p>\n<p>Wollfasern sind atmungsaktiv und haben die F\u00e4higkeit, als nat\u00fcrlicher Thermostat zu wirken, der die K\u00f6rpertemperatur reguliert? Dies hilft Ihrem Baby, die Temperatur stabil zu halten und sorgt daf\u00fcr, dass es trocken und bequem bleibt. Dies geschieht \u2018dynamisch\u2019, d. h., es geschieht dann, wenn es gebraucht wird, und nicht, wenn es nicht gebraucht wird. Warm im Winter und k\u00fchl im Sommer.<\/p>\n<p>Dieses Produkt tr\u00e4gt u. a. die G\u00fctesiegel Safe for Children und Woolmark.<\/p>\n<div id=\"product-7026\" class=\"product type-product post-7026 status-publish first instock product_cat-babyshower product_cat-cadeaus-e25-e50 product_cat-cadeautips product_cat-alwero product_cat-slaapkleding-baby product_cat-babydeken product_cat-best-verkocht has-post-thumbnail taxable shipping-taxable purchasable product-type-variable ct-ajax-add-to-cart thumbs-bottom sticky-summary ct-default-gallery\">\n<div class=\"woocommerce-tabs wc-tabs-wrapper\" data-type=\"type-1:center\">\n<article>\n<div id=\"tab-description\" class=\"woocommerce-Tabs-panel woocommerce-Tabs-panel--description panel entry-content wc-tab\" role=\"tabpanel\" aria-labelledby=\"tab-title-description\">\n<h5>Etikett Wollfelle<\/h5>\n<p>Nach jahrelanger erfolgreicher Zusammenarbeit mit Alwero sind wir stolz darauf, unsere Produkte nun unter unserem eigenen Woolskins-Label anbieten zu k\u00f6nnen.<\/p>\n<p>Auf diese Weise erhalten Sie immer noch die beste Qualit\u00e4t, aber kombiniert mit den sch\u00f6nsten und einzigartigsten Produkten und Designs.<\/p>\n<p>Die Qualit\u00e4t der Stoffe und Farben bleibt wie immer, nur gibt es jetzt eine gr\u00f6\u00dfere Auswahl, mit der sich Woolskins zu profilieren gedenkt.<\/p>\n<p>Unsere breite Sammlung ist so gleichgesteld, dass sie eine gro\u00dfe Erg\u00e4nzung zu jedem Baby-Outfit, aus 100% europ\u00e4ischen Wolle, die atmet und ist f\u00fcr jede Jahreszeit geeignet sind.<\/p>\n<p>Wir setzen uns mit Begeisterung f\u00fcr ein nachhaltiges, nat\u00fcrliches und komfortables Produkt f\u00fcr Ihr Baby ein.<\/p>\n<\/div>\n<\/article>\n<\/div>\n<\/div>","protected":false},"excerpt":{"rendered":"<p>Diese \u2018Felted\u2019-Wolldecke mit Kapuze ist ein warmes und bequemes Produkt, das f\u00fcr alle Jahreszeiten geeignet ist. Sie ist aus weicher und nat\u00fcrlicher Wolle gefertigt, die gut isoliert, atmungsaktiv ist und weich f\u00e4llt. Die Decke hat eine Kapuze, die den Kopf wunderbar warm h\u00e4lt. Es handelt sich um ein vielseitiges und praktisches Produkt, das sowohl f\u00fcr den Innen- als auch f\u00fcr den Au\u00dfenbereich geeignet ist. Ein Wolltuch mit Kapuze ist ein echtes Muss f\u00fcr jede Babyausstattung, aber auch ein tolles Geschenk f\u00fcr jemanden. Sie ist in verschiedenen Wollstoffen und Farben erh\u00e4ltlich, so dass Sie immer eine Decke finden, die zu Ihnen passt. Das Wickeltuch ist aus 100% Wolle gefertigt und misst sofort die Temperatur Ihres Kindes. Sie k\u00f6nnen sie auch zum Wickeln oder F\u00fcttern Ihres Kindes verwenden oder sie einfach mitnehmen, um Ihr Kind auf der richtigen Temperatur zu halten.<\/p>\n<p><strong>Marke: Woolskins<\/strong><br \/>\n<strong>Produktion: Polen<\/strong><\/p>","protected":false},"featured_media":30287,"comment_status":"closed","ping_status":"closed","template":"","meta":{"_acf_changed":false},"product_brand":[],"product_cat":[361,360,364,499,196,321,194],"product_tag":[],"class_list":{"0":"post-30284","1":"product","2":"type-product","3":"status-publish","4":"has-post-thumbnail","6":"product_cat-babyshower","7":"product_cat-cadeautips","8":"product_cat-cadeaus-vanaf-e50","9":"product_cat-new-arrivals","10":"product_cat-slaapkleding-baby","11":"product_cat-wikkeldekens","12":"product_cat-wollen-babyproducten","14":"first","15":"instock","16":"taxable","17":"shipping-taxable","18":"purchasable","19":"product-type-simple"},"acf":[],"_links":{"self":[{"href":"https:\/\/woolskins.eu\/de_ch\/wp-json\/wp\/v2\/product\/30284","targetHints":{"allow":["GET"]}}],"collection":[{"href":"https:\/\/woolskins.eu\/de_ch\/wp-json\/wp\/v2\/product"}],"about":[{"href":"https:\/\/woolskins.eu\/de_ch\/wp-json\/wp\/v2\/types\/product"}],"replies":[{"embeddable":true,"href":"https:\/\/woolskins.eu\/de_ch\/wp-json\/wp\/v2\/comments?post=30284"}],"wp:featuredmedia":[{"embeddable":true,"href":"https:\/\/woolskins.eu\/de_ch\/wp-json\/wp\/v2\/media\/30287"}],"wp:attachment":[{"href":"https:\/\/woolskins.eu\/de_ch\/wp-json\/wp\/v2\/media?parent=30284"}],"wp:term":[{"taxonomy":"product_brand","embeddable":true,"href":"https:\/\/woolskins.eu\/de_ch\/wp-json\/wp\/v2\/product_brand?post=30284"},{"taxonomy":"product_cat","embeddable":true,"href":"https:\/\/woolskins.eu\/de_ch\/wp-json\/wp\/v2\/product_cat?post=30284"},{"taxonomy":"product_tag","embeddable":true,"href":"https:\/\/woolskins.eu\/de_ch\/wp-json\/wp\/v2\/product_tag?post=30284"}],"curies":[{"name":"wp","href":"https:\/\/api.w.org\/{rel}","templated":true}]}}