{"id":28123,"date":"2025-12-16T11:59:00","date_gmt":"2025-12-16T11:59:00","guid":{"rendered":"https:\/\/woolskins.eu\/?post_type=product&#038;p=28123"},"modified":"2026-01-07T15:02:02","modified_gmt":"2026-01-07T15:02:02","slug":"lucky-heart-merenque-lemon","status":"publish","type":"product","link":"https:\/\/woolskins.eu\/de_ch\/lucky-heart-merenque-lemon\/","title":{"rendered":"Lucky Heart | Whisper"},"content":{"rendered":"<p><strong>\u00dcber Mischa Hendriksen<\/strong><\/p>\n<p>Mischa wurde in eine K\u00fcnstlerfamilie hineingeboren. Von klein auf war er von Kunst umgeben. Sein Vater malte, seine Mutter war Bildhauerin und seine Schwester arbeitete in der Grafikbranche. Es war also keine \u00dcberraschung, dass Mischa selbst eine kreative Karriere anstrebte.<\/p>\n<p class=\"font_8\"><span class=\"wixGuard\">\u200b<\/span>Er begann seine Karriere als professioneller T\u00e4nzer. Er reiste mit verschiedenen Tanzkompanien durch die ganze Welt und genoss das Adrenalin und den Ausdruck des Tanzes. Nach 14 Jahren beschloss er jedoch, dass es Zeit f\u00fcr eine neue Herausforderung war.<\/p>\n<p class=\"font_8\"><span class=\"wixGuard\">\u200b<\/span>Mischa landete im internationalen Kunsthandel. Von Amsterdam aus arbeitete er mit Galerien und Sammlern in der ganzen Welt zusammen und lernte alles \u00fcber den Kunstmarkt und die Kunst selbst. Er war fasziniert von der Kraft der Kunst, Menschen zu ber\u00fchren und zu inspirieren.<\/p>\n<p class=\"font_8\"><span class=\"wixGuard\">\u200b<\/span>Nachdem er 20 Jahre lang in der Kunstbranche t\u00e4tig war, begann er zu malen. Er hatte schon immer eine Leidenschaft f\u00fcr die Malerei gehabt, aber nie die Zeit daf\u00fcr gehabt. Jetzt, da er mehr Zeit hatte, konnte er sich endlich ganz seiner Kunst widmen.<\/p>\n<p class=\"font_8\">Seine Bilder sind abstrakt und farbenfroh. Sie strahlen ein Gef\u00fchl von Frieden und Ruhe aus. Mit seiner Kunst will er den Menschen helfen, der Hektik des Alltags zu entfliehen. Er m\u00f6chte, dass die Menschen in seinen Gem\u00e4lden einen Moment der Ruhe und Kontemplation finden.<\/p>\n<p class=\"font_8\"><span class=\"wixGuard\">\u200b<\/span>Mischa ist ein einzigartiger K\u00fcnstler mit einem interessanten Hintergrund. Er hat eine lange und erfolgreiche Karriere in der Tanz- und Kunstbranche hinter sich und konzentriert sich jetzt ganz auf seine Malerei. Er schafft wundersch\u00f6ne, abstrakte Gem\u00e4lde, die ein Gef\u00fchl von Frieden und Ruhe ausstrahlen.<\/p>\n<p><a href=\"https:\/\/woolskins.wixstudio.io\/mijnsite-1\" target=\"_blank\" rel=\"noopener\">Website ansehen<\/a><\/p>\n<p>&nbsp;<\/p>","protected":false},"excerpt":{"rendered":"<div id=\"\" class=\"brz-css-f1nL7 brz-wrapper\">\n<div class=\"brz-rich-text brz-rich-text__custom brz-css-bQsg8\" data-brz-custom-id=\"huusIuGBka_T\">\n<div data-brz-translate-text=\"1\">\n<p>Met dit unieke Artwork Gift geef je een stukje van je hart, een tastbare uitdrukking van liefde, dankbaarheid en verbinding. Een Lucky Heart is speciaal ontworpen om momenten in het leven te markeren die er \u00e9cht toe doen, momenten die je voor altijd wilt koesteren.<\/p>\n<p>Dit kunstwerk wordt vaak gegeven ter viering van de geboorte van een kind, als symbool van bescherming, liefde en een prachtig begin. Maar een Lucky Heart is net zo waardevol wanneer het wordt gegeven aan iemand die jouw leven heeft geraakt, iemand van wie je houdt, iemand die jou heeft gesteund, of iemand die je gewoon vanuit je hart wilt bedanken.<\/p>\n<p>Elk Lucky Heart symboliseert een boodschap van liefde, bescherming en oprechte verbondenheid. Het draagt zacht de betekenis: je bent geliefd, je bent gekoesterd en je bent nooit alleen.<\/p>\n<p>Een tijdloos aandenken dat liefde en herinnering biedt, dag na dag.<\/p>\n<\/div>\n<\/div>\n<\/div>\n<div id=\"\" class=\"brz-css-f1nL7 brz-wrapper\">\n<div class=\"brz-rich-text brz-rich-text__custom brz-css-bQsg8\" data-brz-custom-id=\"hdkVgQoLd3go\">\n<div data-brz-translate-text=\"1\">\n<p data-uniq-id=\"dctDn\" data-generated-css=\"brz-css-uFYkb\">K\u00fcnstler: Mischa Hendriksen<br \/>\nTitel: &#8216;Whisper\u2019<br \/>\nMaat: 20 x 20 cm (7,8 x 7,8 inch)<br \/>\nMedia: 100% Handmade, 3-D art, acrylic on canvas<br \/>\nOplage: Original Artwork<br \/>\nPrice: \u20ac145,- (inclusief lijst)<\/p>\n<\/div>\n<\/div>\n<\/div>","protected":false},"featured_media":28119,"comment_status":"open","ping_status":"closed","template":"","meta":{"_acf_changed":false},"product_brand":[],"product_cat":[500,528],"product_tag":[],"class_list":{"0":"post-28123","1":"product","2":"type-product","3":"status-publish","4":"has-post-thumbnail","6":"product_cat-angel-heart","7":"product_cat-schapenvachten-voor-thuis","9":"first","10":"instock","11":"taxable","12":"shipping-taxable","13":"purchasable","14":"product-type-simple"},"acf":[],"_links":{"self":[{"href":"https:\/\/woolskins.eu\/de_ch\/wp-json\/wp\/v2\/product\/28123","targetHints":{"allow":["GET"]}}],"collection":[{"href":"https:\/\/woolskins.eu\/de_ch\/wp-json\/wp\/v2\/product"}],"about":[{"href":"https:\/\/woolskins.eu\/de_ch\/wp-json\/wp\/v2\/types\/product"}],"replies":[{"embeddable":true,"href":"https:\/\/woolskins.eu\/de_ch\/wp-json\/wp\/v2\/comments?post=28123"}],"wp:featuredmedia":[{"embeddable":true,"href":"https:\/\/woolskins.eu\/de_ch\/wp-json\/wp\/v2\/media\/28119"}],"wp:attachment":[{"href":"https:\/\/woolskins.eu\/de_ch\/wp-json\/wp\/v2\/media?parent=28123"}],"wp:term":[{"taxonomy":"product_brand","embeddable":true,"href":"https:\/\/woolskins.eu\/de_ch\/wp-json\/wp\/v2\/product_brand?post=28123"},{"taxonomy":"product_cat","embeddable":true,"href":"https:\/\/woolskins.eu\/de_ch\/wp-json\/wp\/v2\/product_cat?post=28123"},{"taxonomy":"product_tag","embeddable":true,"href":"https:\/\/woolskins.eu\/de_ch\/wp-json\/wp\/v2\/product_tag?post=28123"}],"curies":[{"name":"wp","href":"https:\/\/api.w.org\/{rel}","templated":true}]}}