{"id":27640,"date":"2025-11-21T13:28:22","date_gmt":"2025-11-21T13:28:22","guid":{"rendered":"https:\/\/woolskins.eu\/?post_type=product&#038;p=27640"},"modified":"2026-04-01T06:25:56","modified_gmt":"2026-04-01T06:25:56","slug":"wollen-slaapzak-voor-baby-teddy-amandel","status":"publish","type":"product","link":"https:\/\/woolskins.eu\/de_ch\/wollen-slaapzak-voor-baby-teddy-amandel\/","title":{"rendered":"Wollen Slaapzak voor Baby | Teddy Amandel"},"content":{"rendered":"<p>Die doppelten Druckkn\u00f6pfe machen den Halsumfang verstellbar und der lange Rei\u00dfverschluss erleichtert das \u00d6ffnen des gesamten Schlafsacks.<\/p>\n<p>- 100% Schurwolle Gezwirnt mit Woolmark-Zertifizierung.<br \/>\n- Glatte, weiche Teddy-Pl\u00fcsch-Textur, die sich mit Ihnen bewegt.<br \/>\n- Der lange Rei\u00dfverschluss erm\u00f6glicht es, den Schlafsack ganz oder nur im unteren Bereich zu \u00f6ffnen.<br \/>\n- Gute thermische Eigenschaften.<br \/>\n- F\u00fcr zu Hause und unterwegs.<br \/>\n- Gr\u00f6\u00dfe: 0\/6 Monate 67 cm, 6\/12 Monate 82 cm.<br \/>\n- Europ\u00e4ische Produktion.<\/p>\n<p>Unsere \u00d6ko-Wollschlafs\u00e4cke sind dank der nat\u00fcrlichen Eigenschaften der Wollfasern ideal f\u00fcr die Kleinsten. Sie sind atmungsaktiv und haben die F\u00e4higkeit, als nat\u00fcrlicher Thermostat zu wirken, der die K\u00f6rpertemperatur reguliert? Das hilft Ihrem Baby, die Temperatur konstant zu halten und sorgt daf\u00fcr, dass es trocken bleibt und sich wohl f\u00fchlt. Dies geschieht \u2018dynamisch\u2019, d. h., es geschieht dann, wenn es gebraucht wird, und nicht, wenn es nicht gebraucht wird.<\/p>\n<p data-start=\"63\" data-end=\"427\"><strong data-start=\"63\" data-end=\"83\">Waschanleitung<\/strong><\/p>\n<p data-start=\"63\" data-end=\"427\">Damit dieser Wollteddy-Stoff sch\u00f6n und weich bleibt, empfehlen wir Handw\u00e4sche bei maximal 30\u00b0C. Gehen Sie dabei vorsichtig vor und verwenden Sie ein mildes Wollwaschmittel. Vermeiden Sie Bleichen, B\u00fcgeln, Trocknen und Schleudern. Lassen Sie den Stoff flach trocknen, damit er seine Form beh\u00e4lt. Eine chemische Reinigung ist ebenfalls m\u00f6glich.<\/p>\n<p data-start=\"429\" data-end=\"552\">\u2728 <strong data-start=\"431\" data-end=\"439\">Tipp:<\/strong> Wolle muss nicht oft gewaschen werden. Ein kurzes L\u00fcften im Freien reicht oft aus, um den Stoff frisch zu halten.<\/p>\n<p data-start=\"554\" data-end=\"817\">\ud83c\udf3f <strong data-start=\"557\" data-end=\"588\">Warum Wolle etwas Besonderes ist: <\/strong>Wolle ist von Natur aus selbstreinigend und schmutzabweisend. Ger\u00fcche verschwinden einfach durch Ausl\u00fcften des Stoffes und Schmutz haftet weniger leicht als bei anderen Materialien. So bleibt Ihr Wollstoff l\u00e4nger frisch, ohne viel Pflege.<\/p>\n<h5>Etikett Wollfelle<\/h5>\n<p>Nach jahrelanger erfolgreicher Zusammenarbeit mit Alwero sind wir stolz darauf, unsere Produkte nun unter unserem eigenen Woolskins-Label anbieten zu k\u00f6nnen.<\/p>\n<p>Auf diese Weise erhalten Sie immer noch die beste Qualit\u00e4t, aber kombiniert mit den sch\u00f6nsten und einzigartigsten Produkten und Designs.<\/p>\n<p>Die Qualit\u00e4t der Stoffe und Farben bleibt wie immer, nur gibt es jetzt eine gr\u00f6\u00dfere Auswahl, mit der sich Woolskins zu profilieren gedenkt.<\/p>\n<p>Unsere breite Sammlung ist so gleichgesteld, dass sie eine gro\u00dfe Erg\u00e4nzung zu jedem Baby-Outfit, aus 100% europ\u00e4ischen Wolle, die atmet und ist f\u00fcr jede Jahreszeit geeignet sind.<\/p>\n<p>Wir setzen uns mit Begeisterung f\u00fcr ein nachhaltiges, nat\u00fcrliches und m\u00f6glichst komfortables Produkt f\u00fcr Ihr Kind ein.<\/p>","protected":false},"excerpt":{"rendered":"<p>Wenn Sie auf der Suche nach einem bequemen und warmen Schlafsack f\u00fcr Ihr Baby sind, ist Wolle eine ausgezeichnete Wahl. Wolle hat in der Tat viele Vorteile, die Ihrem Baby zu jeder Jahreszeit zu einem guten Schlaf verhelfen werden.<\/p>\n<p>Unser leichter Babyschlafsack aus \u00d6kowolle ist atmungsaktiv und hat die F\u00e4higkeit, als nat\u00fcrlicher Thermostat zu wirken, der die K\u00f6rpertemperatur reguliert und Ihrem Baby hilft, sich auszuruhen und ruhig zu schlafen. Dieser Schlafsack ist dank der doppelten Druckkn\u00f6pfe, mit denen Sie die Hals\u00f6ffnung gr\u00f6\u00dfer und kleiner machen k\u00f6nnen, sehr gut f\u00fcr Kleinkinder geeignet. Der lange Rei\u00dfverschluss l\u00e4sst sich an zwei Seiten \u00f6ffnen, so dass der Schlafsack komplett oder nur unten ge\u00f6ffnet werden kann, um Ihr Baby umzuziehen. Der Wollschlafsack bewegt sich mit Ihnen (dehnbar) und hilft Ihrem Baby, eine stabile Temperatur zu halten und Ihr Baby trocken und komfortabel zu halten. Er tut dies \u2018dynamisch\u2019, das hei\u00dft, er bewegt sich, wenn er gebraucht wird, und nicht, wenn er nicht gebraucht wird. Diese Wollschlafs\u00e4cke sind daher im Winter warm und im Sommer k\u00fchl.<\/p>\n<p><strong>Marke: Woolskins<\/strong><br \/>\n<strong>Produktion: Polen<\/strong><\/p>","protected":false},"featured_media":27643,"comment_status":"closed","ping_status":"closed","template":"","meta":{"_acf_changed":false},"product_brand":[],"product_cat":[361,360,364,196,370,194],"product_tag":[414],"class_list":{"0":"post-27640","1":"product","2":"type-product","3":"status-publish","4":"has-post-thumbnail","6":"product_cat-babyshower","7":"product_cat-cadeautips","8":"product_cat-cadeaus-vanaf-e50","9":"product_cat-slaapkleding-baby","10":"product_cat-slaapzakken","11":"product_cat-wollen-babyproducten","12":"product_tag-alwero-slaapzak","13":"pa_maat-0-6-maanden","14":"pa_maat-6-12-maanden","16":"first","17":"instock","18":"taxable","19":"shipping-taxable","20":"purchasable","21":"product-type-variable"},"acf":[],"_links":{"self":[{"href":"https:\/\/woolskins.eu\/de_ch\/wp-json\/wp\/v2\/product\/27640","targetHints":{"allow":["GET"]}}],"collection":[{"href":"https:\/\/woolskins.eu\/de_ch\/wp-json\/wp\/v2\/product"}],"about":[{"href":"https:\/\/woolskins.eu\/de_ch\/wp-json\/wp\/v2\/types\/product"}],"replies":[{"embeddable":true,"href":"https:\/\/woolskins.eu\/de_ch\/wp-json\/wp\/v2\/comments?post=27640"}],"wp:featuredmedia":[{"embeddable":true,"href":"https:\/\/woolskins.eu\/de_ch\/wp-json\/wp\/v2\/media\/27643"}],"wp:attachment":[{"href":"https:\/\/woolskins.eu\/de_ch\/wp-json\/wp\/v2\/media?parent=27640"}],"wp:term":[{"taxonomy":"product_brand","embeddable":true,"href":"https:\/\/woolskins.eu\/de_ch\/wp-json\/wp\/v2\/product_brand?post=27640"},{"taxonomy":"product_cat","embeddable":true,"href":"https:\/\/woolskins.eu\/de_ch\/wp-json\/wp\/v2\/product_cat?post=27640"},{"taxonomy":"product_tag","embeddable":true,"href":"https:\/\/woolskins.eu\/de_ch\/wp-json\/wp\/v2\/product_tag?post=27640"}],"curies":[{"name":"wp","href":"https:\/\/api.w.org\/{rel}","templated":true}]}}