{"id":27525,"date":"2025-11-17T13:39:51","date_gmt":"2025-11-17T13:39:51","guid":{"rendered":"https:\/\/woolskins.eu\/?post_type=product&#038;p=27525"},"modified":"2025-11-17T13:43:15","modified_gmt":"2025-11-17T13:43:15","slug":"wollknauel-nachfullen","status":"publish","type":"product","link":"https:\/\/woolskins.eu\/de_ch\/bijvulling-wolbolletjes\/","title":{"rendered":"Wollkn\u00e4uel Nachf\u00fcllkissen Stillkissen 300 Gramm"},"content":{"rendered":"","protected":false},"excerpt":{"rendered":"<p data-start=\"147\" data-end=\"234\"><strong data-start=\"147\" data-end=\"234\">Extra F\u00fcllung Wollk\u00fcgelchen - f\u00fcr ein dauerhaft perfekt st\u00fctzendes Stillkissen<\/strong><\/p>\n<p data-start=\"236\" data-end=\"521\">Beleben Sie Ihr Woolskins-Futterkissen mit unserer zus\u00e4tzlichen F\u00fcllung aus 100% Naturwollperlen. Diese luftigen, elastischen Perlen aus europ\u00e4ischer Schafwolle bieten optimalen Halt beim F\u00fcttern, Ruhen oder Schlafen - so wie Sie es von Woolskins gewohnt sind.<\/p>\n<p data-start=\"523\" data-end=\"788\">Die Wollkugeln sind hypoallergen, temperaturregulierend und bleiben dank der selbstreinigenden Eigenschaften der Wolle lange frisch. Ideal, wenn Ihr Kopfkissen mit der Zeit weicher geworden ist oder wenn Sie sich ein bisschen mehr Festigkeit w\u00fcnschen.<\/p>\n<p data-start=\"790\" data-end=\"900\">Mit dieser 300-Gramm-F\u00fcllung k\u00f6nnen Sie Ihr Stillkissen so gestalten, wie Sie es w\u00fcnschen: voller, fester und noch bequemer.<\/p>\n<p data-start=\"902\" data-end=\"916\"><strong data-start=\"902\" data-end=\"916\">Vorteile:<\/strong><\/p>\n<ul data-start=\"917\" data-end=\"1132\">\n<li data-start=\"917\" data-end=\"958\">\n<p data-start=\"919\" data-end=\"958\">100% Wollkn\u00e4uel (\u00f6kologische Wolle)<\/p>\n<\/li>\n<li data-start=\"959\" data-end=\"1010\">\n<p data-start=\"961\" data-end=\"1010\">Atmungsaktiv, hypoallergen und temperaturregulierend<\/p>\n<\/li>\n<li data-start=\"1011\" data-end=\"1076\">\n<p data-start=\"1013\" data-end=\"1076\">Bleibt widerstandsf\u00e4hig und frisch dank selbstreinigender Eigenschaften<\/p>\n<\/li>\n<li data-start=\"1077\" data-end=\"1132\">\n<p data-start=\"1079\" data-end=\"1132\">Leicht nachf\u00fcllbar f\u00fcr perfekten Halt<\/p>\n<\/li>\n<\/ul>","protected":false},"featured_media":27526,"comment_status":"open","ping_status":"closed","template":"","meta":{"_acf_changed":false},"product_brand":[],"product_cat":[349,210],"product_tag":[],"class_list":{"0":"post-27525","1":"product","2":"type-product","3":"status-publish","4":"has-post-thumbnail","6":"product_cat-borstvoedingenvoedingskussens","7":"product_cat-wollen-voedingskussen","9":"first","10":"instock","11":"taxable","12":"shipping-taxable","13":"purchasable","14":"product-type-simple"},"acf":[],"_links":{"self":[{"href":"https:\/\/woolskins.eu\/de_ch\/wp-json\/wp\/v2\/product\/27525","targetHints":{"allow":["GET"]}}],"collection":[{"href":"https:\/\/woolskins.eu\/de_ch\/wp-json\/wp\/v2\/product"}],"about":[{"href":"https:\/\/woolskins.eu\/de_ch\/wp-json\/wp\/v2\/types\/product"}],"replies":[{"embeddable":true,"href":"https:\/\/woolskins.eu\/de_ch\/wp-json\/wp\/v2\/comments?post=27525"}],"wp:featuredmedia":[{"embeddable":true,"href":"https:\/\/woolskins.eu\/de_ch\/wp-json\/wp\/v2\/media\/27526"}],"wp:attachment":[{"href":"https:\/\/woolskins.eu\/de_ch\/wp-json\/wp\/v2\/media?parent=27525"}],"wp:term":[{"taxonomy":"product_brand","embeddable":true,"href":"https:\/\/woolskins.eu\/de_ch\/wp-json\/wp\/v2\/product_brand?post=27525"},{"taxonomy":"product_cat","embeddable":true,"href":"https:\/\/woolskins.eu\/de_ch\/wp-json\/wp\/v2\/product_cat?post=27525"},{"taxonomy":"product_tag","embeddable":true,"href":"https:\/\/woolskins.eu\/de_ch\/wp-json\/wp\/v2\/product_tag?post=27525"}],"curies":[{"name":"wp","href":"https:\/\/api.w.org\/{rel}","templated":true}]}}