{"id":26851,"date":"2025-10-15T13:08:42","date_gmt":"2025-10-15T13:08:42","guid":{"rendered":"https:\/\/woolskins.eu\/?post_type=product&#038;p=26851"},"modified":"2025-11-11T14:06:48","modified_gmt":"2025-11-11T14:06:48","slug":"mehrzweck-babytragetuch-zaffiro-be-close-baumwolle-haselnuss","status":"publish","type":"product","link":"https:\/\/woolskins.eu\/de_ch\/multifunctionele-draagdoek-voor-baby-zaffiro-be-close-katoen-hazelnoot\/","title":{"rendered":"Multifunktionales Babytragetuch - Zaffiro \u2018Be Close\u2019| Baumwolle Haselnuss"},"content":{"rendered":"<h2 data-start=\"188\" data-end=\"260\"><strong data-start=\"191\" data-end=\"260\">Zaffiro Be Close - Multifunktionale gewebte Babytrage<\/strong><\/h2>\n<p data-start=\"262\" data-end=\"614\">Entdecken Sie die perfekte <strong data-start=\"281\" data-end=\"302\">gewebte Schlinge<\/strong> f\u00fcr Ihr Baby: die <strong data-start=\"322\" data-end=\"352\">Zaffiro Be Close Tragetuch<\/strong> ist eine vielseitige, sichere und bequeme L\u00f6sung f\u00fcr Eltern, die ihr Baby gerne nah bei sich tragen. Geeignet von der Geburt bis etwa 2 Jahre (3,5-13 kg), kombiniert er <strong data-start=\"539\" data-end=\"569\">multifunktionales Tragetuch<\/strong> Benutzerfreundlichkeit und ergonomisches Design.<\/p>\n<h3 data-start=\"616\" data-end=\"659\"><strong data-start=\"623\" data-end=\"659\">Bequem, atmungsaktiv und langlebig<\/strong><\/h3>\n<p data-start=\"660\" data-end=\"957\">Das Tragetuch ist aus 100% atmungsaktiver, hypoallergener Baumwolle gefertigt. Dank des robusten Fischgr\u00e4tengewebes f\u00fchlt sich der Stoff weich an und bietet dennoch optimalen Halt f\u00fcr Sie und Ihr Baby. Die nat\u00fcrliche Baumwolle sorgt f\u00fcr Bel\u00fcftung, so dass das Tuch auch bei hei\u00dfem Wetter bequem bleibt.<\/p>\n<h3 data-start=\"959\" data-end=\"998\"><strong data-start=\"966\" data-end=\"998\">Ergonomisches und sicheres Tragen<\/strong><\/h3>\n<p data-start=\"999\" data-end=\"1327\">Das Zaffiro Be Close Tragetuch unterst\u00fctzt den nat\u00fcrlichen C-f\u00f6rmigen R\u00fccken des Babys und f\u00f6rdert die gesunde Entwicklung der H\u00fcfte durch die korrekte Positionierung des Beckens - die bekannte <strong data-start=\"1165\" data-end=\"1178\">M-Haltung<\/strong>, bei dem die Knie etwas h\u00f6her liegen als das Ges\u00e4\u00df. Das macht den Hebegurt nicht nur bequem, sondern auch sicher und ergonomisch sinnvoll.<\/p>\n<h3 data-start=\"1329\" data-end=\"1376\"><strong data-start=\"1336\" data-end=\"1376\">Leicht zu binden und einzustellen<\/strong><\/h3>\n<p data-start=\"1377\" data-end=\"1699\">Mit einer L\u00e4nge von <strong data-start=\"1396\" data-end=\"1406\">460 cm<\/strong> und einer markierten Mittellinie ist das Be Close-Tragetuch einfach zu binden und f\u00fcr jede K\u00f6rperhaltung geeignet. Sie k\u00f6nnen das Tragetuch f\u00fcr verschiedene Tragepositionen verwenden: vorne, auf der H\u00fcfte oder auf dem R\u00fccken. Das Tragen auf dem R\u00fccken wird empfohlen, sobald Ihr Baby sich selbstst\u00e4ndig aufsetzen kann (in der Regel ab etwa 12 Monaten).<\/p>\n<h3 data-start=\"1701\" data-end=\"1741\"><strong data-start=\"1708\" data-end=\"1741\">Leichteres Tragen, mehr Freiheit<\/strong><\/h3>\n<p data-start=\"1742\" data-end=\"1986\">Dank der gleichm\u00e4\u00dfigen Gewichtsverteilung f\u00fchlt sich Ihr Baby im Tragetuch leichter an. Das bedeutet weniger Druck auf R\u00fccken und Schultern, sodass Sie es l\u00e4nger bequem tragen k\u00f6nnen - ideal f\u00fcr den t\u00e4glichen Gebrauch, Spazierg\u00e4nge oder unterwegs.<\/p>\n<h3 data-start=\"1988\" data-end=\"2033\"><strong data-start=\"1995\" data-end=\"2033\">Praktisch und pflegeleicht<\/strong><\/h3>\n<p data-start=\"2034\" data-end=\"2330\">Der Zaffiro Be Close Hebegurt nimmt zusammengeklappt nur wenig Platz ein und ist leicht zu tragen. Der Hebegurt wird mit einer klaren Gebrauchsanleitung geliefert und entspricht den europ\u00e4ischen Sicherheitsnormen.<br data-start=\"2234\" data-end=\"2237\" \/>Sie k\u00f6nnen das Tuch bei 40\u00b0C im Schonwaschgang waschen, nicht bleichen und nicht im Trockner trocknen.<\/p>\n<h3 data-start=\"2332\" data-end=\"2392\"><strong data-start=\"2339\" data-end=\"2392\">Warum den Zaffiro Be Close Hebegurt w\u00e4hlen?<\/strong><\/h3>\n<ul data-start=\"2393\" data-end=\"2745\">\n<li data-start=\"2393\" data-end=\"2443\">\n<p data-start=\"2395\" data-end=\"2443\">Geeignet von Geburt bis 2 Jahre (3,5-13 kg)<\/p>\n<\/li>\n<li data-start=\"2444\" data-end=\"2485\">\n<p data-start=\"2446\" data-end=\"2485\">100% atmungsaktive und hypoallergene Baumwolle<\/p>\n<\/li>\n<li data-start=\"2486\" data-end=\"2545\">\n<p data-start=\"2488\" data-end=\"2545\">Ergonomisches Design mit nat\u00fcrlicher C-Form und M-Haltung<\/p>\n<\/li>\n<li data-start=\"2546\" data-end=\"2603\">\n<p data-start=\"2548\" data-end=\"2603\">L\u00e4nge: 460 cm - leicht zu binden und anzupassen<\/p>\n<\/li>\n<li data-start=\"2604\" data-end=\"2640\">\n<p data-start=\"2606\" data-end=\"2640\">Tragepositionen: Bauch, H\u00fcfte und R\u00fccken<\/p>\n<\/li>\n<li data-start=\"2641\" data-end=\"2686\">\n<p data-start=\"2643\" data-end=\"2686\">Langlebig, kompakt und einfach zu bedienen<\/p>\n<\/li>\n<li data-start=\"2687\" data-end=\"2745\">\n<p data-start=\"2689\" data-end=\"2745\">Entwickelt und getestet nach europ\u00e4ischen Sicherheitsstandards<\/p>\n<\/li>\n<\/ul>\n<p data-start=\"2747\" data-end=\"3004\">Die <strong data-start=\"2750\" data-end=\"2780\">Zaffiro Be Close Tragetuch<\/strong> ist die ideale Wahl f\u00fcr Eltern, die Wert auf Komfort, Sicherheit und Verbundenheit legen. Ob zu Hause oder unterwegs, mit diesem <strong data-start=\"2913\" data-end=\"2939\">ergonomisches Tragetuch<\/strong> Sie haben Ihr Baby immer in Ihrer N\u00e4he - warm, sicher und entspannt.<\/p>","protected":false},"excerpt":{"rendered":"<p><strong data-start=\"122\" data-end=\"188\">Zaffiro Be Close Hebegurt - Sicher, bequem und vielseitig<br \/>\n<\/strong><br data-start=\"188\" data-end=\"191\" \/>Der Zaffiro Be Close ist ein <strong data-start=\"218\" data-end=\"239\">gewebte Schlinge<\/strong> hergestellt aus 100% atmungsaktiver, hypoallergener Baumwolle. Dieses Tragetuch kann auf verschiedene Weise verwendet werden. Geeignet von der Geburt bis ca. 2 Jahre (3,5-13 kg). Das robuste Fischgr\u00e4tengewebe sorgt f\u00fcr eine optimale Unterst\u00fctzung Ihres Babys und eine gleichm\u00e4\u00dfige Gewichtsverteilung, wodurch sich das Tragen leichter und bequemer anf\u00fchlt. Mit einer L\u00e4nge von 460 cm und einer markierten Mittellinie l\u00e4sst sich das Tuch leicht binden und an jede Statur anpassen. Eine praktische, stilvolle und sichere Wahl f\u00fcr den t\u00e4glichen Gebrauch. Lesen Sie mehr unter Produktinformation.<\/p>\n<p><strong>Marke: Zaffiro<\/strong><br \/>\n<strong>Land: Polen<\/strong><\/p>","protected":false},"featured_media":26862,"comment_status":"open","ping_status":"closed","template":"","meta":{"_acf_changed":false},"product_brand":[],"product_cat":[531,364,31,352,502],"product_tag":[],"class_list":{"0":"post-26851","1":"product","2":"type-product","3":"status-publish","4":"has-post-thumbnail","6":"product_cat-babydraagdoeken","7":"product_cat-cadeaus-vanaf-e50","8":"product_cat-yogamat-wol","9":"product_cat-merken","10":"product_cat-zaffiro","12":"first","13":"instock","14":"taxable","15":"shipping-taxable","16":"purchasable","17":"product-type-simple"},"acf":[],"_links":{"self":[{"href":"https:\/\/woolskins.eu\/de_ch\/wp-json\/wp\/v2\/product\/26851","targetHints":{"allow":["GET"]}}],"collection":[{"href":"https:\/\/woolskins.eu\/de_ch\/wp-json\/wp\/v2\/product"}],"about":[{"href":"https:\/\/woolskins.eu\/de_ch\/wp-json\/wp\/v2\/types\/product"}],"replies":[{"embeddable":true,"href":"https:\/\/woolskins.eu\/de_ch\/wp-json\/wp\/v2\/comments?post=26851"}],"wp:featuredmedia":[{"embeddable":true,"href":"https:\/\/woolskins.eu\/de_ch\/wp-json\/wp\/v2\/media\/26862"}],"wp:attachment":[{"href":"https:\/\/woolskins.eu\/de_ch\/wp-json\/wp\/v2\/media?parent=26851"}],"wp:term":[{"taxonomy":"product_brand","embeddable":true,"href":"https:\/\/woolskins.eu\/de_ch\/wp-json\/wp\/v2\/product_brand?post=26851"},{"taxonomy":"product_cat","embeddable":true,"href":"https:\/\/woolskins.eu\/de_ch\/wp-json\/wp\/v2\/product_cat?post=26851"},{"taxonomy":"product_tag","embeddable":true,"href":"https:\/\/woolskins.eu\/de_ch\/wp-json\/wp\/v2\/product_tag?post=26851"}],"curies":[{"name":"wp","href":"https:\/\/api.w.org\/{rel}","templated":true}]}}