{"id":26717,"date":"2025-10-08T11:37:00","date_gmt":"2025-10-08T11:37:00","guid":{"rendered":"https:\/\/woolskins.eu\/?post_type=product&#038;p=26717"},"modified":"2026-01-10T08:48:57","modified_gmt":"2026-01-10T08:48:57","slug":"wollene_fustasche","status":"publish","type":"product","link":"https:\/\/woolskins.eu\/de_ch\/wollen_voetenzak\/","title":{"rendered":"Zaffiro | Wolle Fu\u00dfsack 0-3 Jahre EverGrow | Beige"},"content":{"rendered":"<h3 data-start=\"196\" data-end=\"251\">Zaffiro - EverGrow Fu\u00dfsack aus Wolle<\/h3>\n<p data-start=\"252\" data-end=\"301\">W\u00e4rme, Komfort und Schutz - zu jeder Jahreszeit<\/p>\n<p data-start=\"303\" data-end=\"1048\">Der EverGrow Wollfu\u00dfsack von Zafiro wurde f\u00fcr Eltern entwickelt, die ihrem Baby auch an kalten Tagen den besten Komfort bieten wollen. Dieser luxuri\u00f6se Winterfu\u00dfsack ist mit nat\u00fcrlicher Schafwolle 100% in Premiumqualit\u00e4t gef\u00fcttert. Wolle hat nat\u00fcrliche temperaturregulierende Eigenschaften: Sie speichert die W\u00e4rme bei K\u00e4lte, l\u00e4sst aber \u00fcbersch\u00fcssige W\u00e4rme und Feuchtigkeit leicht entweichen. So hat Ihr Baby immer eine angenehme Temperatur, ohne zu schwitzen. Au\u00dferdem ist Wolle hypoallergen, selbstreinigend und atmungsaktiv und damit ideal f\u00fcr empfindliche Babyhaut. Der EverGrow-Fu\u00dfsack bietet einen gesunden, nat\u00fcrlichen Schutz und gibt Ihrem Baby ein sicheres Gef\u00fchl - egal, ob Sie spazieren gehen oder verreisen.<\/p>\n<h4 data-start=\"1050\" data-end=\"1078\">Wesentliche Merkmale<\/h4>\n<ul data-start=\"1079\" data-end=\"1935\">\n<li data-start=\"1079\" data-end=\"1160\">\n<p data-start=\"1081\" data-end=\"1160\">100% nat\u00fcrliche Schafwolle Premium - weich, atmungsaktiv und temperaturregulierend<\/p>\n<\/li>\n<li data-start=\"1161\" data-end=\"1243\">\n<p data-start=\"1163\" data-end=\"1243\">Perfekte W\u00e4rmeisolierung - h\u00e4lt Ihr Kind auch bei Minusgraden kuschelig warm<\/p>\n<\/li>\n<li data-start=\"1244\" data-end=\"1346\">\n<p data-start=\"1246\" data-end=\"1346\">Wachstumsmodell mit verstellbarer L\u00e4nge (88-107 cm) - geeignet von der Geburt bis zum Alter von etwa 3 bis 4 Jahren<\/p>\n<\/li>\n<li data-start=\"1347\" data-end=\"1445\">\n<p data-start=\"1349\" data-end=\"1445\">Universelle Gurt\u00f6ffnungen - passend f\u00fcr nahezu alle Buggys, Kinderwagen, Autositze und Schlitten<\/p>\n<\/li>\n<li data-start=\"1446\" data-end=\"1542\">\n<p data-start=\"1448\" data-end=\"1542\">Wasser- und schmutzabweisende Au\u00dfenschicht (W\/R-Beschichtung) - sch\u00fctzt vor Regen, Schnee und Flecken<\/p>\n<\/li>\n<li data-start=\"1543\" data-end=\"1622\">\n<p data-start=\"1545\" data-end=\"1622\">Verst\u00e4rkter, wasserabweisender Boden - ideal f\u00fcr kleine Kinder mit Schuhen<\/p>\n<\/li>\n<li data-start=\"1623\" data-end=\"1741\">\n<p data-start=\"1625\" data-end=\"1741\">Abnehmbare Vorderseite - einfach zu \u00f6ffnen oder ganz zu entfernen; der Fu\u00dfsack kann auch als warme Unterw\u00e4sche verwendet werden<\/p>\n<\/li>\n<li data-start=\"1742\" data-end=\"1862\">\n<p data-start=\"1744\" data-end=\"1862\">Warmes Kapuzendesign - das Oberteil kann zu einer kuscheligen Kapuze zusammengezogen werden, die zus\u00e4tzlich vor Wind und K\u00e4lte sch\u00fctzt<\/p>\n<\/li>\n<li data-start=\"1863\" data-end=\"1935\">\n<p data-start=\"1865\" data-end=\"1935\">Rutschfeste Unterseite - verhindert das Verrutschen im Buggy oder Kinderwagen<\/p>\n<\/li>\n<\/ul>\n<h4 data-start=\"1937\" data-end=\"1965\">Warum Wolle?<\/h4>\n<p data-start=\"1966\" data-end=\"2424\">Die verwendete Premium-Schafwolle ist von au\u00dfergew\u00f6hnlicher Qualit\u00e4t und auf beiden Seiten des Stoffes verwoben. Dies sorgt f\u00fcr zus\u00e4tzliche W\u00e4rme und ein optimales Feuchtigkeitsmanagement, w\u00e4hrend das Material nat\u00fcrlich selbstreinigend und geruchsneutralisierend ist. Wolle ist au\u00dferdem hypoallergen und verhindert das Wachstum von Hausstaubmilben - perfekt f\u00fcr Babys mit empfindlicher Haut. Die nat\u00fcrlichen Fasern sorgen f\u00fcr eine dauerhaft frische und hygienische Umgebung f\u00fcr Ihr Baby.<\/p>\n<h4 data-start=\"2426\" data-end=\"2444\">Spezifikationen<\/h4>\n<ul data-start=\"2445\" data-end=\"2644\">\n<li data-start=\"2445\" data-end=\"2500\">\n<p data-start=\"2447\" data-end=\"2500\">Abmessungen: 88 \/ 107 cm (verstellbar) x 45 cm breit<\/p>\n<\/li>\n<li data-start=\"2501\" data-end=\"2528\">\n<p data-start=\"2503\" data-end=\"2528\">Geeignet f\u00fcr: 0-4 Jahre<\/p>\n<\/li>\n<li data-start=\"2529\" data-end=\"2576\">\n<p data-start=\"2531\" data-end=\"2576\">\u00c4u\u00dferes: 100% Polyester (wasserabweisend)<\/p>\n<\/li>\n<li data-start=\"2577\" data-end=\"2616\">\n<p data-start=\"2579\" data-end=\"2616\">Innen: 100% Schafwolle Premium<\/p>\n<\/li>\n<li data-start=\"2617\" data-end=\"2644\">\n<p data-start=\"2619\" data-end=\"2644\">F\u00fcllung: 100% Polyester<\/p>\n<\/li>\n<\/ul>\n<h4 data-start=\"2646\" data-end=\"2660\">Wartung<\/h4>\n<p data-start=\"2661\" data-end=\"2852\">Nicht waschen, nicht bleichen, nicht b\u00fcgeln. Nur schonend chemisch reinigen und flach trocknen. Dank der nat\u00fcrlichen Selbstreinigungseigenschaften von Wolle ist eine h\u00e4ufige Reinigung nicht erforderlich.<\/p>","protected":false},"excerpt":{"rendered":"<p data-start=\"265\" data-end=\"310\"><strong data-start=\"265\" data-end=\"308\">Zaffiro Fu\u00dfsack aus Wolle - EverGrow beige<\/strong><\/p>\n<p data-start=\"312\" data-end=\"597\">Geben Sie Ihrem Baby die W\u00e4rme und Geborgenheit von nat\u00fcrlicher Wolle. Der EverGrow Wollfu\u00dfsack ist mit 100% hochwertiger Schafwolle gef\u00fcttert, die auf nat\u00fcrliche Weise temperaturregulierend und atmungsaktiv ist. So bleibt Ihr Baby immer bequem - warm im Winter, luftig bei milderem Wetter. Dank seines verstellbaren Designs w\u00e4chst der Fu\u00dfsack mit Ihrem Kind mit, vom Neugeborenen bis zum Kleinkind. Die wasserabweisende Au\u00dfenschicht sch\u00fctzt vor Wind, Schnee und Regen, w\u00e4hrend die weiche Innenseite aus Wolle wohlige W\u00e4rme spendet. Der EverGrow passt in fast jeden Buggy, Kinderwagen oder Autositz und ist f\u00fcr den t\u00e4glichen Gebrauch konzipiert - praktisch, langlebig und nat\u00fcrlich sch\u00f6n.<\/p>\n<p data-start=\"177\" data-end=\"224\"><strong data-start=\"177\" data-end=\"222\">Warum der EverGrow-Fu\u00dfsack?<\/strong><\/p>\n<ul>\n<li data-start=\"227\" data-end=\"289\">100% nat\u00fcrliche Schafwolle - warm, atmungsaktiv und hypoallergen<\/li>\n<li data-start=\"227\" data-end=\"289\">Verstellbare L\u00e4nge - w\u00e4chst vom Baby bis zum Kleinkind (0-4 Jahre)<\/li>\n<li data-start=\"227\" data-end=\"289\">Wasser- und schmutzabweisende Au\u00dfenschicht - ideal f\u00fcr alle Jahreszeiten<\/li>\n<li data-start=\"227\" data-end=\"289\">Passt in praktisch jeden Buggy, Kinderwagen oder Autositz<\/li>\n<\/ul>\n<p><strong>Marke: Zaffiro<\/strong><br \/>\n<strong>Produktion: Polen<br \/>\nKeur: Oeko-Tex Standard<\/strong><\/p>\n<p><img loading=\"lazy\" decoding=\"async\" class=\"alignnone wp-image-28173 entered lazyloaded\" src=\"https:\/\/woolskins.eu\/wp-content\/uploads\/2024\/05\/csm_OEKO-TEX_Logo_2022_rgb_c1aaeb5ceb-300x300.jpg\" alt=\"\" width=\"89\" height=\"89\" data-lazy-src=\"https:\/\/woolskins.eu\/wp-content\/uploads\/2024\/05\/csm_OEKO-TEX_Logo_2022_rgb_c1aaeb5ceb-300x300.jpg\" data-ll-status=\"loaded\" srcset=\"https:\/\/woolskins.eu\/wp-content\/uploads\/2024\/05\/csm_OEKO-TEX_Logo_2022_rgb_c1aaeb5ceb-300x300.jpg 300w, https:\/\/woolskins.eu\/wp-content\/uploads\/2024\/05\/csm_OEKO-TEX_Logo_2022_rgb_c1aaeb5ceb-150x150.jpg 150w, https:\/\/woolskins.eu\/wp-content\/uploads\/2024\/05\/csm_OEKO-TEX_Logo_2022_rgb_c1aaeb5ceb-768x769.jpg 768w, https:\/\/woolskins.eu\/wp-content\/uploads\/2024\/05\/csm_OEKO-TEX_Logo_2022_rgb_c1aaeb5ceb-12x12.jpg 12w, https:\/\/woolskins.eu\/wp-content\/uploads\/2024\/05\/csm_OEKO-TEX_Logo_2022_rgb_c1aaeb5ceb-600x601.jpg 600w, https:\/\/woolskins.eu\/wp-content\/uploads\/2024\/05\/csm_OEKO-TEX_Logo_2022_rgb_c1aaeb5ceb-100x100.jpg 100w, https:\/\/woolskins.eu\/wp-content\/uploads\/2024\/05\/csm_OEKO-TEX_Logo_2022_rgb_c1aaeb5ceb-64x64.jpg 64w, https:\/\/woolskins.eu\/wp-content\/uploads\/2024\/05\/csm_OEKO-TEX_Logo_2022_rgb_c1aaeb5ceb.jpg 885w\" sizes=\"auto, (max-width: 89px) 100vw, 89px\" \/><\/p>","protected":false},"featured_media":26724,"comment_status":"open","ping_status":"closed","template":"","meta":{"_acf_changed":false},"product_brand":[],"product_cat":[499,360,364,352,196,336,502],"product_tag":[],"class_list":{"0":"post-26717","1":"product","2":"type-product","3":"status-publish","4":"has-post-thumbnail","6":"product_cat-new-arrivals","7":"product_cat-cadeautips","8":"product_cat-cadeaus-vanaf-e50","9":"product_cat-merken","10":"product_cat-slaapkleding-baby","11":"product_cat-voetenzakken","12":"product_cat-zaffiro","14":"first","15":"instock","16":"taxable","17":"shipping-taxable","18":"purchasable","19":"product-type-simple"},"acf":[],"_links":{"self":[{"href":"https:\/\/woolskins.eu\/de_ch\/wp-json\/wp\/v2\/product\/26717","targetHints":{"allow":["GET"]}}],"collection":[{"href":"https:\/\/woolskins.eu\/de_ch\/wp-json\/wp\/v2\/product"}],"about":[{"href":"https:\/\/woolskins.eu\/de_ch\/wp-json\/wp\/v2\/types\/product"}],"replies":[{"embeddable":true,"href":"https:\/\/woolskins.eu\/de_ch\/wp-json\/wp\/v2\/comments?post=26717"}],"wp:featuredmedia":[{"embeddable":true,"href":"https:\/\/woolskins.eu\/de_ch\/wp-json\/wp\/v2\/media\/26724"}],"wp:attachment":[{"href":"https:\/\/woolskins.eu\/de_ch\/wp-json\/wp\/v2\/media?parent=26717"}],"wp:term":[{"taxonomy":"product_brand","embeddable":true,"href":"https:\/\/woolskins.eu\/de_ch\/wp-json\/wp\/v2\/product_brand?post=26717"},{"taxonomy":"product_cat","embeddable":true,"href":"https:\/\/woolskins.eu\/de_ch\/wp-json\/wp\/v2\/product_cat?post=26717"},{"taxonomy":"product_tag","embeddable":true,"href":"https:\/\/woolskins.eu\/de_ch\/wp-json\/wp\/v2\/product_tag?post=26717"}],"curies":[{"name":"wp","href":"https:\/\/api.w.org\/{rel}","templated":true}]}}