{"id":26472,"date":"2025-09-30T15:05:41","date_gmt":"2025-09-30T15:05:41","guid":{"rendered":"https:\/\/woolskins.eu\/?post_type=product&#038;p=26472"},"modified":"2025-12-18T10:47:13","modified_gmt":"2025-12-18T10:47:13","slug":"handwarmer-fur-kinderwagen-zaffiro-gefilzt-haselnuss","status":"publish","type":"product","link":"https:\/\/woolskins.eu\/de_ch\/handwarmers-voor-kinderwagen-zaffiro-felted-hazelnoot\/","title":{"rendered":"Handw\u00e4rmer f\u00fcr Kinderwagen - Zaffiro | Haselnuss gefilzt"},"content":{"rendered":"<p>2in1 Kinderwagen Handw\u00e4rmer Premium Wolle. Diese Handw\u00e4rmer\/\u00c4rmel sind perfekt f\u00fcr alle, die gerne lange Spazierg\u00e4nge mit ihren Kindern im Freien machen. Die Handw\u00e4rmer sind aus nat\u00fcrlicher, hochwertiger Schafswolle gefertigt, die sich sehr angenehm und warm anf\u00fchlt. Dank der warmen und isolierenden Wolle bekommt man nicht so schnell kalte H\u00e4nde. Die Handw\u00e4rmer lassen sich leicht zusammen oder separat am Kinderwagen befestigen. Sie sind sehr effizient im Gebrauch, da man die H\u00e4nde einfach hineinstecken und wieder herausnehmen kann, wenn man etwas \u00fcbrig hat.<\/p>\n<p>Merkmale:<\/p>\n<p>- Abmessungen: 38x26cm<br \/>\n- 100% hochwertige gefilzte Wolle<br \/>\n- universelle Gr\u00f6\u00dfe<br \/>\n- kann als ein \u00c4rmel oder als zwei separate Handschuhe verwendet werden<br \/>\n- passend f\u00fcr alle Kinderwagenmodelle<\/p>\n<p>Hochwertige Wolle<br \/>\nDie Zaffiro Handw\u00e4rmer f\u00fcr Kinderwagen und Buggy werden aus den hochwertigsten Fasern hergestellt, die mit einer zus\u00e4tzlichen speziellen Verarbeitung angereichert werden, wodurch eine Haarabdeckung auf beiden Seiten des Gewebes entsteht. Dank dieser Eigenschaften ist die Wolle in unseren Schlafs\u00e4cken hygroskopisch, absorbiert Feuchtigkeit perfekt und sch\u00fctzt vor W\u00e4rmeverlust. Die Wolle des Kinderwagen-Handw\u00e4rmers speichert die W\u00e4rme besser als gew\u00f6hnliche Wolle, da sie aus zwei Schichten Wolfsvlies besteht.<\/p>\n<p>Die nat\u00fcrliche, weiche PREMIUM-Schafwolle, aus der der Schlafsack gefertigt ist, eignet sich perfekt f\u00fcr kalte Winter und w\u00e4rmere Tage. Sie sorgt f\u00fcr eine noch bessere nat\u00fcrliche W\u00e4rmeregulierung, die das Kind auch bei strengem Frost wirksam sch\u00fctzt und daf\u00fcr sorgt, dass das Kind an hei\u00dfen Tagen nicht \u00fcberhitzt. Schafwolle hat au\u00dferdem antiallergische Eigenschaften und widersteht der Entwicklung von Milben. Sie hat hygienische und selbstreinigende Eigenschaften. Sie neutralisiert unangenehme Ger\u00fcche und Schmutz.<\/p>\n<p>Zusammensetzung:<br \/>\n100% Wolfsvlies<\/p>","protected":false},"excerpt":{"rendered":"<p data-start=\"110\" data-end=\"193\"><strong data-start=\"110\" data-end=\"191\">W\u00e4rme und Komfort bei jedem Spaziergang - Handw\u00e4rmer f\u00fcr den Kinderwagen<\/strong><\/p>\n<p data-start=\"195\" data-end=\"488\">Genie\u00dfen Sie lange Spazierg\u00e4nge mit Ihren Kindern, selbst an den k\u00e4ltesten Tagen, mit unseren luxuri\u00f6sen Handw\u00e4rmern aus\u00a0 <strong>100%<\/strong> <strong data-start=\"305\" data-end=\"339\">nat\u00fcrliche Premium-Wolle<\/strong>. Diese weichen und warmen Muffs halten Ihre H\u00e4nde kuschelig warm, w\u00e4hrend die <strong data-start=\"418\" data-end=\"453\">doppelte Schicht Wolle<\/strong> sch\u00fctzt Ihre H\u00e4nde vor den Elementen und h\u00e4lt sie wunderbar warm und bequem. Dieser Handw\u00e4rmer passt zu allen Zaffiro Filzprodukten.<\/p>\n<p data-start=\"490\" data-end=\"816\">Diese Handw\u00e4rmer sind <strong data-start=\"512\" data-end=\"559\">leicht an jedem Kinderwagen zu befestigen<\/strong>, So k\u00f6nnen Sie Ihre H\u00e4nde schnell hineinstecken, wenn Sie sie brauchen - und sie genauso leicht wieder herausnehmen, wenn Sie mit Ihrem Kind besch\u00e4ftigt sind. Praktisch, stilvoll und effizient: der perfekte Begleiter f\u00fcr jede gehende Mutter.<\/p>\n<p><strong>Marke: Zaffiro<\/strong><br \/>\n<strong>Produktion: Polen<br \/>\nKeur: Oeko-Tex Standard<\/strong><\/p>\n<p><img loading=\"lazy\" decoding=\"async\" class=\"alignnone wp-image-28173 entered lazyloaded\" src=\"https:\/\/woolskins.eu\/wp-content\/uploads\/2024\/05\/csm_OEKO-TEX_Logo_2022_rgb_c1aaeb5ceb-300x300.jpg\" alt=\"\" width=\"89\" height=\"89\" data-lazy-src=\"https:\/\/woolskins.eu\/wp-content\/uploads\/2024\/05\/csm_OEKO-TEX_Logo_2022_rgb_c1aaeb5ceb-300x300.jpg\" data-ll-status=\"loaded\" srcset=\"https:\/\/woolskins.eu\/wp-content\/uploads\/2024\/05\/csm_OEKO-TEX_Logo_2022_rgb_c1aaeb5ceb-300x300.jpg 300w, https:\/\/woolskins.eu\/wp-content\/uploads\/2024\/05\/csm_OEKO-TEX_Logo_2022_rgb_c1aaeb5ceb-150x150.jpg 150w, https:\/\/woolskins.eu\/wp-content\/uploads\/2024\/05\/csm_OEKO-TEX_Logo_2022_rgb_c1aaeb5ceb-768x769.jpg 768w, https:\/\/woolskins.eu\/wp-content\/uploads\/2024\/05\/csm_OEKO-TEX_Logo_2022_rgb_c1aaeb5ceb-12x12.jpg 12w, https:\/\/woolskins.eu\/wp-content\/uploads\/2024\/05\/csm_OEKO-TEX_Logo_2022_rgb_c1aaeb5ceb-600x601.jpg 600w, https:\/\/woolskins.eu\/wp-content\/uploads\/2024\/05\/csm_OEKO-TEX_Logo_2022_rgb_c1aaeb5ceb-100x100.jpg 100w, https:\/\/woolskins.eu\/wp-content\/uploads\/2024\/05\/csm_OEKO-TEX_Logo_2022_rgb_c1aaeb5ceb-64x64.jpg 64w, https:\/\/woolskins.eu\/wp-content\/uploads\/2024\/05\/csm_OEKO-TEX_Logo_2022_rgb_c1aaeb5ceb.jpg 885w\" sizes=\"auto, (max-width: 89px) 100vw, 89px\" \/><\/p>","protected":false},"featured_media":26473,"comment_status":"closed","ping_status":"closed","template":"","meta":{"_acf_changed":false},"product_brand":[],"product_cat":[352,363,336,502],"product_tag":[],"class_list":{"0":"post-26472","1":"product","2":"type-product","3":"status-publish","4":"has-post-thumbnail","6":"product_cat-merken","7":"product_cat-cadeaus-e25-e50","8":"product_cat-voetenzakken","9":"product_cat-zaffiro","11":"first","12":"instock","13":"taxable","14":"shipping-taxable","15":"purchasable","16":"product-type-simple"},"acf":[],"_links":{"self":[{"href":"https:\/\/woolskins.eu\/de_ch\/wp-json\/wp\/v2\/product\/26472","targetHints":{"allow":["GET"]}}],"collection":[{"href":"https:\/\/woolskins.eu\/de_ch\/wp-json\/wp\/v2\/product"}],"about":[{"href":"https:\/\/woolskins.eu\/de_ch\/wp-json\/wp\/v2\/types\/product"}],"replies":[{"embeddable":true,"href":"https:\/\/woolskins.eu\/de_ch\/wp-json\/wp\/v2\/comments?post=26472"}],"wp:featuredmedia":[{"embeddable":true,"href":"https:\/\/woolskins.eu\/de_ch\/wp-json\/wp\/v2\/media\/26473"}],"wp:attachment":[{"href":"https:\/\/woolskins.eu\/de_ch\/wp-json\/wp\/v2\/media?parent=26472"}],"wp:term":[{"taxonomy":"product_brand","embeddable":true,"href":"https:\/\/woolskins.eu\/de_ch\/wp-json\/wp\/v2\/product_brand?post=26472"},{"taxonomy":"product_cat","embeddable":true,"href":"https:\/\/woolskins.eu\/de_ch\/wp-json\/wp\/v2\/product_cat?post=26472"},{"taxonomy":"product_tag","embeddable":true,"href":"https:\/\/woolskins.eu\/de_ch\/wp-json\/wp\/v2\/product_tag?post=26472"}],"curies":[{"name":"wp","href":"https:\/\/api.w.org\/{rel}","templated":true}]}}