{"id":25910,"date":"2025-08-29T13:49:43","date_gmt":"2025-08-29T13:49:43","guid":{"rendered":"https:\/\/woolskins.eu\/?post_type=product&#038;p=25910"},"modified":"2025-12-20T10:39:21","modified_gmt":"2025-12-20T10:39:21","slug":"woolskins-wolle-baby-mantel-kimono-jacke-gefilzt-beige","status":"publish","type":"product","link":"https:\/\/woolskins.eu\/de_ch\/woolskins-wollen-babyjas-kimonojas-felted-beige\/","title":{"rendered":"Woolskins Baby Mantel aus Wolle - Kimono Mantel | Gefilzt beige"},"content":{"rendered":"<p data-start=\"0\" data-end=\"81\"><strong data-start=\"0\" data-end=\"79\">Woolskins Kimonojacke aus Wolle - weich, warm und bequem f\u00fcr Ihr Kind<\/strong><\/p>\n<p data-start=\"83\" data-end=\"355\">Wickeln Sie Ihr Baby in W\u00e4rme und Geborgenheit mit dem <strong data-start=\"132\" data-end=\"168\">Woolskins Kimonojacke aus Wolle<\/strong>. Diese s\u00fc\u00dfe <strong data-start=\"180\" data-end=\"200\">Babywolljacke<\/strong> wurde speziell f\u00fcr M\u00fctter entwickelt, die nur das Beste wollen: eine Jacke, die weich zu Babys empfindlicher Haut ist, bequem zu tragen ist und gut aussieht.<\/p>\n<p data-start=\"357\" data-end=\"637\">Die Jacke hat einen <strong data-start=\"377\" data-end=\"397\">doppelte \u00dcberlappung<\/strong> die Sie einfach mit den weichen Kordelz\u00fcgen verschlie\u00dfen. So bleibt er perfekt an seinem Platz, egal ob Ihr Kleiner ruhig liegt oder sich fr\u00f6hlich bewegt. Ideal als <strong data-start=\"536\" data-end=\"569\">kuscheliger Bademantel nach dem Baden<\/strong> oder wenn <strong data-start=\"577\" data-end=\"599\">modischer Mantel<\/strong> f\u00fcr unterwegs an k\u00fchlen Tagen. In der verspielten Tasche in Form des Mondes kann z. B. das Tuch Ihres Kindes verstaut werden, damit es immer griffbereit ist.<\/p>\n<p data-start=\"639\" data-end=\"975\">Hergestellt aus <strong>zuivere scheerwol met Oeko-Tex keurmerk<\/strong>, biedt dit jasje meer dan alleen zachtheid. Wol <strong data-start=\"745\" data-end=\"754\">atmet<\/strong>, ist <strong data-start=\"759\" data-end=\"784\">Temperaturregulierung<\/strong> und h\u00e4lt Ihr Baby im Winter warm und im Sommer k\u00fchl. Au\u00dferdem ist Wolle <strong data-start=\"858\" data-end=\"875\">hypoallergen<\/strong> und <strong data-start=\"879\" data-end=\"896\">selbstreinigend<\/strong> - perfekt f\u00fcr die zarte Haut Ihres Kindes und praktisch f\u00fcr viel besch\u00e4ftigte M\u00fctter.<\/p>\n<p data-start=\"977\" data-end=\"1036\"><strong data-start=\"977\" data-end=\"1034\">Warum M\u00fctter die Kimonojacke von Woolskins lieben:<\/strong><\/p>\n<ul data-start=\"1037\" data-end=\"1352\">\n<li data-start=\"1037\" data-end=\"1097\">\n<p data-start=\"1039\" data-end=\"1097\">Sch\u00f6nes Design mit doppelter Klappe und weichen Kordelz\u00fcgen<\/p>\n<\/li>\n<li data-start=\"1098\" data-end=\"1156\">\n<p data-start=\"1100\" data-end=\"1156\">Wunderbar weich und warm, f\u00fcr den Innen- und Au\u00dfenbereich geeignet<\/p>\n<\/li>\n<li data-start=\"1157\" data-end=\"1219\">\n<p data-start=\"1159\" data-end=\"1219\">Zuivere scheerwol met Oeko-Tex keur, Europese wol &#8211; veilig en huidvriendelijk<\/p>\n<\/li>\n<li data-start=\"1220\" data-end=\"1286\">\n<p data-start=\"1222\" data-end=\"1286\">H\u00e4lt Ihr Baby bequem: warm im Winter, k\u00fchl im Sommer<\/p>\n<\/li>\n<li data-start=\"1287\" data-end=\"1352\">\n<p data-start=\"1289\" data-end=\"1352\">Hypoallergen und selbstreinigend - weniger Waschen, mehr Vergn\u00fcgen<\/p>\n<\/li>\n<li data-start=\"1287\" data-end=\"1352\">1 Gr\u00f6\u00dfe 12 -24 Monate (siehe Abmessungen unten)<\/li>\n<\/ul>\n<p data-start=\"1354\" data-end=\"1551\">Lassen Sie Ihr Kind in den nat\u00fcrlichen Luxus von Wolle eintauchen. Diese <strong data-start=\"1423\" data-end=\"1443\">Babywolljacke<\/strong> ist nicht nur ein praktisches Kleidungsst\u00fcck, sondern auch ein zeitloser Artikel, den Sie gerne jeden Tag tragen.<\/p>\n<p data-start=\"1354\" data-end=\"1551\"><img loading=\"lazy\" decoding=\"async\" class=\"alignnone wp-image-25914\" src=\"https:\/\/woolskins.eu\/wp-content\/uploads\/2025\/08\/Afmetingen-Kimonojasje-Middel-300x300.png\" alt=\"Woolskins Baby Kimono Jacke Wolle\" width=\"339\" height=\"339\" srcset=\"https:\/\/woolskins.eu\/wp-content\/uploads\/2025\/08\/Afmetingen-Kimonojasje-Middel-300x300.png 300w, https:\/\/woolskins.eu\/wp-content\/uploads\/2025\/08\/Afmetingen-Kimonojasje-Middel-150x150.png 150w, https:\/\/woolskins.eu\/wp-content\/uploads\/2025\/08\/Afmetingen-Kimonojasje-Middel-768x765.png 768w, https:\/\/woolskins.eu\/wp-content\/uploads\/2025\/08\/Afmetingen-Kimonojasje-Middel-12x12.png 12w, https:\/\/woolskins.eu\/wp-content\/uploads\/2025\/08\/Afmetingen-Kimonojasje-Middel-600x598.png 600w, https:\/\/woolskins.eu\/wp-content\/uploads\/2025\/08\/Afmetingen-Kimonojasje-Middel-100x100.png 100w, https:\/\/woolskins.eu\/wp-content\/uploads\/2025\/08\/Afmetingen-Kimonojasje-Middel-64x64.png 64w, https:\/\/woolskins.eu\/wp-content\/uploads\/2025\/08\/Afmetingen-Kimonojasje-Middel.png 771w\" sizes=\"auto, (max-width: 339px) 100vw, 339px\" \/><\/p>","protected":false},"excerpt":{"rendered":"<p data-start=\"87\" data-end=\"443\">Dit wollen kimonojasje van Woolskins omhult je baby met natuurlijke warmte en geborgenheid. Dit zachte en stijlvolle jasje is perfect als wollen babyjas voor buiten of als knusse badjas voor binnen. Dankzij de dubbele overslag met zachte koortjes sluit het jasje altijd mooi aan en blijft het comfortabel zitten, of je kleintje nu rustig ligt of beweegt.<\/p>\n<p data-start=\"445\" data-end=\"828\" data-is-last-node=\"\" data-is-only-node=\"\">Hergestellt aus <strong>zuivere scheerwol<\/strong>\u00a0is het jasje ademend en temperatuurregulerend: warm in de winter en verkoelend in de zomer. De wol is bovendien hypoallergeen en zelfreinigend, waardoor het extra zacht is voor de gevoelige babyhuid \u00e9n praktisch voor dagelijks gebruik. Zo voelt je baby zich in elk seizoen veilig, comfortabel en geborgen.<\/p>\n<p>Gr\u00f6\u00dfe: 12-24 Monate (siehe Produktbeschreibung der Gr\u00f6\u00dfe unten)<\/p>\n<p>Neu eingetroffen! Weitere Detailfotos folgen. F\u00fcr Fragen oder mehr Details \u00fcber dieses Produkt senden Sie uns eine Whatsapp auf Nummer +31202044557<\/p>\n<p><strong>Marke: Woolskins<\/strong><br \/>\n<strong>Produktion: Polen<br \/>\n<\/strong><\/p>","protected":false},"featured_media":25915,"comment_status":"open","ping_status":"closed","template":"","meta":{"_acf_changed":false},"product_brand":[],"product_cat":[360,364,200,337,194],"product_tag":[],"class_list":{"0":"post-25910","1":"product","2":"type-product","3":"status-publish","4":"has-post-thumbnail","6":"product_cat-cadeautips","7":"product_cat-cadeaus-vanaf-e50","8":"product_cat-wollen-babykleding","9":"product_cat-vestjes","10":"product_cat-wollen-babyproducten","12":"first","13":"instock","14":"taxable","15":"shipping-taxable","16":"purchasable","17":"product-type-simple"},"acf":[],"_links":{"self":[{"href":"https:\/\/woolskins.eu\/de_ch\/wp-json\/wp\/v2\/product\/25910","targetHints":{"allow":["GET"]}}],"collection":[{"href":"https:\/\/woolskins.eu\/de_ch\/wp-json\/wp\/v2\/product"}],"about":[{"href":"https:\/\/woolskins.eu\/de_ch\/wp-json\/wp\/v2\/types\/product"}],"replies":[{"embeddable":true,"href":"https:\/\/woolskins.eu\/de_ch\/wp-json\/wp\/v2\/comments?post=25910"}],"wp:featuredmedia":[{"embeddable":true,"href":"https:\/\/woolskins.eu\/de_ch\/wp-json\/wp\/v2\/media\/25915"}],"wp:attachment":[{"href":"https:\/\/woolskins.eu\/de_ch\/wp-json\/wp\/v2\/media?parent=25910"}],"wp:term":[{"taxonomy":"product_brand","embeddable":true,"href":"https:\/\/woolskins.eu\/de_ch\/wp-json\/wp\/v2\/product_brand?post=25910"},{"taxonomy":"product_cat","embeddable":true,"href":"https:\/\/woolskins.eu\/de_ch\/wp-json\/wp\/v2\/product_cat?post=25910"},{"taxonomy":"product_tag","embeddable":true,"href":"https:\/\/woolskins.eu\/de_ch\/wp-json\/wp\/v2\/product_tag?post=25910"}],"curies":[{"name":"wp","href":"https:\/\/api.w.org\/{rel}","templated":true}]}}