{"id":25512,"date":"2025-07-09T09:45:59","date_gmt":"2025-07-09T09:45:59","guid":{"rendered":"https:\/\/woolskins.eu\/?post_type=product&#038;p=25512"},"modified":"2025-09-26T09:35:22","modified_gmt":"2025-09-26T09:35:22","slug":"baby-wollpullover-100-merinowolle-hellgrau","status":"publish","type":"product","link":"https:\/\/woolskins.eu\/de_ch\/wollen-babytruitje-100-merinowol-lichtgrijs\/","title":{"rendered":"Baby-Wollpullover 100% Merinowolle | Hellgrau"},"content":{"rendered":"<p data-start=\"290\" data-end=\"373\"><strong data-start=\"290\" data-end=\"373\">Weich, warm und nat\u00fcrlich - der Babypullover aus Wolle, der mit Ihrem Kind w\u00e4chst<\/strong><\/p>\n<p data-start=\"375\" data-end=\"699\">Stellen Sie sich vor, Ihr Baby liegt zufrieden in Ihren Armen oder macht seine ersten Erkundungsbewegungen - warm und sicher in einem Pullover, der sich wie ein Kuscheltier anf\u00fchlt. Dieser <em data-start=\"537\" data-end=\"558\">Baby-Pullover aus Wolle<\/em>, aus 100% italienischer Merinowolle ist so weich, dass man fast vergisst, dass sie aus Wolle besteht. Kein Juckreiz, kein Aufhebens - nur purer Komfort.<\/p>\n<p data-start=\"701\" data-end=\"984\">Die von uns verwendete Merinowolle stammt aus Europa und ist f\u00fcr ihre nat\u00fcrliche Weichheit, Atmungsaktivit\u00e4t und Temperaturregulierung bekannt. Das macht diesen Pullover f\u00fcr alle Jahreszeiten geeignet: warm im Winter, luftig im Sommer. Ideal f\u00fcr Babys, die noch lernen zu regulieren.<\/p>\n<p data-start=\"986\" data-end=\"1032\">Was diesen Wollpullover f\u00fcr Babys so besonders macht:<\/p>\n<ul data-start=\"1033\" data-end=\"1427\">\n<li data-start=\"1033\" data-end=\"1107\">\n<p data-start=\"1035\" data-end=\"1107\"><strong data-start=\"1035\" data-end=\"1068\">Ultra-weich und hautfreundlich<\/strong> - perfekt f\u00fcr empfindliche Babyhaut<\/p>\n<\/li>\n<li data-start=\"1108\" data-end=\"1202\">\n<p data-start=\"1110\" data-end=\"1202\"><strong data-start=\"1110\" data-end=\"1146\">Atmungsaktiv und temperaturregulierend<\/strong> - verhindert \u00dcberhitzung und h\u00e4lt Ihr Baby warm<\/p>\n<\/li>\n<li data-start=\"1203\" data-end=\"1278\">\n<p data-start=\"1205\" data-end=\"1278\"><strong data-start=\"1205\" data-end=\"1222\">Selbstreinigend<\/strong> - L\u00fcften reicht oft aus, Waschen ist selten n\u00f6tig<\/p>\n<\/li>\n<li data-start=\"1279\" data-end=\"1348\">\n<p data-start=\"1281\" data-end=\"1348\"><strong data-start=\"1281\" data-end=\"1307\">Dehnbar und bequem<\/strong> - bewegt sich mit jedem wackelnden Arm<\/p>\n<\/li>\n<li data-start=\"1349\" data-end=\"1427\">\n<p data-start=\"1351\" data-end=\"1427\"><strong data-start=\"1351\" data-end=\"1385\">Fair produziert in Europa<\/strong> - mit Respekt f\u00fcr Mensch, Tier und Natur<\/p>\n<\/li>\n<\/ul>\n<p data-start=\"1429\" data-end=\"1623\">Ob als erste Schicht auf der Haut oder als w\u00e4rmende oberste Schicht getragen, dieser Pullover aus Babywolle bietet Ihrem Kind jeden Tag Komfort und Schutz auf eine Weise, die sich ganz nat\u00fcrlich anf\u00fchlt.<\/p>\n<p data-start=\"1625\" data-end=\"2000\"><strong data-start=\"1625\" data-end=\"1669\">Warum einen Pullover aus Wolle f\u00fcr Babys w\u00e4hlen?<\/strong><br data-start=\"1669\" data-end=\"1672\" \/>Wolle ist eines der beliebtesten Materialien f\u00fcr Babykleidung - und das aus gutem Grund. Merinowolle ist von Natur aus antibakteriell, geruchsabweisend und hilft, die Haut trocken und temperiert zu halten. Sie muss kaum gewaschen werden, beh\u00e4lt ihre Form und ist vollst\u00e4ndig biologisch abbaubar. Eine bewusste und praktische Wahl.<\/p>\n<p data-start=\"2002\" data-end=\"2163\"><strong data-start=\"2002\" data-end=\"2010\">Tipp:<\/strong> Kombiniert mit der passenden Wollunterhose ergibt sich ein komplettes Set, in dem sich Ihr Baby wunderbar frei bewegen kann - und dabei auch noch wundersch\u00f6n aussieht.<\/p>","protected":false},"excerpt":{"rendered":"<p><strong data-start=\"131\" data-end=\"202\">Baby-Wollpullover aus Merinowolle 100% - weich, atmungsaktiv und zeitlos<\/strong><br data-start=\"202\" data-end=\"205\" \/>Diese herrlich weiche <em data-start=\"225\" data-end=\"246\">Baby-Pullover aus Wolle<\/em> wird aus 100% italienischer Merinowolle hergestellt. Die Wolle ist atmungsaktiv, temperaturausgleichend und f\u00fchlt sich selbst auf der empfindlichsten Babyhaut angenehm an. Warm im Winter, k\u00fchl im Sommer. Der Pullover ist leicht, dehnbar und bewegt sich geschmeidig mit Ihrem Baby. Nachhaltig und mit Liebe in Europa hergestellt - ein nat\u00fcrliches Kleidungsst\u00fcck f\u00fcr jeden Tag. Erh\u00e4ltlich in vier Farben, ecru, beige, hellgrau und blassrosa in den Gr\u00f6\u00dfen 2-6 Monate. &amp; 6-12 Monate.<\/p>\n<p><strong>Marke: Woolskins<\/strong><br \/>\n<strong>Erzeugnis: Polen<\/strong><\/p>","protected":false},"featured_media":25515,"comment_status":"open","ping_status":"closed","template":"","meta":{"_acf_changed":false},"product_brand":[],"product_cat":[360,364,200,499,337,344,194],"product_tag":[],"class_list":{"0":"post-25512","1":"product","2":"type-product","3":"status-publish","4":"has-post-thumbnail","6":"product_cat-cadeautips","7":"product_cat-cadeaus-vanaf-e50","8":"product_cat-wollen-babykleding","9":"product_cat-new-arrivals","10":"product_cat-vestjes","11":"product_cat-kleertjes","12":"product_cat-wollen-babyproducten","13":"pa_maat-2-6-maanden","14":"pa_maat-6-12-maanden","16":"first","17":"instock","18":"taxable","19":"shipping-taxable","20":"purchasable","21":"product-type-variable"},"acf":[],"_links":{"self":[{"href":"https:\/\/woolskins.eu\/de_ch\/wp-json\/wp\/v2\/product\/25512","targetHints":{"allow":["GET"]}}],"collection":[{"href":"https:\/\/woolskins.eu\/de_ch\/wp-json\/wp\/v2\/product"}],"about":[{"href":"https:\/\/woolskins.eu\/de_ch\/wp-json\/wp\/v2\/types\/product"}],"replies":[{"embeddable":true,"href":"https:\/\/woolskins.eu\/de_ch\/wp-json\/wp\/v2\/comments?post=25512"}],"wp:featuredmedia":[{"embeddable":true,"href":"https:\/\/woolskins.eu\/de_ch\/wp-json\/wp\/v2\/media\/25515"}],"wp:attachment":[{"href":"https:\/\/woolskins.eu\/de_ch\/wp-json\/wp\/v2\/media?parent=25512"}],"wp:term":[{"taxonomy":"product_brand","embeddable":true,"href":"https:\/\/woolskins.eu\/de_ch\/wp-json\/wp\/v2\/product_brand?post=25512"},{"taxonomy":"product_cat","embeddable":true,"href":"https:\/\/woolskins.eu\/de_ch\/wp-json\/wp\/v2\/product_cat?post=25512"},{"taxonomy":"product_tag","embeddable":true,"href":"https:\/\/woolskins.eu\/de_ch\/wp-json\/wp\/v2\/product_tag?post=25512"}],"curies":[{"name":"wp","href":"https:\/\/api.w.org\/{rel}","templated":true}]}}