{"id":25319,"date":"2025-06-17T12:58:53","date_gmt":"2025-06-17T12:58:53","guid":{"rendered":"https:\/\/woolskins.eu\/?post_type=product&#038;p=25319"},"modified":"2025-12-17T11:40:25","modified_gmt":"2025-12-17T11:40:25","slug":"zaffiro-mehrzweck-woll-wickeldecke-gefilzt-hellgrau","status":"publish","type":"product","link":"https:\/\/woolskins.eu\/de_ch\/zaffiro-multifunctionele-wollen-wikkeldeken-felted-lichtgrijs\/","title":{"rendered":"Zaffiro | Multifunktionale Woll-Wickeldecke | Gefilzt Hellgrau"},"content":{"rendered":"<p data-start=\"265\" data-end=\"343\"><strong>Woll-Wickeldecke f\u00fcr Babys - Nat\u00fcrlich warm und sicher mit Zaffiro<\/strong><\/p>\n<p data-start=\"345\" data-end=\"628\">Die Baby-Wickeldecke aus Wolle von Zaffiro ist die ideale Wahl f\u00fcr Eltern, die eine nat\u00fcrliche und atmungsaktive Baby-Decke suchen. Diese vielseitige Babydecke kann im Autositz, im Kinderwagen, im Moseskorb oder einfach zu Hause verwendet werden. Die aus 100% nat\u00fcrlicher Schafwolle hergestellte Decke bietet eine hervorragende Temperaturregulierung. Wollfasern wirken wie ein nat\u00fcrlicher Thermostat: Sie halten Ihr Baby bei K\u00e4lte warm und sorgen daf\u00fcr, dass Ihr Baby nicht \u00fcberhitzt. So bleibt Ihr Baby immer trocken, bequem und hat immer die richtige Temperatur, egal zu welcher Jahreszeit. Die Wolle ist von Natur aus hypoallergen, antibakteriell und selbstreinigend. Das bedeutet, dass die Decke Ger\u00fcche neutralisiert, Schmutz abweist und hygienisch bleibt, ohne dass sie h\u00e4ufig gewaschen werden muss. Dank der cleveren Gurt\u00f6ffnungen ist die Wickeldecke f\u00fcr alle Arten von Sicherheitsgurten in Autositzen und Kinderwagen geeignet - einfach und sicher in der Anwendung.<\/p>\n<p>- 100% Premium-Schurwolle, gefilzt, doppellagig.<br \/>\n- Geeignet f\u00fcr 0-12 Monate.<br \/>\n- Kordelzug im Kragen zum Schutz des Kopfes des Kindes.<br \/>\n- Praktische \u00d6ffnungen f\u00fcr die Sicherheitsgurte (3 &amp; 5-Punkt).<br \/>\n- L\u00e4nge 112<span style=\"color: #000000;\"> cm x Breite 112 cm.<\/span><br \/>\n- waschbar bei 30\u00b0C im Wollwaschgang.<\/p>\n<p data-start=\"218\" data-end=\"276\"><strong>\u00dcber Zaffiro - Handwerkskunst und Verbindung seit 1989<\/strong><\/p>\n<p data-start=\"278\" data-end=\"558\">Zaffiro ist ein polnisches Familienunternehmen, das sich seit 1989 der Herstellung hochwertiger Baby- und Kinderprodukte widmet. Zaffiro exportiert in mehr als 40 L\u00e4nder weltweit und ist bekannt f\u00fcr Produkte, die die Eltern-Kind-Bindung, den Komfort und die Sicherheit in den Mittelpunkt ihres Gesch\u00e4fts stellen. Die Marke wurde aus der \u00dcberzeugung heraus gegr\u00fcndet, dass die ersten Momente mit dem Baby entscheidend f\u00fcr die Bindung sind. Deshalb entwickelt Zaffiro Produkte, die Eltern in dieser besonderen Zeit unterst\u00fctzen - vom ergonomischen Tragetuch bis zur Decke aus Naturwolle. Wir verbinden uralte Traditionen, wie das Tragen von Babys \u2018von Herz zu Herz\u2019, mit Erkenntnissen aus der modernen psychologischen Forschung. So schaffen wir praktische, liebevolle und sichere L\u00f6sungen f\u00fcr einen warmen Start ins Leben.<\/p>","protected":false},"excerpt":{"rendered":"<p data-start=\"250\" data-end=\"343\"><strong data-start=\"254\" data-end=\"343\">Wolltuch f\u00fcr Babys - geeignet f\u00fcr Zuhause, Maxi-Cosi, Autositz und Kinderwagen (0-12 Monate)<\/strong><\/p>\n<p data-start=\"345\" data-end=\"573\">Dieses hochwertige Mehrzweck-Babytuch aus Wolle eignet sich perfekt, um Ihr Neugeborenes oder Baby bis zu 12 Monaten sicher und warm einzuwickeln, egal ob Sie mit dem Maxi-Cosi, dem Kinderwagen, der Tragetasche oder einfach zu Hause unterwegs sind. Dieses Tuch aus 100% naturgefilzter Schafwolle ist bekannt f\u00fcr seine atmungsaktiven, temperaturregulierenden und hypoallergenen Eigenschaften. Die Wolle speichert die W\u00e4rme sehr gut, ohne Ihr Baby zu \u00fcberhitzen, und nimmt den Schwei\u00df leicht auf, so dass Ihr Baby sich sehr wohl f\u00fchlt. Dank der praktischen \u00d6ffnungen f\u00fcr 3- und 5-Punkt-Gurte l\u00e4sst sich das Tuch problemlos an fast allen Autositzen und Kinderwagen befestigen. So verbinden Sie Komfort mit Sicherheit, wo immer Sie sind.<\/p>\n<p data-start=\"1058\" data-end=\"1268\">Das Wolltuch ist ideal f\u00fcr Fr\u00fchling, Herbst und Winter. Auch sehr gut geeignet als Mutterschaftsgeschenk oder f\u00fcr Eltern, die Wert auf nat\u00fcrliche Materialien und Komfort f\u00fcr ihr Baby legen.<\/p>\n<div class=\"woocommerce-product-details__short-description\">\n<p><strong>Marke: Zaffiro<\/strong><br \/>\n<strong>Produktion: Polen<br \/>\nKeur: Oeko-Tex Standard<\/strong><\/p>\n<p><img loading=\"lazy\" decoding=\"async\" class=\"alignnone wp-image-28173 entered lazyloaded\" src=\"https:\/\/woolskins.eu\/wp-content\/uploads\/2024\/05\/csm_OEKO-TEX_Logo_2022_rgb_c1aaeb5ceb-300x300.jpg\" alt=\"\" width=\"89\" height=\"89\" data-lazy-src=\"https:\/\/woolskins.eu\/wp-content\/uploads\/2024\/05\/csm_OEKO-TEX_Logo_2022_rgb_c1aaeb5ceb-300x300.jpg\" data-ll-status=\"loaded\" srcset=\"https:\/\/woolskins.eu\/wp-content\/uploads\/2024\/05\/csm_OEKO-TEX_Logo_2022_rgb_c1aaeb5ceb-300x300.jpg 300w, https:\/\/woolskins.eu\/wp-content\/uploads\/2024\/05\/csm_OEKO-TEX_Logo_2022_rgb_c1aaeb5ceb-150x150.jpg 150w, https:\/\/woolskins.eu\/wp-content\/uploads\/2024\/05\/csm_OEKO-TEX_Logo_2022_rgb_c1aaeb5ceb-768x769.jpg 768w, https:\/\/woolskins.eu\/wp-content\/uploads\/2024\/05\/csm_OEKO-TEX_Logo_2022_rgb_c1aaeb5ceb-12x12.jpg 12w, https:\/\/woolskins.eu\/wp-content\/uploads\/2024\/05\/csm_OEKO-TEX_Logo_2022_rgb_c1aaeb5ceb-600x601.jpg 600w, https:\/\/woolskins.eu\/wp-content\/uploads\/2024\/05\/csm_OEKO-TEX_Logo_2022_rgb_c1aaeb5ceb-100x100.jpg 100w, https:\/\/woolskins.eu\/wp-content\/uploads\/2024\/05\/csm_OEKO-TEX_Logo_2022_rgb_c1aaeb5ceb-64x64.jpg 64w, https:\/\/woolskins.eu\/wp-content\/uploads\/2024\/05\/csm_OEKO-TEX_Logo_2022_rgb_c1aaeb5ceb.jpg 885w\" sizes=\"auto, (max-width: 89px) 100vw, 89px\" \/><\/p>\n<\/div>","protected":false},"featured_media":25335,"comment_status":"open","ping_status":"closed","template":"","meta":{"_acf_changed":false},"product_brand":[],"product_cat":[502,499,370,336,321],"product_tag":[],"class_list":{"0":"post-25319","1":"product","2":"type-product","3":"status-publish","4":"has-post-thumbnail","6":"product_cat-zaffiro","7":"product_cat-new-arrivals","8":"product_cat-slaapzakken","9":"product_cat-voetenzakken","10":"product_cat-wikkeldekens","12":"first","13":"instock","14":"taxable","15":"shipping-taxable","16":"purchasable","17":"product-type-simple"},"acf":[],"_links":{"self":[{"href":"https:\/\/woolskins.eu\/de_ch\/wp-json\/wp\/v2\/product\/25319","targetHints":{"allow":["GET"]}}],"collection":[{"href":"https:\/\/woolskins.eu\/de_ch\/wp-json\/wp\/v2\/product"}],"about":[{"href":"https:\/\/woolskins.eu\/de_ch\/wp-json\/wp\/v2\/types\/product"}],"replies":[{"embeddable":true,"href":"https:\/\/woolskins.eu\/de_ch\/wp-json\/wp\/v2\/comments?post=25319"}],"wp:featuredmedia":[{"embeddable":true,"href":"https:\/\/woolskins.eu\/de_ch\/wp-json\/wp\/v2\/media\/25335"}],"wp:attachment":[{"href":"https:\/\/woolskins.eu\/de_ch\/wp-json\/wp\/v2\/media?parent=25319"}],"wp:term":[{"taxonomy":"product_brand","embeddable":true,"href":"https:\/\/woolskins.eu\/de_ch\/wp-json\/wp\/v2\/product_brand?post=25319"},{"taxonomy":"product_cat","embeddable":true,"href":"https:\/\/woolskins.eu\/de_ch\/wp-json\/wp\/v2\/product_cat?post=25319"},{"taxonomy":"product_tag","embeddable":true,"href":"https:\/\/woolskins.eu\/de_ch\/wp-json\/wp\/v2\/product_tag?post=25319"}],"curies":[{"name":"wp","href":"https:\/\/api.w.org\/{rel}","templated":true}]}}